{"id":16949,"date":"2019-02-15T12:00:29","date_gmt":"2019-02-15T12:00:29","guid":{"rendered":"https:\/\/www.frauenkulturbuero-nrw.de\/?page_id=16949"},"modified":"2026-02-19T13:35:27","modified_gmt":"2026-02-19T13:35:27","slug":"stipendiatinnenkonzert-2","status":"publish","type":"page","link":"https:\/\/www.frauenkulturbuero-nrw.de\/?page_id=16949","title":{"rendered":"Stipendiatinnenkonzerte"},"content":{"rendered":"<h1>Konzerte 2020<\/h1>\n<p>Im Herbst 2020 veranstaltet das Frauenkulturb\u00fcro erneut im Rahmen des F\u00f6rderprogramms &#8222;Stipendien Pr\u00e4senz vor Ort f\u00fcr Musikerinnen mit Kindern&#8220; des Landes NRW Stipendiatinnenkonzerte mit den Musikerinnen Helen Bledsoe (Fl\u00f6tistin), Laia Genc (Jazzpianistin) und Barbara Streil (Violinistin).<\/p>\n<h1>Gesicht | Gesang<\/h1>\n<h2>am 16.12.2020, Alte Feuerwache K\u00f6ln<\/h2>\n<p><img fetchpriority=\"high\" decoding=\"async\" class=\"aligncenter wp-image-19263 size-medium\" src=\"https:\/\/www.frauenkulturbuero-nrw.de\/wp-content\/uploads\/HelenBledsoe_karte-284x400.jpg\" alt=\"\" width=\"284\" height=\"400\" srcset=\"https:\/\/www.frauenkulturbuero-nrw.de\/wp-content\/uploads\/HelenBledsoe_karte-284x400.jpg 284w, https:\/\/www.frauenkulturbuero-nrw.de\/wp-content\/uploads\/HelenBledsoe_karte-426x600.jpg 426w, https:\/\/www.frauenkulturbuero-nrw.de\/wp-content\/uploads\/HelenBledsoe_karte-250x353.jpg 250w, https:\/\/www.frauenkulturbuero-nrw.de\/wp-content\/uploads\/HelenBledsoe_karte-390x550.jpg 390w, https:\/\/www.frauenkulturbuero-nrw.de\/wp-content\/uploads\/HelenBledsoe_karte.jpg 595w\" sizes=\"(max-width: 284px) 100vw, 284px\" \/><\/p>\n<h3>Helen Bledsoe \u2013 Konzept, Musik, Fl\u00f6ten und Elektronik<br \/>\nCarla Jord\u00e3o \u2013 Choreographie und Tanz<br \/>\nLea Letzel \u2013 Licht<br \/>\nTimm Roller \u2013 Klangregie<\/h3>\n<h4><span class=\"legende\">Leider kann das Konzert coronabedingt nicht wie geplant vor mit Publikum stattfinden. Wir freuen uns jedoch, hier am 16.12.2020 um 19:30 Uhr ein Videokonzert einspielen zu k\u00f6nnen.<\/span><\/h4>\n<h1>Inspirations from B\u00e9la Bart\u00f3k<\/h1>\n<h2>am 16.10.2020 im LOFT K\u00f6ln<\/h2>\n<h1><img decoding=\"async\" class=\"aligncenter wp-image-19256 size-medium\" src=\"https:\/\/www.frauenkulturbuero-nrw.de\/wp-content\/uploads\/LaiaGenc_karte-284x400.jpg\" alt=\"\" width=\"284\" height=\"400\" srcset=\"https:\/\/www.frauenkulturbuero-nrw.de\/wp-content\/uploads\/LaiaGenc_karte-284x400.jpg 284w, https:\/\/www.frauenkulturbuero-nrw.de\/wp-content\/uploads\/LaiaGenc_karte-426x600.jpg 426w, https:\/\/www.frauenkulturbuero-nrw.de\/wp-content\/uploads\/LaiaGenc_karte-250x353.jpg 250w, https:\/\/www.frauenkulturbuero-nrw.de\/wp-content\/uploads\/LaiaGenc_karte-390x550.jpg 390w, https:\/\/www.frauenkulturbuero-nrw.de\/wp-content\/uploads\/LaiaGenc_karte.jpg 595w\" sizes=\"(max-width: 284px) 100vw, 284px\" \/><\/h1>\n<h3>Laia Genc \u2013 Klavier, Arrangements und Komposition<br \/>\nLeonhard Huhn \u2013 Saxophon und Elektronik<br \/>\nFlorian Herzog \u2013 Bass<br \/>\nAlinde \u2013 Streichquartett<\/h3>\n<h4><b>Das Konzert wird live gestreamt: <a href=\"https:\/\/youtu.be\/JXBRDOnph0k\">https:\/\/youtu.be\/JXBRDOnph0k<\/a><\/b><\/h4>\n<h1>CARL TR\u00c4UMT<\/h1>\n<h2>am 23.10.2020 in der Kunststation St. Peter K\u00f6ln<\/h2>\n<p><img decoding=\"async\" class=\"aligncenter wp-image-19261 size-medium\" src=\"https:\/\/www.frauenkulturbuero-nrw.de\/wp-content\/uploads\/BarbarStreil_karte-284x400.jpg\" alt=\"\" width=\"284\" height=\"400\" srcset=\"https:\/\/www.frauenkulturbuero-nrw.de\/wp-content\/uploads\/BarbarStreil_karte-284x400.jpg 284w, https:\/\/www.frauenkulturbuero-nrw.de\/wp-content\/uploads\/BarbarStreil_karte-426x600.jpg 426w, https:\/\/www.frauenkulturbuero-nrw.de\/wp-content\/uploads\/BarbarStreil_karte-250x353.jpg 250w, https:\/\/www.frauenkulturbuero-nrw.de\/wp-content\/uploads\/BarbarStreil_karte-390x550.jpg 390w, https:\/\/www.frauenkulturbuero-nrw.de\/wp-content\/uploads\/BarbarStreil_karte.jpg 595w\" sizes=\"(max-width: 284px) 100vw, 284px\" \/><\/p>\n<h3>Barbara Streil, Laura Remmler,<br \/>\nAischa Lina L\u00f6bbert, Aron Torka,<br \/>\nEnrique Jimenez Asasello Quartett,<br \/>\nDoron Quartett, Chanson Trottoir,<br \/>\nHonolulu Star Productions<\/h3>\n<p>2020: vom Traumjahr zum Albtraum \u2013 nicht nur f\u00fcr mich! K\u00f6nnen Sie vielleicht luzide tr\u00e4umen?<br \/>\nWie auch immer.<br \/>\nNenne Dich nicht arm, wenn Deine Tr\u00e4ume nicht in Erf\u00fcllung gegangen sind; wirklich arm ist nur, der nie getr\u00e4umt hat.<br \/>\n(Marie von Ebner Eschenbach)<br \/>\nWenn man tr\u00e4umt, soll man auf nichts verzichten.<br \/>\n(Honor\u00e9 de Balzac)<br \/>\nWer unsere Tr\u00e4ume stiehlt, gibt uns den Tod.<br \/>\n(Konfuzius)<br \/>\nBinde deinen Karren an einen Stern.<br \/>\n(Leonardo da Vinci)<br \/>\nWir packen es an! Ein Abend rund ums Tr\u00e4umen.<\/p>\n<hr \/>\n<h1>Konzerte 2019<\/h1>\n<h2>Evelyn Buyken und das C\u00f6lner Barockorcheste<br \/>\n&#8222;Verehrt, geliebt, verkannt \u2013 Komponistinnen und Frauenbilder der Barockzeit&#8220;<\/h2>\n<p><strong><img loading=\"lazy\" decoding=\"async\" class=\"alignleft size-medium wp-image-16882\" title=\"Postkarte\" src=\"https:\/\/www.frauenkulturbuero-nrw.de\/wp-content\/uploads\/Postkarte-284x400.jpg\" alt=\"\" width=\"284\" height=\"400\" \/><\/strong><\/p>\n<p><strong>am 31. M\u00e4rz 2019, 15:30 Uhr &#8211; 17:00 Uhr\u00a0<\/strong><\/p>\n<p><strong>in der<a href=\"https:\/\/www.landesmusikakademie-nrw.de\/kontakt\/\">\u00a0Landesmusikakademie NRW<\/a>,<\/strong><strong>\u00a0Heek-Nienborg<\/strong><\/p>\n<p><strong>Es spielen:<br \/>\n<\/strong><strong>Justyna Niznik, Katja Gr\u00fcttner \u2013 Violine<br \/>\n<\/strong><strong>Daniel Lind \u2013 Viola<br \/>\n<\/strong><strong>Evelyn Buyken \u2013 Cello<br \/>\n<\/strong><strong>Jane Lazarovic \u2013 Violone<br \/>\n<\/strong><strong>Klaus Mader \u2013 Laute<br \/>\n<\/strong><strong>Natalia Spehl \u2013 Cembalo<\/strong><\/p>\n<p>Das Konzert \u201cVerehrt, geliebt, verkannt \u2013 Komponistinnen und Frauenbilder der Barockzeit\u201c des C\u00f6lner Barockorchesters stellt italienische und franz\u00f6sische Komponistinnen vom Fr\u00fch- bis Sp\u00e4tbarock vor und l\u00e4sst uns den Einfallsreichtum, die G\u00fcte und St\u00e4rke dieser musikalischen Ideen sp\u00fcrbar werden.<\/p>\n<p>Komponistinnen aus der Barockzeit f\u00fchren in der aktuellen Musikkultur ein Leben im Abseits. Oft sind uns ihre Namen unbekannt, ihre Lebensdaten nicht \u00fcbermittelt und ihre Kompositionen vergessen. Hier treffen die Anliegen des Frauenkulturb\u00fcros und des C\u00f6lner Barockorchesters aufeinander \u2013 die Sichtbarmachung und Gleichstellung herausragender K\u00fcnstlerinnen.<\/p>\n<p>Frauen in der Musik ist ein durch die Frauenbewegung seit den 1970er Jahren in den Blick ger\u00fccktes Begriffsfeld. Auch wenn die \u00dcberlieferung von Komponistinnen und Musikerinnen l\u00fcckenhaft ist, fehlte zu keiner Zeit und nirgends in der Welt musiksch\u00f6pferisches und \u2013kulturelles Handeln von Frauen, weder im popul\u00e4ren Bereich, noch im Bereich der Kunstmusik. Gerade im Bereich der Alten Musik stehen Frauen im Schatten ihrer m\u00e4nnlichen Kollegen. Auf Grund der Auslegung des Paulinischen Gebots \u201eMulieres in ecclesiis taceant\u201c (Die Frauen sollen in euren Versammlungen schweigen.) entwickelte sich ein Musizierverbot f\u00fcr die Frau, welches nicht nur den geistlichen, sondern auch in den weltlichen Bereich wirkte. Dennoch haben Frauen zu jeder Zeit die M\u00f6glichkeiten gefunden sich musikalisch auszudr\u00fccken.<\/p>\n<p>Die nordrhein-westf\u00e4lischen Musikerinnen Evelyn Buyken, Sabine Akiko Ahrendt und Eva Luise Bolarinwa erhalten 2018 das \u201eStipendium f\u00fcr Musikerinnen mit Kindern \u2013 Pr\u00e4senz vor Ort\u201c. Mit diesem bundesweit einmaligen Stipendium erhalten die ausgew\u00e4hlten Musikerinnen monatlich 700 Euro, ohne ihren Aufenthaltsort ver\u00e4ndern zu m\u00fcssen. Das Stipendium wird alle zwei Jahre an herausragende K\u00fcnstlerinnen vergeben und wurde zum zweiten Mal in der Sparte Musik aus-geschrieben. Mit diesem Stipendium ist es f\u00fcr die Musikerinnen m\u00f6glich, k\u00fcnstlerisches Schaffen an ihrem Wohnort mit famili\u00e4ren Verpflichtungen zu vereinbaren.<\/p>\n<p>Als Gr\u00fcnderin und Leiterin des C\u00f6lner Barockorchesters vereint die Cellistin und Gambistin Evelyn Buyken unterschiedlichste Facetten von kreativer, dramaturgischer und interpretierender Arbeit, indem sie von der musikalische Leitung \u00fcber kuratorisch-dramaturgische Programmentwicklung bis hin zur konzeptionellen Projektentwicklung das C\u00f6lner Barockorchester pr\u00e4gt und permanent weiterentwickelt. Neben ihrer musikalischen Exzellenz im Bereich historischer Auff\u00fchrungspraxis begleitet Evelyn Buyken ihre Arbeit auch wissenschaftlich, setzt sich mit der Spielweise und Form der Alten Musik auseinander und hinterfragt die Stellung des Musikerberufs sowohl im heutigen gesellschaftlichen Kontext als auch in vergangenen gesellschaftlichen Epochen.<\/p>\n<hr \/>\n<h2>Akiko Ahrendt and friends<br \/>\n&#8222;Musik ist mit wem du spielst&#8220; in der Kunststation St. Peter<\/h2>\n<h2><img loading=\"lazy\" decoding=\"async\" class=\"alignleft wp-image-16935 size-medium\" title=\"Akiko\" src=\"https:\/\/www.frauenkulturbuero-nrw.de\/wp-content\/uploads\/Akiko-400x267.jpg\" alt=\"\" width=\"400\" height=\"267\" srcset=\"https:\/\/www.frauenkulturbuero-nrw.de\/wp-content\/uploads\/Akiko-400x267.jpg 400w, https:\/\/www.frauenkulturbuero-nrw.de\/wp-content\/uploads\/Akiko-768x512.jpg 768w, https:\/\/www.frauenkulturbuero-nrw.de\/wp-content\/uploads\/Akiko-700x467.jpg 700w, https:\/\/www.frauenkulturbuero-nrw.de\/wp-content\/uploads\/Akiko-250x167.jpg 250w, https:\/\/www.frauenkulturbuero-nrw.de\/wp-content\/uploads\/Akiko-390x260.jpg 390w, https:\/\/www.frauenkulturbuero-nrw.de\/wp-content\/uploads\/Akiko.jpg 1280w\" sizes=\"(max-width: 400px) 100vw, 400px\" \/><\/h2>\n<p>Konzert der K\u00f6lner Geigerin und Performerin <strong>Akiko Ahrendt<\/strong> im Rahmen des Stipendiums \u201ePr\u00e4senz vor Ort\u201c\u00a0 in der Kunststation Sankt Peter, Jabachstra\u00dfe 1, K\u00f6ln<br \/>\n*mit Jennifer D\u00f6ring, Karoline Strys, Yoshiro Shimizu,\u00a0Mamoru Fujieda,\u00a0Steffen Krebber, Johann Sebastian Bach, Fran\u00e7ois Sarhan, Annegret Mayer-Lindenberg, Carola Bauckholt, Maximiliano Estudies, Lea Letztel, Dominik Susteck, Florian Zwi\u00dfler ,\u00a0Vladimir Guicheff Bogacz, Malena Rivarola, Nathan Bontrager, Simon Rummel<\/p>\n<p><a href=\"https:\/\/www.frauenkulturbuero-nrw.de\/wp-content\/uploads\/Programmheft_Akiko_Ahrendt.pdf\">Programmheft<\/a><\/p>\n<hr \/>\n<h2>Eva Bolarinwa und das Trio Sonartis<\/h2>\n<p>Anl\u00e4sslich der Verleihung der Stipendien \u201ePr\u00e4senz vor Ort\u201c an die Musikerinnen\u00a0<strong>Eva Bolarinwa<\/strong>,\u00a0<strong>Sabine Akiko Ahrendt<\/strong> und\u00a0<strong>Dr. Evelyn Buyken<\/strong>\u00a0lud das FKB am 4. Mai zu einer Festveranstaltung in den Kammermusiksaal des Beethovenhauses Bonn ein. Staatssekret\u00e4rin Annette Storsberg gratulierte den Stipendiatinnen.<\/p>\n<p><img loading=\"lazy\" decoding=\"async\" class=\"size-medium wp-image-11445 alignleft\" title=\"Header Bonn quadratisch\" src=\"https:\/\/www.frauenkulturbuero-nrw.de\/wp-content\/uploads\/Header-Bonn-quadratisch-284x400.jpg\" sizes=\"(max-width: 284px) 100vw, 284px\" srcset=\"https:\/\/www.frauenkulturbuero-nrw.de\/wp-content\/uploads\/Header-Bonn-quadratisch-284x400.jpg 284w, https:\/\/www.frauenkulturbuero-nrw.de\/wp-content\/uploads\/Header-Bonn-quadratisch-426x600.jpg 426w, https:\/\/www.frauenkulturbuero-nrw.de\/wp-content\/uploads\/Header-Bonn-quadratisch-250x352.jpg 250w, https:\/\/www.frauenkulturbuero-nrw.de\/wp-content\/uploads\/Header-Bonn-quadratisch-390x550.jpg 390w, https:\/\/www.frauenkulturbuero-nrw.de\/wp-content\/uploads\/Header-Bonn-quadratisch.jpg 596w\" alt=\"\" width=\"284\" height=\"400\" \/><\/p>\n<p><strong>Programm am 4. Mai 2018<\/strong><br \/>\nKonzert\u00a0<a href=\"http:\/\/www.triosonartis.com\/TrioSonartis_deutsch\/Home.html\" target=\"_blank\" rel=\"noopener noreferrer\">Trio Sonartis<\/a><br \/>\nmit Eva Luise Bolarinwa (Klarinette),\u00a0Anna Guy\u00e9not (Klavier), Julia Bilat (Cello)<br \/>\nTrio op. 11 von\u00a0 Ludwig van Beethoven<br \/>\nTrio op. 3 von Alexander von Zemlinsky<\/p>\n","protected":false},"excerpt":{"rendered":"<p>31.3.19 in Heek: Stipendiatinnenkonzert mit Evelyn Buyken <\/p>\n","protected":false},"author":4,"featured_media":16932,"parent":64,"menu_order":63,"comment_status":"closed","ping_status":"closed","template":"","meta":{"footnotes":""},"class_list":["post-16949","page","type-page","status-publish","has-post-thumbnail","hentry"],"_links":{"self":[{"href":"https:\/\/www.frauenkulturbuero-nrw.de\/index.php?rest_route=\/wp\/v2\/pages\/16949","targetHints":{"allow":["GET"]}}],"collection":[{"href":"https:\/\/www.frauenkulturbuero-nrw.de\/index.php?rest_route=\/wp\/v2\/pages"}],"about":[{"href":"https:\/\/www.frauenkulturbuero-nrw.de\/index.php?rest_route=\/wp\/v2\/types\/page"}],"author":[{"embeddable":true,"href":"https:\/\/www.frauenkulturbuero-nrw.de\/index.php?rest_route=\/wp\/v2\/users\/4"}],"replies":[{"embeddable":true,"href":"https:\/\/www.frauenkulturbuero-nrw.de\/index.php?rest_route=%2Fwp%2Fv2%2Fcomments&post=16949"}],"version-history":[{"count":5,"href":"https:\/\/www.frauenkulturbuero-nrw.de\/index.php?rest_route=\/wp\/v2\/pages\/16949\/revisions"}],"predecessor-version":[{"id":22606,"href":"https:\/\/www.frauenkulturbuero-nrw.de\/index.php?rest_route=\/wp\/v2\/pages\/16949\/revisions\/22606"}],"up":[{"embeddable":true,"href":"https:\/\/www.frauenkulturbuero-nrw.de\/index.php?rest_route=\/wp\/v2\/pages\/64"}],"wp:featuredmedia":[{"embeddable":true,"href":"https:\/\/www.frauenkulturbuero-nrw.de\/index.php?rest_route=\/wp\/v2\/media\/16932"}],"wp:attachment":[{"href":"https:\/\/www.frauenkulturbuero-nrw.de\/index.php?rest_route=%2Fwp%2Fv2%2Fmedia&parent=16949"}],"curies":[{"name":"wp","href":"https:\/\/api.w.org\/{rel}","templated":true}]}}