{"id":20081,"date":"2021-04-23T07:23:52","date_gmt":"2021-04-23T07:23:52","guid":{"rendered":"https:\/\/www.frauenkulturbuero-nrw.de\/?page_id=20081"},"modified":"2026-03-11T15:40:16","modified_gmt":"2026-03-11T15:40:16","slug":"kooperation-mit-ewva","status":"publish","type":"page","link":"https:\/\/www.frauenkulturbuero-nrw.de\/?page_id=20081","title":{"rendered":"Kooperation mit EWVA"},"content":{"rendered":"<div class=\"page__section\">\n<div class=\"page__content\">\n<h1>Das Frauenkulturb\u00fcro ist Schirmherrin \u00fcber das K\u00fcnstlerinnenprojekt<br \/>\n<a href=\"http:\/\/curated-affairs.de\/projekte\/beuys-girls\/\">BEUYS &amp; GIRLS \u2013 Curated Affairs (curated-affairs.de)<\/a> und f\u00f6rdert das Netzwerk EWVA (Equality for Women in visual art) <a href=\"https:\/\/www.inselhombroich.de\/de\/veranstaltungen\/ewva-equality-for-women-in-visual-arts-let-s-talk-impulssymposium\">Stiftung Insel Hombroich \u2013 Museum Insel Hombroich \u2013 Kulturraum Hombroich<\/a><\/h1>\n<h3>Die Vielfalt der Projekte im Rheinland zur Unterrepr\u00e4sentanz von K\u00fcnstlerinnen markieren wir mit dem gemeinsamen Hashtag #WomenNow<\/h3>\n<h1 style=\"margin-top: 1.71429rem; margin-bottom: 1.71429rem;\"><img fetchpriority=\"high\" decoding=\"async\" class=\"aligncenter wp-image-20082\" style=\"margin-top: 0.857143rem; margin-bottom: 0.857143rem; font-size: 14px; font-weight: 400; text-transform: none;\" title=\"Foto_Info_EWVA\" src=\"https:\/\/www.frauenkulturbuero-nrw.de\/wp-content\/uploads\/Foto_Info_EWVA.jpg\" alt=\"\" width=\"460\" height=\"345\" \/><\/h1>\n<p>&nbsp;<\/p>\n<h1 style=\"margin-top: 1.71429rem; margin-bottom: 1.71429rem;\"><img decoding=\"async\" class=\"aligncenter size-full wp-image-20087\" style=\"margin-top: 0.857143rem; margin-bottom: 0.857143rem;\" title=\"EWVA\" src=\"https:\/\/www.frauenkulturbuero-nrw.de\/wp-content\/uploads\/EWVA.jpg\" alt=\"\" width=\"698\" height=\"50\" srcset=\"https:\/\/www.frauenkulturbuero-nrw.de\/wp-content\/uploads\/EWVA.jpg 698w, https:\/\/www.frauenkulturbuero-nrw.de\/wp-content\/uploads\/EWVA-400x29.jpg 400w, https:\/\/www.frauenkulturbuero-nrw.de\/wp-content\/uploads\/EWVA-250x18.jpg 250w, https:\/\/www.frauenkulturbuero-nrw.de\/wp-content\/uploads\/EWVA-390x28.jpg 390w\" sizes=\"(max-width: 698px) 100vw, 698px\" \/><\/h1>\n<h1>LET&#8217;s TALK, Impulssymposium<\/h1>\n<h2><strong>Samstag, der 19. Juni 2021\u00a0<\/strong><br \/>\n<strong>14 &#8211; 19 Uhr<\/strong><br \/>\n<strong>Haus f\u00fcr Musiker,\u00a0Raketenstation Hombroich 12<\/strong><\/h2>\n<p><strong>Eingeladene G\u00e4ste und Initiativen sind \/ Invited guests and initiatives are:<\/strong><\/p>\n<ul>\n<li>Workshop<\/li>\n<\/ul>\n<p><strong>&#8222;Who writes his_ story?<\/strong>&#8220; Praktische Einf\u00fchrung in das Projekt mit Chris Regn\/ Daniela Brugger, Aktivistinnen und Performance-K\u00fcnstlerinnen aus Basel<\/p>\n<p>Teilnehmer*innen haben die M\u00f6glichkeit, sich mit Chris Regn Daniela Brugger die Kompetenz als Wikipedia-Autor*innen zu erarbeiten, um damit die Pr\u00e4senz von Frauen in der Kunstgeschichte zu st\u00e4rken. \/ Participants develop Wikipedia author skills to strengthen the presence of women in art history.<\/p>\n<p><a href=\"http:\/\/www.whowriteshistory.me\">www.whowriteshistory.me<\/a><\/p>\n<ul>\n<li>Performance<\/li>\n<\/ul>\n<p><strong>Takako Saito<\/strong>: Opera<\/p>\n<p>Partizipatorische Performance der 92-j\u00e4hrigen, in Japan geborenen und in D\u00fcsseldorf lebenden Fluxuspionierin Takako Saito \/ Japanese Fluxus artist from the very beginning. 92 years old, lives and works in Dusseldorf<\/p>\n<p><a href=\"http:\/\/www.takakosaito.com\">www.takakosaito.com<\/a><\/p>\n<ul>\n<li>Vortrag \/ Lecture Talk<\/li>\n<\/ul>\n<p><strong>Chris Regn\/Daniela Brugger<\/strong> referieren \u00fcber Wege und M\u00f6glichkeiten f\u00fcr die Sichtbarkeit von K\u00fcnstlerinnen anhand des Projektes \u201eWho writes His story?&#8220; \/ talks about ways and possibilities for the visibility of female artists based on the project &#8222;Who writes His_tory?&#8220;<\/p>\n<p><a href=\"http:\/\/www.whowriteshistory.me\">www.whowriteshistory.me<\/a><\/p>\n<ul>\n<li>Vortrag \/ Lecture Talk<\/li>\n<\/ul>\n<p><strong>Anais Roesch, AWARE<\/strong>\u2013 Archive of Women Artists, Research &amp; Exhibitions, Paris, seit 2014 setzt sich dieser Verein f\u00fcr die Sichbarkeit der K\u00fcnstlerinnen 20. Jahrhunderst ein\/ Since 2014, this association has been working for the visibility of 20th century women artists.<\/p>\n<p><a href=\"http:\/\/www.awarewomenartists.com\">www.awarewomenartists.com<\/a><\/p>\n<ul>\n<li>Vortrag \/ Lecture Talk<\/li>\n<\/ul>\n<p><strong>Gabriele Schor<\/strong> Sammlungs-Direktorin der \u00f6sterreichischen Sammlung VERBUND mit Schwerpunkt \u201eFeministische Avantgarde der 1970er Jahre \/ Collection Director of the Austrian VERBUND Collection, introduces the collection with a focus on \u201cFeminist Avantgarde of the 1970s\u201d\/ Vienna<\/p>\n<p><a href=\"https:\/\/www.verbund.com\/de-at\/ueber-verbund\/verantwortung\/kunstsammlung\">https:\/\/www.verbund.com\/de-at\/ueber-verbund\/verantwortung\/kunstsammlung<\/a><\/p>\n<ul>\n<li>Vortrag \/ Lecture Talk<\/li>\n<\/ul>\n<p><strong>Katy Hessel<\/strong>, London, aktive junge Kuratorin und Autorin, Gr\u00fcnderin von @the greatwomenartists &#8211; der Instagram Account mit 90k followers, der die Kunst von Frauen t\u00e4glich feiert. curator, author and founder of @ thegreatwomenartists- an Instagram account with 117k. followers that celebrates feminine art every day \/ London<\/p>\n<p><a href=\"http:\/\/www.thegreatwomenartists.com\">www.thegreatwomenartists.com<\/a><\/p>\n<ul>\n<li>Vortrag \/ Lecture Talk<\/li>\n<\/ul>\n<p><strong>Frank-Thorsten Moll<\/strong>, Direktor des IKOB \u2013 Museum f\u00fcr Zeitgen\u00f6ssische Kunst Eupen \/ Belgien, seit 2019 wird dort der IKOB &#8211; Kunstpreis f\u00fcr feministische Kunst ausgeschrieben \/ Director of the IKOB &#8211; Museum of Contemporary Art Eupen \/Belgium presents the IKOB &#8211; Art Prize for Feminist Art, which was awarded for the first time in 2019.<\/p>\n<p><a href=\"https:\/\/www.ikob.be\/\">https:\/\/www.ikob.be\/<\/a><\/p>\n<ul>\n<li>Panel Discussion<\/li>\n<\/ul>\n<p><strong>Was ist zu tun? What is to be done?<\/strong><\/p>\n<p>Die Vortragenden stellen sich in einer Diskussionsrunde den Fragen des Publikums \/The speakers will answer questions from the audience in a discussion round \/ Moderation: UlliSeegers, Heinrich-Heine-Universi\u00e4t, D\u00fcsseldorf<\/p>\n<p>Moderation:<\/p>\n<p><strong>Ulli Seegers, Heinrich-Heine-Universit\u00e4t D\u00fcsseldorf<\/strong><\/p>\n<ul>\n<li>Musikperformance<\/li>\n<\/ul>\n<p><strong>120DEN<\/strong> Das 2019 von den K\u00fcnstlerinnen Tina Tonagel, Gesine Grundmann, Cony Crumbach und Britta Fehrmann gegr\u00fcndete K\u00f6lner Damenquartett120 DEN spielt mit modifizierten Schaufensterpuppenbeinen, die durch Gitarrensaiten, Kontaktmikrophone und eingebaute Synthesizer-Elemente zueigenst\u00e4ndigen elektronischen Instrumenten werden. \/ The Cologne women&#8217;s quartet 120 DEN, founded in 2019, with visual artists Tina Tonagel, Gesine Grundmann, Conny Crumbach, Britta Fehrmann, plays with modified mannequin legs that become independent electronic instruments. \u00a0<a href=\"http:\/\/www.120den.de\/\">www.120den.de<\/a><\/p>\n<ul>\n<li>Begleitendes Programm<\/li>\n<li><strong>Studentinnen des Studienfachs &#8222;Kunstvermittlung und Kulturmanagement&#8220;<\/strong> <strong>Eva Franklin, Alexandra Kirschsieper, Theresa Rie\u00df, Lorraine Schnell <\/strong>der Heinrich-Heine-Universit\u00e4t D\u00fcsseldorf, Lehrstuhl Prof. Ulli Seegers, entwickeln ein Begleitprogramm \u201ewomenxart\u201c. Im Rahmen des MA Kunstvermittlung und Kulturmanagement haben sie es sich zur Aufgabe gemacht, auf die geschlechterbezogenen Ungleichheiten im Kunstmarkt aufmerksam zu machen. Es dreht sich um Gleichberechtigung, Gleichstellung und die Rolle der Frau*. Die gewonnenen Erkenntnisse, Erfahrungen und Meinungen pr\u00e4sentieren sie auf Instagram (@womenxart) sowie auf dem Symposium.<\/li>\n<\/ul>\n<p>Students of the subject &#8222;Art Education Cultural Management&#8220; of the Heinrich Heine University Dusseldorf, chair of Prof. Ulli Seegers, are developing an accompanying program called &#8222;womenxart&#8220;.<\/p>\n<p>. In the team project as part of the MA Art Education and Cultural Management, they have made it their task to draw attention to gender-related inequalities in the art market. It revolves around equal rights, equality and the role of women*. They are currently presenting the gained insights, experiences and opinions on Instagram (@womenxart) which will also be featured at the symposium.<\/p>\n<p><a href=\"http:\/\/www.instagram.com\/womenxart\">www.instagram.com\/womenxart<\/a><\/p>\n<ul>\n<li>Visuell begleitet wird das Symposium von den von K\u00fcnstler*innen f\u00fcr EWVA gestalteten <strong>Plakateditionen im \u00f6ffentlichen Raum <\/strong>Designs by: Tina Haase, Shila Khatami, Astrid Stricker, Evamaria Schaller, Karin Hochstatter, Stefanie Klingemann, Christine Reifenberger, Annebarbe Kau \/ Exhibition: Presentation of the &#8222;<strong>Poster Projects in Public Space<\/strong>&#8222;. Cologne 2018 \/ Berlin 2019. Designs by: Tina Haase, Shila Khatami, Astrid Stricker, Evamaria Schaller, Karin Hochstatter, Stefanie Klingemann, Christine Reifenberger, Annebarbe Kau<\/li>\n<\/ul>\n<p><a href=\"http:\/\/www.e-w-v-a.com\">www.e-w-v-a.com<\/a><\/p>\n<p><a href=\"http:\/\/www.instagram.com\/ewva_initiative\">www.instagram.com\/ewva_initiative<\/a><\/p>\n<p><strong>Kooperationspartner \/ Cooperation Partner:<\/strong><\/p>\n<p>Stiftung Insel Hombroich<\/p>\n<p>Frauenkulturb\u00fcro NRW<\/p>\n<p>Heinrich-Heine-Universit\u00e4t D\u00fcsseldorf\/ Lehrstuhl Prof. Ulli Seegers<\/p>\n<p><strong>gef\u00f6rdert von\/ supported by:<\/strong><\/p>\n<p>Stiftung Kulturwerk der VG Bild-Kunst, Bonn<\/p>\n<p>Frauenkulturb\u00fcro NRW<\/p>\n<p>&amp; private Sponsor*innen<\/p>\n<p>&nbsp;<\/p>\n<p>&nbsp;<\/p>\n<p>&nbsp;<\/p>\n<p>&nbsp;<\/p>\n<p>&nbsp;<\/p>\n<\/div>\n<\/div>\n<div class=\"page__section page__section--indented\"><\/div>\n","protected":false},"excerpt":{"rendered":"<p>LET&#8217;S TALK, Impulssymposium<br \/>\n19.6. Raketenstation Hombroich<\/p>\n","protected":false},"author":4,"featured_media":0,"parent":0,"menu_order":73,"comment_status":"closed","ping_status":"closed","template":"","meta":{"footnotes":""},"class_list":["post-20081","page","type-page","status-publish","hentry"],"_links":{"self":[{"href":"https:\/\/www.frauenkulturbuero-nrw.de\/index.php?rest_route=\/wp\/v2\/pages\/20081","targetHints":{"allow":["GET"]}}],"collection":[{"href":"https:\/\/www.frauenkulturbuero-nrw.de\/index.php?rest_route=\/wp\/v2\/pages"}],"about":[{"href":"https:\/\/www.frauenkulturbuero-nrw.de\/index.php?rest_route=\/wp\/v2\/types\/page"}],"author":[{"embeddable":true,"href":"https:\/\/www.frauenkulturbuero-nrw.de\/index.php?rest_route=\/wp\/v2\/users\/4"}],"replies":[{"embeddable":true,"href":"https:\/\/www.frauenkulturbuero-nrw.de\/index.php?rest_route=%2Fwp%2Fv2%2Fcomments&post=20081"}],"version-history":[{"count":5,"href":"https:\/\/www.frauenkulturbuero-nrw.de\/index.php?rest_route=\/wp\/v2\/pages\/20081\/revisions"}],"predecessor-version":[{"id":20288,"href":"https:\/\/www.frauenkulturbuero-nrw.de\/index.php?rest_route=\/wp\/v2\/pages\/20081\/revisions\/20288"}],"wp:attachment":[{"href":"https:\/\/www.frauenkulturbuero-nrw.de\/index.php?rest_route=%2Fwp%2Fv2%2Fmedia&parent=20081"}],"curies":[{"name":"wp","href":"https:\/\/api.w.org\/{rel}","templated":true}]}}