{"id":22110,"date":"2023-03-14T12:33:56","date_gmt":"2023-03-14T12:33:56","guid":{"rendered":"https:\/\/www.frauenkulturbuero-nrw.de\/?page_id=22110"},"modified":"2023-08-09T08:24:45","modified_gmt":"2023-08-09T08:24:45","slug":"familienvereinbarkeit-an-theatern","status":"publish","type":"page","link":"https:\/\/www.frauenkulturbuero-nrw.de\/?page_id=22110","title":{"rendered":"Familienvereinbarkeit an Theatern"},"content":{"rendered":"<h2><img fetchpriority=\"high\" decoding=\"async\" class=\"aligncenter wp-image-22586 size-medium\" src=\"https:\/\/www.frauenkulturbuero-nrw.de\/wp-content\/uploads\/Symposium_Social_media_Quadrat_1-1-400x400.jpg\" alt=\"\" width=\"400\" height=\"400\" srcset=\"https:\/\/www.frauenkulturbuero-nrw.de\/wp-content\/uploads\/Symposium_Social_media_Quadrat_1-1-400x400.jpg 400w, https:\/\/www.frauenkulturbuero-nrw.de\/wp-content\/uploads\/Symposium_Social_media_Quadrat_1-1-190x190.jpg 190w, https:\/\/www.frauenkulturbuero-nrw.de\/wp-content\/uploads\/Symposium_Social_media_Quadrat_1-1-768x768.jpg 768w, https:\/\/www.frauenkulturbuero-nrw.de\/wp-content\/uploads\/Symposium_Social_media_Quadrat_1-1-600x600.jpg 600w, https:\/\/www.frauenkulturbuero-nrw.de\/wp-content\/uploads\/Symposium_Social_media_Quadrat_1-1-1536x1536.jpg 1536w, https:\/\/www.frauenkulturbuero-nrw.de\/wp-content\/uploads\/Symposium_Social_media_Quadrat_1-1-2048x2048.jpg 2048w, https:\/\/www.frauenkulturbuero-nrw.de\/wp-content\/uploads\/Symposium_Social_media_Quadrat_1-1-250x250.jpg 250w, https:\/\/www.frauenkulturbuero-nrw.de\/wp-content\/uploads\/Symposium_Social_media_Quadrat_1-1-390x390.jpg 390w\" sizes=\"(max-width: 400px) 100vw, 400px\" \/><\/h2>\n<h1>Symposium vom 4.- 5. Mai 2023 am Theater Oberhausen<\/h1>\n<h2>&#8222;Familienvereinbarkeit in den Performing Arts&#8220;<\/h2>\n<p style=\"text-align: left;\" align=\"justify\">Wie k\u00f6nnen praxisorientierte L\u00f6sungen f\u00fcr Familienvereinbarkeit in Kulturbetrieben aussehen? Von dieser Frage geleitet, f\u00fchrte <a href=\"https:\/\/www.uni-hildesheim.de\/fb2\/institute\/kulturpolitik\/team\/scherer-henze\/\" target=\"_blank\" rel=\"noopener\">Prof.in Dr.in Nicola Scherer-Henze<\/a> vom Institut f\u00fcr Kulturpolitik an der Universit\u00e4t Hildesheim im Auftrag des Frauenkulturb\u00fcros ein Forschungsprojekt f\u00fcr den Bereich Theater durch. Zielsetzung war nicht nur familienfreundliche Bedingungen und Parameter fu\u0308r Theaterbetriebe zu erkennen und zu benennen, sondern diese systemisch modellhaft an einem Haus zu implementieren.<br \/>\nAm Er\u00f6ffnungsabend des Symposiums ( 4.Mai , 19.30 Uhr) wird u. a. Dr.in Scherer-Henze die Ergebnisse ihrer Studie vorstellen. Im Abschluss daran folgt <a href=\"https:\/\/www.ifs.uni-frankfurt.de\/personendetails\/alexandra-schauer.html\" target=\"_blank\" rel=\"noopener\">Dr:in Alexandra Schauer<\/a> vom Institut f\u00fcr Sozialforschung in Frankfurt mit ihrem Tedtalk &#8222;Es gelingt nicht mehr, ein gemeinsames Bewusstsein herauszubilden &#8211; Sp\u00e4tmoderner Weltverlust als sozialpolitische Herausforderung&#8220;.<br \/>\nAm zweiten Tag des Symposiums (5. Mai ab 10 Uhr) werden sechs Workshops das Thema Familienvereinbarkeit aus unterschiedlichen Blickwinkeln beleuchten und konkrete M\u00f6glichkeitsr\u00e4ume erarbeiten. Erg\u00e4nzt werden die Workshops am Nachmittag durch eine Diskussionsrunde, die sich mit Elternschaft im Theater besch\u00e4ftigt.<\/p>\n<h2 align=\"justify\"><a href=\"https:\/\/www.symposium-familienvereinbarkeit.de\/\" target=\"_blank\" rel=\"noopener\">https:\/\/www.symposium-familienvereinbarkeit.de\/<\/a><\/h2>\n<p><strong>Artikel in &#8222;Theater der Zeit&#8220; 06\/2023:<br \/>\n<a href=\"https:\/\/tdz.de\/artikel\/e9b8ef6d-a7d0-43dc-b9a7-d270eaa63107?fbclid=IwAR1r_WX5X01Y-jeMW_CgBivGvnj1pgdKbZCeyrkiLHEf2XIYL59DMvCNXTY\" target=\"_blank\" rel=\"noopener\">Bildet Allianzen! Das Symposium \u201eFamilienvereinbarkeit in den Performing Arts<\/a> in Oberhausen<\/strong><\/p>\n<p class=\"infotext\"><strong><span class=\"mediaSerial\">WDR 3 Resonanzen<\/span>\u00a0<span class=\"mediaDate\">03.05.2023<\/span>\u00a0<span class=\"mediaDuration\">12:57\u00a0<abbr title=\"Minuten\">Min.:<br \/>\n<\/abbr><\/span><a href=\"https:\/\/www1.wdr.de\/mediathek\/audio\/wdr3\/wdr3-resonanzen\/audio-familienvereinbarkeit-in-den-performing-arts-102.html\">Familienvereinbarkeit in den Performing Arts &#8211; WDR 3 Resonanzen &#8211; WDR 3 &#8211; Podcasts und Audios &#8211; Mediathek &#8211; WDR<\/a><\/strong><\/p>\n<p>&nbsp;<\/p>\n","protected":false},"excerpt":{"rendered":"<p>&#8211; Symposium am Theater Oberhausen, 4.- 5. Mai 2023<\/p>\n","protected":false},"author":4,"featured_media":22586,"parent":22512,"menu_order":20,"comment_status":"closed","ping_status":"closed","template":"","meta":{"footnotes":""},"class_list":["post-22110","page","type-page","status-publish","has-post-thumbnail","hentry"],"_links":{"self":[{"href":"https:\/\/www.frauenkulturbuero-nrw.de\/index.php?rest_route=\/wp\/v2\/pages\/22110","targetHints":{"allow":["GET"]}}],"collection":[{"href":"https:\/\/www.frauenkulturbuero-nrw.de\/index.php?rest_route=\/wp\/v2\/pages"}],"about":[{"href":"https:\/\/www.frauenkulturbuero-nrw.de\/index.php?rest_route=\/wp\/v2\/types\/page"}],"author":[{"embeddable":true,"href":"https:\/\/www.frauenkulturbuero-nrw.de\/index.php?rest_route=\/wp\/v2\/users\/4"}],"replies":[{"embeddable":true,"href":"https:\/\/www.frauenkulturbuero-nrw.de\/index.php?rest_route=%2Fwp%2Fv2%2Fcomments&post=22110"}],"version-history":[{"count":5,"href":"https:\/\/www.frauenkulturbuero-nrw.de\/index.php?rest_route=\/wp\/v2\/pages\/22110\/revisions"}],"predecessor-version":[{"id":22928,"href":"https:\/\/www.frauenkulturbuero-nrw.de\/index.php?rest_route=\/wp\/v2\/pages\/22110\/revisions\/22928"}],"up":[{"embeddable":true,"href":"https:\/\/www.frauenkulturbuero-nrw.de\/index.php?rest_route=\/wp\/v2\/pages\/22512"}],"wp:featuredmedia":[{"embeddable":true,"href":"https:\/\/www.frauenkulturbuero-nrw.de\/index.php?rest_route=\/wp\/v2\/media\/22586"}],"wp:attachment":[{"href":"https:\/\/www.frauenkulturbuero-nrw.de\/index.php?rest_route=%2Fwp%2Fv2%2Fmedia&parent=22110"}],"curies":[{"name":"wp","href":"https:\/\/api.w.org\/{rel}","templated":true}]}}