{"id":22283,"date":"2023-12-13T13:29:39","date_gmt":"2023-12-13T13:29:39","guid":{"rendered":"https:\/\/www.frauenkulturbuero-nrw.de\/?page_id=22283"},"modified":"2024-01-29T07:57:43","modified_gmt":"2024-01-29T07:57:43","slug":"o-well-me-too","status":"publish","type":"page","link":"https:\/\/www.frauenkulturbuero-nrw.de\/?page_id=22283","title":{"rendered":"O WELL, ME TOO?!-Diskursreihe"},"content":{"rendered":"<h2><strong><img fetchpriority=\"high\" decoding=\"async\" class=\"aligncenter wp-image-22581 size-medium\" src=\"https:\/\/www.frauenkulturbuero-nrw.de\/wp-content\/uploads\/o_well_Social_Media_Quadrat_1-400x400.jpg\" alt=\"\" width=\"400\" height=\"400\" srcset=\"https:\/\/www.frauenkulturbuero-nrw.de\/wp-content\/uploads\/o_well_Social_Media_Quadrat_1-400x400.jpg 400w, https:\/\/www.frauenkulturbuero-nrw.de\/wp-content\/uploads\/o_well_Social_Media_Quadrat_1-190x190.jpg 190w, https:\/\/www.frauenkulturbuero-nrw.de\/wp-content\/uploads\/o_well_Social_Media_Quadrat_1-768x768.jpg 768w, https:\/\/www.frauenkulturbuero-nrw.de\/wp-content\/uploads\/o_well_Social_Media_Quadrat_1-600x600.jpg 600w, https:\/\/www.frauenkulturbuero-nrw.de\/wp-content\/uploads\/o_well_Social_Media_Quadrat_1-1536x1536.jpg 1536w, https:\/\/www.frauenkulturbuero-nrw.de\/wp-content\/uploads\/o_well_Social_Media_Quadrat_1-2048x2048.jpg 2048w, https:\/\/www.frauenkulturbuero-nrw.de\/wp-content\/uploads\/o_well_Social_Media_Quadrat_1-250x250.jpg 250w, https:\/\/www.frauenkulturbuero-nrw.de\/wp-content\/uploads\/o_well_Social_Media_Quadrat_1-390x390.jpg 390w\" sizes=\"(max-width: 400px) 100vw, 400px\" \/><br \/>\nDIGITALE IMPULS- UND DISKURSREIHE<br \/>\nim Bereich B\u00fchnenregie<\/strong><\/h2>\n<p>Die Dokumentation unserer digitalen Diskursreihe ist nun erh\u00e4ltlich!<\/p>\n<p><strong><a class=\"cm_anchor\" href=\"https:\/\/www.netzwerk-regie.de\/Veroeffentlichungen\/\">DOWNLOAD<\/a><\/strong><\/p>\n<p>In sechs Online-Veranstaltungen wurden verschiedene Felder und Aspekte der Geschlechterungleichheit beschrieben werden \u2013 von der Vereinbarkeit von Theater- und Carearbeit, \u00fcber Leitungs- und Arbeitsmodelle und finanzielle Ungleichheit bis hin zum Umgang mit sexuellen \u00dcbergriffen und schlie\u00dflich einem k\u00fcnstlerischen Ausblick auf einen gendergerechten Dramenkanon und neue \u00c4sthetiken. Gemeinsam mit G\u00e4st*innen aus Forschung und Praxis, auch aus theaterfernen Berufsfeldern, wurden Strukturen analysiert und Ist-Zust\u00e4nde beschrieben, vor allem aber nach vorne geblickt und der Handlungsspielraum ausgelotet, den jede*r von uns hat.<\/p>\n<p>Ausgerichtet wurde die Reihe vom Netzwerk Regie und dem Frauenkulturb\u00fcro NRW in Kooperation mit dem Szenografie-Bund, der Dramaturgischen Gesellschaft, Women in Arts and Media e.V. sowie Pro Quote B\u00fchne &#8211; gef\u00f6rdert vom Fonds Darstellende K\u00fcnste, aus Mitteln der Beauftragten der Bundesregierung f\u00fcr Kultur und Medien im Rahmen von NEUSTART KULTUR.<\/p>\n<hr \/>\n<p>H\u00e4ufig\u00a0entscheiden Herkunft, physische oder psychische Beeintra\u0308chtigungen sowie das\u00a0Geschlecht noch immer daru\u0308ber, wer welche\u00a0Arbeit und zu\u00a0welchen Bedingungen ausu\u0308bt \u2013 auch in den Darstellenden K\u00fcnsten. Zwar wird\u00a0Chancengleichheit mittlerweile oft auf dem\u00a0Papier angestrebt, in der\u00a0Realit\u00e4t aber selten erreicht. Wie also k\u00f6nnen wir ins Handeln kommen und heute\u00a0noch echte Ver\u00e4nderung\u00a0schaffen?<br \/>\nDar\u00fcber soll in der digitalen Impuls- und Diskursreihe \u201eO WELL, ME TOO?! Perspektiven zur Geschlechtergerechtigkeit\u201c geredet werden, die das <a href=\"https:\/\/www.netzwerk-regie.de\/Veranstaltungen\/\" target=\"_blank\" rel=\"noopener\">Netzwerk Regie e.V.<\/a>\u00a0in Kooperation mit dem Frauenkulturb\u00fcro NRW, der <a href=\"https:\/\/dramaturgische-gesellschaft.de\/\" target=\"_blank\" rel=\"noopener\">Dramaturgischen Gesellschaft<\/a> und dem <a href=\"https:\/\/www.szenografen-bund.de\/\" target=\"_blank\" rel=\"noopener\">Szenografie Bund<\/a> ab April anbietet.<br \/>\nIn sechs Veranstaltungen geht es um verschiedene Felder und Aspekte der Geschlechterungleichheit \u2013 von der Vereinbarkeit von Theater- und Carearbeit, u\u0308ber Leitungs- und Arbeitsmodelle und finanzielle Ungleichheit bis hin zum Umgang mit sexuellen U\u0308bergriffen und schlie\u00dflich einem ku\u0308nstlerischen Ausblick auf einen gendergerechten Dramenkanon und neue A\u0308sthetiken. Gemeinsam mit Ga\u0308st*innen aus Forschung und Praxis, auch aus theaterfernen Berufsfeldern, werden Strukturen analysiert und Ist-Zusta\u0308nde beschrieben, vor allem aber wird nach vorne geblickt und der Handlungsspielraum ausgelotet, den jede*r von uns hat.<br \/>\nAlle sechs Veranstaltungen der Reihe finden auf Zoom in deutscher Sprache statt.<br \/>\nGef\u00f6rdert vom <a href=\"https:\/\/www.fonds-daku.de\/\" target=\"_blank\" rel=\"noopener\">Fonds Darstellende K\u00fcnste<\/a>, aus Mitteln der Beauftragten der <a href=\"https:\/\/www.bundesregierung.de\/breg-de\/bundesregierung\/bundeskanzleramt\/staatsministerin-fuer-kultur-und-medien\" target=\"_blank\" rel=\"noopener\">Bundesregierung f\u00fcr Kultur und Medien<\/a> im Rahmen von NEUSTART KULTUR.<br \/>\nAnmeldung mit Nennung des jeweiligen Veranstaltungstitels bis spa\u0308testens drei Tage vor der Veranstaltung.<br \/>\n<b><strong>Die geplanten Termine der digitalen Fachgespr\u00e4che &#8222;O WELL ME TOO?!&#8220;: 5.\/12. April, 10.\/17. Mai, 7.\/14. Juni, jeweils um 20 Uhr<br \/>\n\ud83d\udccdDigital bei Zoom<\/strong><\/b><br \/>\nAnmeldung mit Nennung des jeweiligen Veranstaltungstitels bis spa\u0308testens drei Tage vor der Veranstaltung<br \/>\n<b><strong><a href=\"https:\/\/www.netzwerk-regie.de\/Veranstaltungen\/\">Netzwerk Regie &#8211; Veranstaltungen (netzwerk-regie.de)<\/a><\/strong><\/b><\/p>\n","protected":false},"excerpt":{"rendered":"<p>Die Dokumentation zur digitalen Diskursreihe ist fertig!<\/p>\n","protected":false},"author":4,"featured_media":22581,"parent":22512,"menu_order":21,"comment_status":"closed","ping_status":"closed","template":"","meta":{"footnotes":""},"class_list":["post-22283","page","type-page","status-publish","has-post-thumbnail","hentry"],"_links":{"self":[{"href":"https:\/\/www.frauenkulturbuero-nrw.de\/index.php?rest_route=\/wp\/v2\/pages\/22283","targetHints":{"allow":["GET"]}}],"collection":[{"href":"https:\/\/www.frauenkulturbuero-nrw.de\/index.php?rest_route=\/wp\/v2\/pages"}],"about":[{"href":"https:\/\/www.frauenkulturbuero-nrw.de\/index.php?rest_route=\/wp\/v2\/types\/page"}],"author":[{"embeddable":true,"href":"https:\/\/www.frauenkulturbuero-nrw.de\/index.php?rest_route=\/wp\/v2\/users\/4"}],"replies":[{"embeddable":true,"href":"https:\/\/www.frauenkulturbuero-nrw.de\/index.php?rest_route=%2Fwp%2Fv2%2Fcomments&post=22283"}],"version-history":[{"count":5,"href":"https:\/\/www.frauenkulturbuero-nrw.de\/index.php?rest_route=\/wp\/v2\/pages\/22283\/revisions"}],"predecessor-version":[{"id":23056,"href":"https:\/\/www.frauenkulturbuero-nrw.de\/index.php?rest_route=\/wp\/v2\/pages\/22283\/revisions\/23056"}],"up":[{"embeddable":true,"href":"https:\/\/www.frauenkulturbuero-nrw.de\/index.php?rest_route=\/wp\/v2\/pages\/22512"}],"wp:featuredmedia":[{"embeddable":true,"href":"https:\/\/www.frauenkulturbuero-nrw.de\/index.php?rest_route=\/wp\/v2\/media\/22581"}],"wp:attachment":[{"href":"https:\/\/www.frauenkulturbuero-nrw.de\/index.php?rest_route=%2Fwp%2Fv2%2Fmedia&parent=22283"}],"curies":[{"name":"wp","href":"https:\/\/api.w.org\/{rel}","templated":true}]}}