{"id":22512,"date":"2023-03-07T15:51:21","date_gmt":"2023-03-07T15:51:21","guid":{"rendered":"https:\/\/www.frauenkulturbuero-nrw.de\/?page_id=22512"},"modified":"2023-06-11T15:57:35","modified_gmt":"2023-06-11T15:57:35","slug":"performing-arts-forderungskatalog","status":"publish","type":"page","link":"https:\/\/www.frauenkulturbuero-nrw.de\/?page_id=22512","title":{"rendered":"Performing Arts"},"content":{"rendered":"<p><img fetchpriority=\"high\" decoding=\"async\" class=\"aligncenter wp-image-18275 size-large\" title=\"Netzwerktreffen Performing Arts 23.11.2019\" src=\"https:\/\/www.frauenkulturbuero-nrw.de\/wp-content\/uploads\/Netzwerktreffen-Performing-Arts-23.11.2019-700x479.jpg\" alt=\"\" width=\"625\" height=\"428\" srcset=\"https:\/\/www.frauenkulturbuero-nrw.de\/wp-content\/uploads\/Netzwerktreffen-Performing-Arts-23.11.2019-700x479.jpg 700w, https:\/\/www.frauenkulturbuero-nrw.de\/wp-content\/uploads\/Netzwerktreffen-Performing-Arts-23.11.2019-400x274.jpg 400w, https:\/\/www.frauenkulturbuero-nrw.de\/wp-content\/uploads\/Netzwerktreffen-Performing-Arts-23.11.2019-768x525.jpg 768w, https:\/\/www.frauenkulturbuero-nrw.de\/wp-content\/uploads\/Netzwerktreffen-Performing-Arts-23.11.2019-1536x1051.jpg 1536w, https:\/\/www.frauenkulturbuero-nrw.de\/wp-content\/uploads\/Netzwerktreffen-Performing-Arts-23.11.2019-250x171.jpg 250w, https:\/\/www.frauenkulturbuero-nrw.de\/wp-content\/uploads\/Netzwerktreffen-Performing-Arts-23.11.2019-390x267.jpg 390w, https:\/\/www.frauenkulturbuero-nrw.de\/wp-content\/uploads\/Netzwerktreffen-Performing-Arts-23.11.2019.jpg 1554w\" sizes=\"(max-width: 625px) 100vw, 625px\" \/><\/p>\n<h1><\/h1>\n<h1>Forderungskatalog zur Geschlechtergerechtigkeit<\/h1>\n<h2>in den Performing Arts<\/h2>\n<p>Auf Einladung des Frauenkulturb\u00fcro NRW trafen sich am 23. November 2019 Vertreter*innen aus Institutionen, Netzwerken und Aktionsb\u00fcndnissen mit dem Ziel, eine gemeinsame Erkl\u00e4rung zum Thema Geschlechtergerechtigkeit im Bereich Performing Arts auf den Weg zu bringen.<br \/>\nDie Ergebnisse des Arbeitstreffens im Schauspiel K\u00f6ln, an dem sich das Dramaturgie Netzwerk, der Deutsche B\u00fchnenverein, Pro Quote B\u00fchne, das Ensemblenetzwerk, der Bund der Szenografen, das Projektb\u00fcro Frauen in Kultur und Medien des Deutschen Kulturrates, ART BUT FAIR, die Dramaturgische Gesellschaft und das Regie-Netzwerk beteiligten, sind hier zusammengefasst worden.<br \/>\n<a href=\"https:\/\/www.frauenkulturbuero-nrw.de\/wp-content\/uploads\/Forderungskatalog-Performing-Arts.pdf\">Forderungskatalog Performing Arts<\/a><\/p>\n<p>&nbsp;<\/p>\n","protected":false},"excerpt":{"rendered":"<p>Forderungskatalog zur Geschlechtergerechtigkeit in den Performing Arts Auf&hellip;<\/p>\n","protected":false},"author":4,"featured_media":0,"parent":64,"menu_order":19,"comment_status":"closed","ping_status":"closed","template":"","meta":{"footnotes":""},"class_list":["post-22512","page","type-page","status-publish","hentry"],"_links":{"self":[{"href":"https:\/\/www.frauenkulturbuero-nrw.de\/index.php?rest_route=\/wp\/v2\/pages\/22512","targetHints":{"allow":["GET"]}}],"collection":[{"href":"https:\/\/www.frauenkulturbuero-nrw.de\/index.php?rest_route=\/wp\/v2\/pages"}],"about":[{"href":"https:\/\/www.frauenkulturbuero-nrw.de\/index.php?rest_route=\/wp\/v2\/types\/page"}],"author":[{"embeddable":true,"href":"https:\/\/www.frauenkulturbuero-nrw.de\/index.php?rest_route=\/wp\/v2\/users\/4"}],"replies":[{"embeddable":true,"href":"https:\/\/www.frauenkulturbuero-nrw.de\/index.php?rest_route=%2Fwp%2Fv2%2Fcomments&post=22512"}],"version-history":[{"count":5,"href":"https:\/\/www.frauenkulturbuero-nrw.de\/index.php?rest_route=\/wp\/v2\/pages\/22512\/revisions"}],"predecessor-version":[{"id":22520,"href":"https:\/\/www.frauenkulturbuero-nrw.de\/index.php?rest_route=\/wp\/v2\/pages\/22512\/revisions\/22520"}],"up":[{"embeddable":true,"href":"https:\/\/www.frauenkulturbuero-nrw.de\/index.php?rest_route=\/wp\/v2\/pages\/64"}],"wp:attachment":[{"href":"https:\/\/www.frauenkulturbuero-nrw.de\/index.php?rest_route=%2Fwp%2Fv2%2Fmedia&parent=22512"}],"curies":[{"name":"wp","href":"https:\/\/api.w.org\/{rel}","templated":true}]}}