{"id":22679,"date":"2023-04-20T08:12:31","date_gmt":"2023-04-20T08:12:31","guid":{"rendered":"https:\/\/www.frauenkulturbuero-nrw.de\/?page_id=22679"},"modified":"2024-01-17T13:26:22","modified_gmt":"2024-01-17T13:26:22","slug":"bianca-kuenzel","status":"publish","type":"page","link":"https:\/\/www.frauenkulturbuero-nrw.de\/?page_id=22679","title":{"rendered":"Interview: Bianca K\u00fcnzel"},"content":{"rendered":"<p><a href=\"https:\/\/www.frauenkulturbuero-nrw.de\/wp-content\/uploads\/Front.jpg\" data-lbwps-width=\"6301\" data-lbwps-height=\"4161\" data-lbwps-srcsmall=\"https:\/\/www.frauenkulturbuero-nrw.de\/wp-content\/uploads\/Front-400x264.jpg\"><img fetchpriority=\"high\" decoding=\"async\" class=\"aligncenter wp-image-22785 size-full\" src=\"https:\/\/www.frauenkulturbuero-nrw.de\/wp-content\/uploads\/Front-scaled.jpg\" alt=\"\" width=\"2560\" height=\"1691\" srcset=\"https:\/\/www.frauenkulturbuero-nrw.de\/wp-content\/uploads\/Front-scaled.jpg 2560w, https:\/\/www.frauenkulturbuero-nrw.de\/wp-content\/uploads\/Front-400x264.jpg 400w, https:\/\/www.frauenkulturbuero-nrw.de\/wp-content\/uploads\/Front-700x462.jpg 700w, https:\/\/www.frauenkulturbuero-nrw.de\/wp-content\/uploads\/Front-768x507.jpg 768w, https:\/\/www.frauenkulturbuero-nrw.de\/wp-content\/uploads\/Front-1536x1014.jpg 1536w, https:\/\/www.frauenkulturbuero-nrw.de\/wp-content\/uploads\/Front-2048x1352.jpg 2048w, https:\/\/www.frauenkulturbuero-nrw.de\/wp-content\/uploads\/Front-250x165.jpg 250w, https:\/\/www.frauenkulturbuero-nrw.de\/wp-content\/uploads\/Front-390x258.jpg 390w\" sizes=\"(max-width: 2560px) 100vw, 2560px\" \/><\/a><\/p>\n<p>&nbsp;<\/p>\n<p><strong>Bianca K\u00fcnzel<\/strong> lebt und arbeitet als freie Schauspielerin, Regisseurin und Performerin in D\u00fcsseldorf. Gastengagements f\u00fchrten sie u.a. an das Nationaltheater Weimar, das D\u00fcsseldorfer Schauspielhaus, Bochumer Schauspielhaus, die Ruhrtriennale und das FFT D\u00fcsseldorf. In ihren K\u00fcnstlerkollektiven <a href=\"https:\/\/www.projekt-il.art\/ueber-projekt-il\/partner\/\" target=\"_blank\" rel=\"noopener\">projekt-il<\/a> und <a href=\"https:\/\/waltraud900.de\/ueber-uns\/\" target=\"_blank\" rel=\"noopener\">waltraud900<\/a> entwickelt sie Projekte zwischen Theater, Installation und Performance, die sich mit generations\u00fcbergreifenden Themen des gesellschaftlichen Lebens im internationalen Kontext auseinandersetzen. Dar\u00fcber hinaus arbeitet sie noch in anderen Kollaborationen u.a. als langj\u00e4hrige Performerin bei <a href=\"https:\/\/www.fft-duesseldorf.de\/komplizinnen\/kainkollektiv\" target=\"_blank\" rel=\"noopener\">kainkollektiv<\/a>. Sie kommt einem Lehrauftrag an der Musikhochschule Robert Schumann in D\u00fcsseldorf nach. Im Jahre 2022 erhielt sie das <a href=\"https:\/\/www.frauenkulturbuero-nrw.de\/index.php\/projekte\/performing-arts-forderungskatalog\/stipendien-praesenz-vor-ort\/\" target=\"_blank\" rel=\"noopener\">FKB-Stipendium f\u00fcr K\u00fcnstlerinnen mit Kindern<\/a>.<\/p>\n<p><strong>FKB:<\/strong> projekt-il und waltraud900 sind Kollektive, die du beide mitbegr\u00fcndet und -entwickelt hast. Was unterscheidet sie und was haben sie gemeinsam?<br \/>\n<strong>Bianca:<\/strong> Beide Kollektive sind aus inhaltlichen Bed\u00fcrfnissen entstanden und dem Wunsch, kollektiv zu arbeiten. Das Arbeitsfeld von projekt.il bewegt sich zwischen Kunst und Alltag, zwischen traditioneller B\u00fchne und \u00f6ffentlichen Raum, zwischen professionellen K\u00fcnstler*innen und B\u00fcrger*innen. Waltraud900 ist ein deutsch-griechisches K\u00fcnstlerinnenkollektiv und widmet sich zeitgen\u00f6ssischen Fragen nach Identit\u00e4t und gesellschaftlicher Zugeh\u00f6rigkeit aus feministischer Perspektive, wobei interdisziplin\u00e4res Arbeiten und Mehrsprachigkeit essenziell sind.<\/p>\n<p><strong>FKB:<\/strong> Mit welchen Projekten besch\u00e4ftigst du dich aktuell?<br \/>\n<strong>Bianca:<\/strong> <span style=\"color: #000000;\">Waltraud900 besch\u00e4ftigt sich aktuell mit dem zweiten Teil einer Trilogie <a href=\"https:\/\/waltraud900.de\/grandmothers-of-the-future\/\" target=\"_blank\" rel=\"noopener\">GRANDMOTHERS of the FUTURE<\/a>, <\/span><span style=\"color: #000000;\">die den GRANDMOTHERS; MOTHERS an DAUGHTERS zwischen Vergangenheit und Zukunft gewidmet ist. <\/span><span style=\"color: #000000;\">W\u00e4hrend der erste Teil nach dem intergenerationellen Erbe fragt und den eigenen weiblichen Traditionslinien folgt, besch\u00e4ftigt sich nun der zweite Teil <a href=\"https:\/\/waltraud900.de\/kisses-from-snail\/\" target=\"_blank\" rel=\"noopener\">KISSES FROM SNAIL<\/a> mit neuen Familienkonzepten und ist ein utopisches Spiel mit Lebensentw\u00fcrfen. Ein Versuch, Verwandtschaft neu zu formulieren und die Mutter performative zu imaginieren, irgendwo zwischen Realit\u00e4t und Utopie. Im Herbst 2023 werden wir <\/span><span style=\"color: #000000;\">mit dem letzten Teil unserer Trilogie den thematischen Reigen schlie\u00dfen. DAUGHTERS OF THE FUTURE wollen wir den jungen Frauen und deren Zukunft <\/span><span style=\"color: #000000;\">widmen mit einem Ritual zur Selbsterm\u00e4chtigung der T\u00f6chter und deren T\u00f6chter.<br \/>\nMit meinem Kollektiv projekt.il konzentrieren wir uns in diesem Jahr darauf, das nachhaltig angelegte Projekt <a href=\"https:\/\/www.projekt-il.art\/projekt\/am-tisch-at-the-table\/\" target=\"_blank\" rel=\"noopener\">At The Table<\/a> international zu zeigen und weiterzuentwickeln. Gerade haben wir diese Videoausstellung in Begleitung mit Liveperformances in Malta zeigen d\u00fcrfen und werden in K\u00fcrze in Stuttgart damit gastieren.<br \/>\nMit meinem Kollektiv projekt.il konzentrieren wir uns in diesem Jahr darauf, At The Table international zu zeigen und weiterzuentwickeln. Gerade haben wir diese Videoausstellung in Begleitung mit Liveperformances in Malta zeigen d\u00fcrfen und werden in K\u00fcrze in Stuttgart damit gastieren.<br \/>\n<\/span>Parallel dazu arbeiten wir kontinuierlich an einer Gesamtkonzeption zum Thema Erbe, dessen erste Inszenierung im Herbst 2022 in einem Storage in Stuttgart Premiere hatte und weiterhin regelm\u00e4\u00dfig gespielt wird.<\/p>\n\n\t\t<style type=\"text\/css\">\n\t\t\t#gallery-1 {\n\t\t\t\tmargin: auto;\n\t\t\t}\n\t\t\t#gallery-1 .gallery-item {\n\t\t\t\tfloat: left;\n\t\t\t\tmargin-top: 10px;\n\t\t\t\ttext-align: center;\n\t\t\t\twidth: 20%;\n\t\t\t}\n\t\t\t#gallery-1 img {\n\t\t\t\tborder: 2px solid #cfcfcf;\n\t\t\t}\n\t\t\t#gallery-1 .gallery-caption {\n\t\t\t\tmargin-left: 0;\n\t\t\t}\n\t\t\t\/* see gallery_shortcode() in wp-includes\/media.php *\/\n\t\t<\/style>\n\t\t<div id='gallery-1' class='gallery galleryid-22679 gallery-columns-5 gallery-size-thumbnail'><dl class='gallery-item'>\n\t\t\t<dt class='gallery-icon landscape'>\n\t\t\t\t<a href='https:\/\/www.frauenkulturbuero-nrw.de\/wp-content\/uploads\/Bianca006-1-scaled.jpg'><img decoding=\"async\" width=\"190\" height=\"190\" src=\"https:\/\/www.frauenkulturbuero-nrw.de\/wp-content\/uploads\/Bianca006-1-190x190.jpg\" class=\"attachment-thumbnail size-thumbnail\" alt=\"Bianca K\u00fcnzel mit Kollektive Projekt-il, Foto Carmen K\u00f6rner\" \/><\/a>\n\t\t\t<\/dt><\/dl><dl class='gallery-item'>\n\t\t\t<dt class='gallery-icon landscape'>\n\t\t\t\t<a href='https:\/\/www.frauenkulturbuero-nrw.de\/wp-content\/uploads\/Bianca007-scaled.jpg'><img decoding=\"async\" width=\"190\" height=\"190\" src=\"https:\/\/www.frauenkulturbuero-nrw.de\/wp-content\/uploads\/Bianca007-190x190.jpg\" class=\"attachment-thumbnail size-thumbnail\" alt=\"Bianca K\u00fcnzel, Foto: Carmen K\u00f6rner\" \/><\/a>\n\t\t\t<\/dt><\/dl><dl class='gallery-item'>\n\t\t\t<dt class='gallery-icon landscape'>\n\t\t\t\t<a href='https:\/\/www.frauenkulturbuero-nrw.de\/wp-content\/uploads\/GRANDMOTHERS-9493-scaled.jpg'><img loading=\"lazy\" decoding=\"async\" width=\"190\" height=\"190\" src=\"https:\/\/www.frauenkulturbuero-nrw.de\/wp-content\/uploads\/GRANDMOTHERS-9493-190x190.jpg\" class=\"attachment-thumbnail size-thumbnail\" alt=\"Szene aus &quot;GRANDMOTHERS&quot;, Foto: Melanie Zanin\" \/><\/a>\n\t\t\t<\/dt><\/dl><dl class='gallery-item'>\n\t\t\t<dt class='gallery-icon landscape'>\n\t\t\t\t<a href='https:\/\/www.frauenkulturbuero-nrw.de\/wp-content\/uploads\/GRANDMOTHERS-9527-scaled.jpg'><img loading=\"lazy\" decoding=\"async\" width=\"190\" height=\"190\" src=\"https:\/\/www.frauenkulturbuero-nrw.de\/wp-content\/uploads\/GRANDMOTHERS-9527-190x190.jpg\" class=\"attachment-thumbnail size-thumbnail\" alt=\"Szene aus &quot;GRANDMOTHERS&quot;, Foto: Melanie Zanin\" \/><\/a>\n\t\t\t<\/dt><\/dl><dl class='gallery-item'>\n\t\t\t<dt class='gallery-icon landscape'>\n\t\t\t\t<a href='https:\/\/www.frauenkulturbuero-nrw.de\/wp-content\/uploads\/GRANDMOTHERS-9732-scaled.jpg'><img loading=\"lazy\" decoding=\"async\" width=\"190\" height=\"190\" src=\"https:\/\/www.frauenkulturbuero-nrw.de\/wp-content\/uploads\/GRANDMOTHERS-9732-190x190.jpg\" class=\"attachment-thumbnail size-thumbnail\" alt=\"Bianca K\u00fcnzel: Szene aus &quot;GRANDMOTHERS&quot;, Foto: Melanie Zanin\" \/><\/a>\n\t\t\t<\/dt><\/dl><br style=\"clear: both\" \/>\n\t\t<\/div>\n\n<p>&nbsp;<\/p>\n<p><strong>FKB:<\/strong> Parallel zu deiner beruflichen und k\u00fcnstlerischen Entwicklung warst du auch stets als Mutter famili\u00e4r stark eingebunden &#8211; du hast eine 25j\u00e4hrige Tochter und einen Sohn im Alter von 12 Jahren. Wie hast du das gemanagt?<br \/>\n<strong>Bianca:<\/strong> Da ich relativ fr\u00fch und relativ sp\u00e4t Mutter geworden bin, kenne ich mein Leben kaum ohne Kinder. Daher waren sie immer Teil meiner Arbeit und andersherum. Vielleicht gibt es f\u00fcr mich auch deshalb kaum eine Grenze zwischen privat und politisch. Nat\u00fcrlich gab es immer wieder Krisen, Knotenpunkte und vor allem ein schlechtes Gewissen, was l\u00e4hmte oder motivierte oder mich Dinge neu denken lie\u00df. Vor allem habe ich sehr schnell lernen m\u00fcssen, mich zu strukturieren, loszulassen und fokussiert zu sein. Vielleicht war es hilfreich, dass ich sehr gern fr\u00fch aufstehe und den Morgen liebe. Ehrlich gesagt frage ich mich viel mehr, wie sich meine Arbeit ver\u00e4ndern wird, wenn dieser eine Blickwinkel, den meine Kinder hatten, fehlen wird. Diese unbedingte, ehrliche und pure Perspektive.<\/p>\n<p><strong>FKB:<\/strong> Welchen Stellenwert nimmt f\u00fcr dich als ehemalige Stipendiatin das FKB-Programm \u201ePr\u00e4senz vor Ort\u201c im Kanon anderer Stipendien ein?<br \/>\n<strong>Bianca:<\/strong> Neben der monet\u00e4ren Unterst\u00fctzung habe ich das Stipendium vor allem als Wertsch\u00e4tzung und Anerkennung meiner Arbeit wahrgenommen, was sehr motivierend war und mir auf einer anderen Ebene Vertrauen gegeben hat. Das Stipendium habe ich vor allem in Strukturberatung und Fortbildungen investiert. Damit habe ich mir Raum schaffen k\u00f6nnen f\u00fcr Inspiration.<\/p>\n<p><strong>FKB:<\/strong> Was sind deine Pl\u00e4ne f\u00fcr dieses Jahr und dar\u00fcber hinaus?<br \/>\n<strong>Bianca:<\/strong> Ich werde bis Mitte des Jahres einige Gastspiele und meine Arbeit sichtbar machen k\u00f6nnen. Es sind zwei Premieren mit waltraud900 geplant und was mich besonders freut, dass ich als Performerin mit kainkollektiv einen Film drehen darf.<br \/>\nPerspektivisch w\u00e4re ich dankbar, wenn ich die Qualit\u00e4t meiner Arbeiten vertiefen k\u00f6nnte und gleichzeitig weiterhin meinen Lebensunterhalt damit verdiene. Das hei\u00dft f\u00fcr mich, dass bestehende Strukturen langfristig gesichert sind. Inhaltlich w\u00fcnsche ich mir eine st\u00e4rkere intergenerative Arbeit und weitere internationale Vernetzung, weil ich an die Vielschichtigkeit von Perspektiven glaube und das f\u00fcr eine Bedingung meiner Arbeit halte.<br \/>\n<span class=\"legende\">Das Interview f\u00fchrte Heidi Matthias<br \/>\nPortraitfoto Bianca K\u00fcnzel: Merle Forchmann<\/span><\/p>\n<p>&nbsp;<\/p>\n","protected":false},"excerpt":{"rendered":"<p>Stipendiatin 2022<\/p>\n","protected":false},"author":4,"featured_media":22629,"parent":69,"menu_order":17,"comment_status":"closed","ping_status":"closed","template":"","meta":{"footnotes":""},"class_list":["post-22679","page","type-page","status-publish","has-post-thumbnail","hentry"],"_links":{"self":[{"href":"https:\/\/www.frauenkulturbuero-nrw.de\/index.php?rest_route=\/wp\/v2\/pages\/22679","targetHints":{"allow":["GET"]}}],"collection":[{"href":"https:\/\/www.frauenkulturbuero-nrw.de\/index.php?rest_route=\/wp\/v2\/pages"}],"about":[{"href":"https:\/\/www.frauenkulturbuero-nrw.de\/index.php?rest_route=\/wp\/v2\/types\/page"}],"author":[{"embeddable":true,"href":"https:\/\/www.frauenkulturbuero-nrw.de\/index.php?rest_route=\/wp\/v2\/users\/4"}],"replies":[{"embeddable":true,"href":"https:\/\/www.frauenkulturbuero-nrw.de\/index.php?rest_route=%2Fwp%2Fv2%2Fcomments&post=22679"}],"version-history":[{"count":5,"href":"https:\/\/www.frauenkulturbuero-nrw.de\/index.php?rest_route=\/wp\/v2\/pages\/22679\/revisions"}],"predecessor-version":[{"id":22970,"href":"https:\/\/www.frauenkulturbuero-nrw.de\/index.php?rest_route=\/wp\/v2\/pages\/22679\/revisions\/22970"}],"up":[{"embeddable":true,"href":"https:\/\/www.frauenkulturbuero-nrw.de\/index.php?rest_route=\/wp\/v2\/pages\/69"}],"wp:featuredmedia":[{"embeddable":true,"href":"https:\/\/www.frauenkulturbuero-nrw.de\/index.php?rest_route=\/wp\/v2\/media\/22629"}],"wp:attachment":[{"href":"https:\/\/www.frauenkulturbuero-nrw.de\/index.php?rest_route=%2Fwp%2Fv2%2Fmedia&parent=22679"}],"curies":[{"name":"wp","href":"https:\/\/api.w.org\/{rel}","templated":true}]}}