{"id":22806,"date":"2023-06-11T15:38:41","date_gmt":"2023-06-11T15:38:41","guid":{"rendered":"https:\/\/www.frauenkulturbuero-nrw.de\/?page_id=22806"},"modified":"2024-01-31T14:46:36","modified_gmt":"2024-01-31T14:46:36","slug":"symposium-kunst-und-care","status":"publish","type":"page","link":"https:\/\/www.frauenkulturbuero-nrw.de\/?page_id=22806","title":{"rendered":"KUNST+CARE"},"content":{"rendered":"<h1>Kunst+Care<\/h1>\n<h2>F\u00fcrsorge als Chance und Risiko im aktuellen Kunstbetrieb<\/h2>\n<p>Ein Kooperationsprojekt mit dem Landesb\u00fcro f\u00fcr Bildende Kunst\/ Kunsthaus NRW, dem Frauenkulturb\u00fcro NRW und dem Masterstudiengang Kunstvermittlung und Kulturmanagement der Heinrich-Heine-Universit\u00e4t D\u00fcsseldorf<\/p>\n<hr \/>\n<h1>Die Abschlussveranstaltung zu KUNST+CARE findet am Internationalen Frauentag, dem 8. M\u00e4rz, im Kaiser-Wilhelm-Museum (KWM) in Krefeld statt.<\/h1>\n<p><img fetchpriority=\"high\" decoding=\"async\" class=\"size-medium wp-image-23082 aligncenter\" src=\"https:\/\/www.frauenkulturbuero-nrw.de\/wp-content\/uploads\/5_0008_HEHL_Sarah_Morris_DR22458-_DR22461-400x267.jpg\" alt=\"\" width=\"400\" height=\"267\" srcset=\"https:\/\/www.frauenkulturbuero-nrw.de\/wp-content\/uploads\/5_0008_HEHL_Sarah_Morris_DR22458-_DR22461-400x267.jpg 400w, https:\/\/www.frauenkulturbuero-nrw.de\/wp-content\/uploads\/5_0008_HEHL_Sarah_Morris_DR22458-_DR22461-700x467.jpg 700w, https:\/\/www.frauenkulturbuero-nrw.de\/wp-content\/uploads\/5_0008_HEHL_Sarah_Morris_DR22458-_DR22461-768x512.jpg 768w, https:\/\/www.frauenkulturbuero-nrw.de\/wp-content\/uploads\/5_0008_HEHL_Sarah_Morris_DR22458-_DR22461-1536x1024.jpg 1536w, https:\/\/www.frauenkulturbuero-nrw.de\/wp-content\/uploads\/5_0008_HEHL_Sarah_Morris_DR22458-_DR22461-250x167.jpg 250w, https:\/\/www.frauenkulturbuero-nrw.de\/wp-content\/uploads\/5_0008_HEHL_Sarah_Morris_DR22458-_DR22461-390x260.jpg 390w, https:\/\/www.frauenkulturbuero-nrw.de\/wp-content\/uploads\/5_0008_HEHL_Sarah_Morris_DR22458-_DR22461.jpg 2000w\" sizes=\"(max-width: 400px) 100vw, 400px\" \/><em style=\"font-size: 0.875em;\">Credit zum Titelbild: Sarah Morris. All Systems Fail<\/em><span style=\"font-size: 0.875em;\">, Haus Lange Haus Esters, KWM<\/span><span style=\"font-size: 0.875em;\">(Installationsansicht:\u00a0<\/span><em style=\"font-size: 0.875em;\">Liar<\/em><span style=\"font-size: 0.875em;\">, 1995, Household gloss paint on canvas, Private collection, London c\/o White Cube) Haus Lange\/Haus Esters, Kunstmuseen Krefeld 2023 \u00a9 Sarah Morris Foto: Dirk Rose<\/span><\/p>\n<div class=\"css-188aeyp e9y8vn50\">\n<article id=\"AboutThisEventSection\" class=\"css-cd870x em1van10\" tabindex=\"0\" role=\"tab\" aria-expanded=\"false\" aria-controls=\"AboutThisEventEdit\" data-testid=\"AboutThisEventSection\" aria-selected=\"false\">\n<div id=\"AboutThisEventPreview\" class=\"css-15s2ofz e9y8vn51\" data-testid=\"AboutThisEventPreview\">\n<div data-testid=\"ModulesListPreview\">\n<div class=\"css-1hbyxwu e1pmrtpl0\">\n<h1>KUNST+CARE Caring Gallery Talk<\/h1>\n<p><strong>Ein Kooperationsprojekt zwischen LaB K (Landesb\u00fcro f\u00fcr Bildende Kunst\/ Kunsthaus NRW), Frauenkulturb\u00fcro NRW und Masterstudiengang Kunstvermittlung und Kulturmanagement der Heinrich-Heine-Universit\u00e4t D\u00fcsseldorf<\/strong><\/p>\n<p>Am Internationalen Frauentag, dem 8. M\u00e4rz 2024 laden wir ein zur Abschlussveranstaltung von KUNST+CARE mit Gallery Talk und F\u00fchrungen im KWM Kaiser-Wilhelm Museum Krefeld und in die H\u00e4user Lange \/ Esters.<\/p>\n<h2>Programm<\/h2>\n<p>11:30 Uhr \u2013 Treffen und Come Together im K+ Caf\u00e9 im KWM Kaiser Wilhelm Museum, Krefeld<\/p>\n<p>12:00 Uhr \u2013 Begr\u00fc\u00dfung: Direktorin Katia Baudin<\/p>\n<p>12:10 Uhr &#8211; Pr\u00e4sentation des Projekts KUNST+CARE<\/p>\n<p>Dr. Susanne Ristow (Lab K), Dr. Lisa Bosbach (HHU D\u00fcsseldorf) und Ursula Thei\u00dfen (FKB)<\/p>\n<p>13:00 Uhr &#8211; Mittagssnack<\/p>\n<p>13:30 Uhr &#8211; Impuls Larissa Kikol, Kunsthistorikerin und Caring Curator, mit anschl. Diskussion<\/p>\n<p>14:15 Uhr \u2013 F\u00fchrung von Dr. Magdalena Holzhey durch die Ausstellung \u201eDie gro\u00dfe Verf\u00fchrung. Karl Ernst Osthaus und die Anf\u00e4nge der Konsumkultur\u201c mit dem Fokus auf die Kunstgewerblerinnen<\/p>\n<p>15:30 Uhr \u2013 Shuttle zu den H\u00e4usern Lange\/ Esters, Krefeld<\/p>\n<p>15:45 Uhr &#8211; F\u00fchrung von Kuratorin Juliane Duft durch die Ausstellung \u201eAll Systems Fail\u201c von Sarah Morris<\/p>\n<p>17:00 Uhr \u2013 Ende der Veranstaltung \u2013<\/p>\n<h2>Die Anzahl der Teilnehmerinnen ist auf 40 begrenzt.<\/h2>\n<h2>Anmeldung \u00fcber:\u00a0 <strong><a href=\"https:\/\/www.eventbrite.de\/e\/kunstcare-tickets-816502008487?aff=oddtdtcreator&amp;utm_campaign=order-confirm-bcc&amp;utm_term=viewevent&amp;utm_source=eventbrite&amp;utm_medium=email&amp;ref=eemailordconf\">KUNST+CARE Tickets, Fr, 08.03.2024 um 11:30 Uhr | Eventbrite\u00a0<\/a><\/strong><\/h2>\n<\/div>\n<\/div>\n<\/div>\n<\/article>\n<\/div>\n<hr \/>\n<p>Die Kunstwelt ist von Qualit\u00e4tskriterien wie k\u00fcnstlerischer St\u00e4rke, Energie und Durchsetzungsf\u00e4higkeit bestimmt. Empathie, Ethik und soziales Engagement finden zwar innerhalb einiger Kunstpraktiken gelegentlich Aufmerksamkeit, zahlen sich aber weniger aus. Angesichts unserer krisengesch\u00fcttelten Zeiten ist der Bedarf an F\u00fcrsorge und Betreuung (\u201eCare\u201c) immens. Es l\u00e4sst sich beobachten, dass die Nachwirkungen der Pandemie mit einhergehendem Stillstand des Kulturlebens anachronistische Rollenverteilungen wieder aufbl\u00fchen lie\u00dfen. Doch \u201eCare\u201c ist kein individuelles Problem von Wenigen, sondern muss gesamtgesellschaftlich betrachtet, diskutiert und ver\u00e4ndert werden.<\/p>\n<p>Die Auftaktveranstaltung KUNST+CARE sollte u.a. herausarbeiten, welche Auswirkungen famili\u00e4re und wahlverwandtschaftliche Verpflichtungen auf die eigene Kunstpraxis und den weiteren Kunstbetrieb haben. So sprachen eingeladene Expert:innen und K\u00fcnstler:innen \u00fcber Care-Arbeit in Kultureinrichtungen und den Mother Show Gap. F\u00fcrsorge in Arbeiten der Bildenden Kunst wurden ebenso vorgestellt wie Best Practice-Beispiele neuer Rollenmodelle. Das Symposium KUNST+CARE war Teil der Reihe M\u00d6GLICHKEITSRAUM KUNST in der Mobilen Akademie\/ MobiLaB.<\/p>\n<p>Zu unserem gro\u00dfen Symposium zur Vereinbarkeit von Carearbeit und k\u00fcnstlerischer Arbeit am 6.Juni geht bald unsere Dokumentation online, vorher gibt es aber noch die Gelegenheit zur Live-Online-Review beim n\u00e4chsten Event:<\/p>\n<p><strong>25. Januar 2024, 12-16:30 Uhr<\/strong><\/p>\n<h1 class=\"underline\">CREATING CARING CULTURE Temporary Gallery K\u00f6ln<\/h1>\n<h2>mit Sacia Bailer<\/h2>\n<hr \/>\n<div><\/div>\n<div>\n<p class=\"false\"><strong class=\"false\">29. November 2024, 14-18 Uhr:<\/strong><\/p>\n<h1 class=\"false\">Onlineworkshop KUNST+CARE<\/h1>\n<h2 class=\"false\"><strong class=\"false\">Gemeinsames Handeln f\u00fcr isolierte Akteure im Kunstbetrieb\u00a0<\/strong><strong>mit Sascia Bailer, digitale Moderation Birgit Gosejacob<\/strong><\/h2>\n<p class=\"false\"><strong class=\"false\">Max. TN-Zahl 60 Personen<\/strong><\/p>\n<\/div>\n<div>\n<p class=\"false\">Wer Kunst schafft oder konsumiert und sich um andere k\u00fcmmert oder aufgrund von physischen oder psychischen Einschr\u00e4nkungen selbst mehr F\u00fcrsorge bedarf, ist mit realen Barrieren in der Bildenden Kunst konfrontiert. Die Sichtbarkeit und Pr\u00e4senz von Sorgearbeitenden in der Kunstszene werden dadurch stark eingeschr\u00e4nkt. Kunst thematisiert zwar h\u00e4ufig gesellschaftskritische, soziale und feministische Inhalte in ihren Veranstaltungs- und Ausstellungsprogrammen, doch liegt der\u00a0<em class=\"false\">Gender Pay Gap<\/em>\u00a0in den K\u00fcnsten bei bis zu 31%, w\u00e4hrend er im bundesweiten Durchschnitt bei 18% liegt. Geben in Deutschland 42% der Eltern an, aufgrund ihrer Sorgeverantwortung im Beruf Diskriminierung zu erfahren, so liegt auch hier der Wert in den K\u00fcnsten deutlich h\u00f6her: 92% der Eltern geben hier an, mit negativen Vorurteilen konfrontiert zu sein; in der F\u00f6rder- und Stipendienlandschaft werden ihre Bed\u00fcrfnisse nur selten mitgedacht.<\/p>\n<p class=\"false\">Der praxisnahe Workshop beginnt um 14 Uhr mit einer digitalen Zusammenfassung des Symposiums\u00a0<strong>KUNST+CARE<\/strong>.<strong>\u00a0F\u00fcrsorge als Chance und Risiko im aktuellen Kunstbetrieb<\/strong> aus dem Juni 2023, pr\u00e4sentiert von Dr. Lisa Bosbach f\u00fcr den Masterstudiengang Kunstvermittlung und Kulturmanagement der HHU D\u00fcsseldorf, Ursula Thei\u00dfen f\u00fcr das Frauenkulturb\u00fcro NRW Krefeld und Dr. Susanne Ristow f\u00fcr das LaB K (Landesb\u00fcro f\u00fcr Bildende Kunst\/Kunsthaus NRW).<\/p>\n<p class=\"false\">Von 15-18 Uhr geht es in die Praxis des Workshops mit einer thematischen Einf\u00fchrung durch <strong>Sascia Bailer<\/strong>, die unsere Teilnehmenden dazu einl\u00e4dt, in kleineren Gruppen auszuarbeiten, welche Strukturen und Ma\u00dfnahmen im Kunstbetrieb notwendig sind, um die Bed\u00fcrfnisse von Menschen mit Sorgeverantwortung mitzudenken. In einer Abschluss-Runde werden die Ergebnisse mit den anderen geteilt und gemeinsame n\u00e4chste Schritte ausgelotet. Der Onlineworkshop wird von <strong>Birgit Gosejacob<\/strong> moderiert und angeleitet und von den oben genannten Projektpartnerinnen in sicherlich lebhaften Einzeldiskussionen inhaltlich begleitet.<\/p>\n<p class=\"false\"><strong>Wer kann sich anmelden?<\/strong> Die Veranstaltung ist explizit nicht nur f\u00fcr K\u00fcnstler:innen und Eltern angelegt, sondern auch f\u00fcr Kunstvermittler:innen, Kurator:innen, Autor:innen, Galerist:innen und Kulturmanager:innen &#8211; mit und ohne Sorgeverantwortung. Ein gerechterer Kulturbetrieb geht uns alle etwas an und ist eine Frage der Glaubw\u00fcrdigkeit.<\/p>\n<\/div>\n<hr \/>\n<p><a href=\"https:\/\/www.frauenkulturbuero-nrw.de\/wp-content\/uploads\/Kachel-Kunst-und-Care.jpg\" data-lbwps-width=\"1120\" data-lbwps-height=\"1120\" data-lbwps-srcsmall=\"https:\/\/www.frauenkulturbuero-nrw.de\/wp-content\/uploads\/Kachel-Kunst-und-Care-400x400.jpg\"><img decoding=\"async\" class=\"size-medium wp-image-22759 aligncenter\" src=\"https:\/\/www.frauenkulturbuero-nrw.de\/wp-content\/uploads\/Kachel-Kunst-und-Care-400x400.jpg\" alt=\"\" width=\"400\" height=\"400\" srcset=\"https:\/\/www.frauenkulturbuero-nrw.de\/wp-content\/uploads\/Kachel-Kunst-und-Care-400x400.jpg 400w, https:\/\/www.frauenkulturbuero-nrw.de\/wp-content\/uploads\/Kachel-Kunst-und-Care-600x600.jpg 600w, https:\/\/www.frauenkulturbuero-nrw.de\/wp-content\/uploads\/Kachel-Kunst-und-Care-190x190.jpg 190w, https:\/\/www.frauenkulturbuero-nrw.de\/wp-content\/uploads\/Kachel-Kunst-und-Care-768x768.jpg 768w, https:\/\/www.frauenkulturbuero-nrw.de\/wp-content\/uploads\/Kachel-Kunst-und-Care-250x250.jpg 250w, https:\/\/www.frauenkulturbuero-nrw.de\/wp-content\/uploads\/Kachel-Kunst-und-Care-390x390.jpg 390w, https:\/\/www.frauenkulturbuero-nrw.de\/wp-content\/uploads\/Kachel-Kunst-und-Care.jpg 1120w\" sizes=\"(max-width: 400px) 100vw, 400px\" \/><\/a><\/p>\n<h2>R\u00fcckblick Symposium KUNST+CARE am 6. Juni 2023 in D\u00fcsseldorf<\/h2>\n\n\t\t<style type=\"text\/css\">\n\t\t\t#gallery-1 {\n\t\t\t\tmargin: auto;\n\t\t\t}\n\t\t\t#gallery-1 .gallery-item {\n\t\t\t\tfloat: left;\n\t\t\t\tmargin-top: 10px;\n\t\t\t\ttext-align: center;\n\t\t\t\twidth: 20%;\n\t\t\t}\n\t\t\t#gallery-1 img {\n\t\t\t\tborder: 2px solid #cfcfcf;\n\t\t\t}\n\t\t\t#gallery-1 .gallery-caption {\n\t\t\t\tmargin-left: 0;\n\t\t\t}\n\t\t\t\/* see gallery_shortcode() in wp-includes\/media.php *\/\n\t\t<\/style>\n\t\t<div id='gallery-1' class='gallery galleryid-22806 gallery-columns-5 gallery-size-thumbnail'><dl class='gallery-item'>\n\t\t\t<dt class='gallery-icon landscape'>\n\t\t\t\t<a href='https:\/\/www.frauenkulturbuero-nrw.de\/wp-content\/uploads\/2023_crf_KUC_02419_LoRes-1-scaled.jpg'><img decoding=\"async\" width=\"190\" height=\"190\" src=\"https:\/\/www.frauenkulturbuero-nrw.de\/wp-content\/uploads\/2023_crf_KUC_02419_LoRes-1-190x190.jpg\" class=\"attachment-thumbnail size-thumbnail\" alt=\"v.l.: Daniel F. Herrmann, Dr. Hildegard Kaluza, Mira Parthasarathy, Dr. Marcel Schumacher, Johanna Reich, Dr. Susanne Ristow, Foto: Constantin Ranke\" \/><\/a>\n\t\t\t<\/dt><\/dl><dl class='gallery-item'>\n\t\t\t<dt class='gallery-icon landscape'>\n\t\t\t\t<a href='https:\/\/www.frauenkulturbuero-nrw.de\/wp-content\/uploads\/2023_crf_KUC_01831_LoRes-scaled.jpg'><img loading=\"lazy\" decoding=\"async\" width=\"190\" height=\"190\" src=\"https:\/\/www.frauenkulturbuero-nrw.de\/wp-content\/uploads\/2023_crf_KUC_01831_LoRes-190x190.jpg\" class=\"attachment-thumbnail size-thumbnail\" alt=\"Mareike Kaiser: &quot;Kunst und Care - wie geht das (zusammen)?, Video, Haus der Universit\u00e4t, Foto: Constantin Ranke\" \/><\/a>\n\t\t\t<\/dt><\/dl><dl class='gallery-item'>\n\t\t\t<dt class='gallery-icon landscape'>\n\t\t\t\t<a href='https:\/\/www.frauenkulturbuero-nrw.de\/wp-content\/uploads\/2023_crf_KUC_01794_LoRes-scaled.jpg'><img loading=\"lazy\" decoding=\"async\" width=\"190\" height=\"190\" src=\"https:\/\/www.frauenkulturbuero-nrw.de\/wp-content\/uploads\/2023_crf_KUC_01794_LoRes-190x190.jpg\" class=\"attachment-thumbnail size-thumbnail\" alt=\"Dr. Susanne Ristow, &quot;Kunst und Care&quot;, Haus der Universit\u00e4t, Foto: Constantin Ranke\" \/><\/a>\n\t\t\t<\/dt><\/dl><dl class='gallery-item'>\n\t\t\t<dt class='gallery-icon landscape'>\n\t\t\t\t<a href='https:\/\/www.frauenkulturbuero-nrw.de\/wp-content\/uploads\/2023_crf_KUC_02022_LoRes-scaled.jpg'><img loading=\"lazy\" decoding=\"async\" width=\"190\" height=\"190\" src=\"https:\/\/www.frauenkulturbuero-nrw.de\/wp-content\/uploads\/2023_crf_KUC_02022_LoRes-190x190.jpg\" class=\"attachment-thumbnail size-thumbnail\" alt=\"Dr. Franziska Wilmsen u. Dr. Susanne Ristow, &quot;Kunst und Care&quot;, Haus der Universit\u00e4t, Foto: Constantin Ranke\" \/><\/a>\n\t\t\t<\/dt><\/dl><dl class='gallery-item'>\n\t\t\t<dt class='gallery-icon landscape'>\n\t\t\t\t<a href='https:\/\/www.frauenkulturbuero-nrw.de\/wp-content\/uploads\/2023_crf_KUC_01484_LoRes-scaled.jpg'><img loading=\"lazy\" decoding=\"async\" width=\"190\" height=\"190\" src=\"https:\/\/www.frauenkulturbuero-nrw.de\/wp-content\/uploads\/2023_crf_KUC_01484_LoRes-190x190.jpg\" class=\"attachment-thumbnail size-thumbnail\" alt=\"Publikum \u201eKUNST UND CARE\u201c im Haus der Universit\u00e4t D\u00fcsseldorf, Foto: Constantin Ranke\" \/><\/a>\n\t\t\t<\/dt><\/dl><br style=\"clear: both\" \/>\n\t\t<\/div>\n\n<p><strong>Programm, Teil I <\/strong>(im Haus der Universit\u00e4t D\u00fcsseldorf)<\/p>\n<p><strong>14 Uhr\u00a0Begr\u00fc\u00dfung durch die Kooperationspartnerinnen<\/strong><br \/>\nDr. Lisa Bosbach (Studiengang Kunstvermittlung und Kulturmanagement der HHU), Ursula Theissen (Frauenkulturb\u00fcro NRW), Dr. Franziska Wilmsen (Referentin des LaB K)und Gesamtmoderation: Dr. Susanne Ristow (K\u00fcnstlerin und Medienwissenschaftlerin, Programmleitung des LaB K)<\/p>\n<p><strong>14.30 Uhr statt Keynote: Impulstrio<\/strong><br \/>\nMareice Kaiser (Journalistin, Berlin):\u00a0\u201eKunst und Care \u2013 wie geht das (zusammen)?\u201c<br \/>\nDr. Sascha F\u00f6rster (Direktor Theatermuseum D\u00fcsseldorf):\u00a0\u201eDiversere F\u00fcrsorge.\u00a0Strukturen vervielf\u00e4ltigen und neu denken\u201c<br \/>\nDr. Friederike Sigler (Ruhr-Universit\u00e4t Bochum):\u00a0\u201eCare Arbeit in der Kunst der 1960er\u00a0und 1970er Jahre\u201c<br \/>\n15.30 Uhr\u00a0Kaffeepause im Foyer, Diashow mit Bildmaterial zum Thema<\/p>\n<p><strong>15.50 Uhr\u00a0Best-Practice Beispiele<\/strong><br \/>\nDr. Daniel F. Herrmann\u00a0(Kurator National Gallery London)<br \/>\nAnnika Albrecht (K\u00fcnstlerin und Kunsthistorikerin) \u201ePuppenecke 2023\u201c<\/p>\n<p><strong>16.15 Uhr Podiumsdiskussion \u201eWho Cares?! Sorgen, Pflegen, K\u00fcmmern im Gesellschaftsbild des Kunstbetriebs\u201c<\/strong><br \/>\nModeration: Dr. Susanne Ristow (Leiterin LaB K)<br \/>\nJohanna Reich (K\u00fcnstlerin, K\u00f6ln)<br \/>\nDaniel F. Herrmann (Kurator National Gallery, London)<br \/>\nDr. Marcel Schumacher (Direktor Kunsthaus NRW, Kornelim\u00fcnster)<br \/>\nMira Parthasarathy (Kunstvermittlerin, K\u00f6ln\/D\u00fcsseldorf)<br \/>\nDr. Hildegard Kaluza, Ministerium f. Kultur beim Ministerium f\u00fcr Kultur und Wissenschaft NRW<br \/>\nFrage &amp; Antwort-Runde mit dem Publikum<br \/>\n17 Uhr Ende der Veranstaltung im Haus der Universit\u00e4t, \u00dcbergang zum Theatermuseum im Hofg\u00e4rtnerhaus<\/p>\n<p><strong>Programm Teil II <\/strong>(im Theatermuseum)<\/p>\n<p><strong>18.30 Uhr \u201eBeyond the Symbolic. Kuratieren als gelebte Praxis der F\u00fcrsorge\u201d, Impulsvortrag\u00a0<\/strong><br \/>\nSascia Bailer (Promovierende zu Care in den K\u00fcnsten an der Z\u00fcrcher Hochschule der K\u00fcnste und der University of Reading)<\/p>\n<p><strong>19 Uhr Workshops <\/strong>mit anschlie\u00dfendem freiem Austausch<\/p>\n\n\t\t<style type=\"text\/css\">\n\t\t\t#gallery-2 {\n\t\t\t\tmargin: auto;\n\t\t\t}\n\t\t\t#gallery-2 .gallery-item {\n\t\t\t\tfloat: left;\n\t\t\t\tmargin-top: 10px;\n\t\t\t\ttext-align: center;\n\t\t\t\twidth: 20%;\n\t\t\t}\n\t\t\t#gallery-2 img {\n\t\t\t\tborder: 2px solid #cfcfcf;\n\t\t\t}\n\t\t\t#gallery-2 .gallery-caption {\n\t\t\t\tmargin-left: 0;\n\t\t\t}\n\t\t\t\/* see gallery_shortcode() in wp-includes\/media.php *\/\n\t\t<\/style>\n\t\t<div id='gallery-2' class='gallery galleryid-22806 gallery-columns-5 gallery-size-thumbnail'><dl class='gallery-item'>\n\t\t\t<dt class='gallery-icon landscape'>\n\t\t\t\t<a href='https:\/\/www.frauenkulturbuero-nrw.de\/wp-content\/uploads\/2023_crf_KUC_02992_LoRes-scaled.jpg'><img loading=\"lazy\" decoding=\"async\" width=\"190\" height=\"190\" src=\"https:\/\/www.frauenkulturbuero-nrw.de\/wp-content\/uploads\/2023_crf_KUC_02992_LoRes-190x190.jpg\" class=\"attachment-thumbnail size-thumbnail\" alt=\"Empfang Theatermuseum, i. d. Mitte: Dr. Sascha F\u00f6rster, Dr. Franziska Wilmsen, Dr. Susanne Ristow,&quot;Kunst und Care&quot;, Foto: Constantin Ranke\" \/><\/a>\n\t\t\t<\/dt><\/dl><dl class='gallery-item'>\n\t\t\t<dt class='gallery-icon landscape'>\n\t\t\t\t<a href='https:\/\/www.frauenkulturbuero-nrw.de\/wp-content\/uploads\/2023_crf_KUC_02882_LoRes-scaled.jpg'><img loading=\"lazy\" decoding=\"async\" width=\"190\" height=\"190\" src=\"https:\/\/www.frauenkulturbuero-nrw.de\/wp-content\/uploads\/2023_crf_KUC_02882_LoRes-190x190.jpg\" class=\"attachment-thumbnail size-thumbnail\" alt=\"Kinderbetreuung, &quot;Kunst und Care&quot;, Theatermuseum D\u00fcsseldorf, Foto: Constantin Ranke\" \/><\/a>\n\t\t\t<\/dt><\/dl><dl class='gallery-item'>\n\t\t\t<dt class='gallery-icon landscape'>\n\t\t\t\t<a href='https:\/\/www.frauenkulturbuero-nrw.de\/wp-content\/uploads\/2023_crf_KUC_03076_LoRes-scaled.jpg'><img loading=\"lazy\" decoding=\"async\" width=\"190\" height=\"190\" src=\"https:\/\/www.frauenkulturbuero-nrw.de\/wp-content\/uploads\/2023_crf_KUC_03076_LoRes-190x190.jpg\" class=\"attachment-thumbnail size-thumbnail\" alt=\"Sascia Bailer, &quot;Kunst und Care&quot;, Theatermuseum D\u00fcsseldorf, Foto: Constantin Ranke\" aria-describedby=\"gallery-2-22827\" \/><\/a>\n\t\t\t<\/dt>\n\t\t\t\t<dd class='wp-caption-text gallery-caption' id='gallery-2-22827'>\n\t\t\t\t\u00a9 Constantin Ranke\n\t\t\t\t<\/dd><\/dl><dl class='gallery-item'>\n\t\t\t<dt class='gallery-icon landscape'>\n\t\t\t\t<a href='https:\/\/www.frauenkulturbuero-nrw.de\/wp-content\/uploads\/2023_crf_KUC_03147_LoRes-scaled.jpg'><img loading=\"lazy\" decoding=\"async\" width=\"190\" height=\"190\" src=\"https:\/\/www.frauenkulturbuero-nrw.de\/wp-content\/uploads\/2023_crf_KUC_03147_LoRes-190x190.jpg\" class=\"attachment-thumbnail size-thumbnail\" alt=\"&quot;Kunst und Care&quot;, Theatermuseum D\u00fcsseldorf, Foto: Constantin Ranke\" \/><\/a>\n\t\t\t<\/dt><\/dl><dl class='gallery-item'>\n\t\t\t<dt class='gallery-icon landscape'>\n\t\t\t\t<a href='https:\/\/www.frauenkulturbuero-nrw.de\/wp-content\/uploads\/2023_crf_KUC_03360_LoRes-scaled.jpg'><img loading=\"lazy\" decoding=\"async\" width=\"190\" height=\"190\" src=\"https:\/\/www.frauenkulturbuero-nrw.de\/wp-content\/uploads\/2023_crf_KUC_03360_LoRes-190x190.jpg\" class=\"attachment-thumbnail size-thumbnail\" alt=\"Worshop, &quot;Kunst und Care&quot;, Theatermuseum D\u00fcsseldorf, Foto: Constantin Ranke\" \/><\/a>\n\t\t\t<\/dt><\/dl><br style=\"clear: both\" \/>\n\t\t<\/div>\n\n<p>&nbsp;<\/p>\n<p>&nbsp;<\/p>\n<p>&nbsp;<\/p>\n","protected":false},"excerpt":{"rendered":"<p>Save the Date: KUNST+CARE am 8.3.2023 im KWM Krefeld<\/p>\n","protected":false},"author":4,"featured_media":22886,"parent":64,"menu_order":26,"comment_status":"closed","ping_status":"closed","template":"","meta":{"footnotes":""},"class_list":["post-22806","page","type-page","status-publish","has-post-thumbnail","hentry"],"_links":{"self":[{"href":"https:\/\/www.frauenkulturbuero-nrw.de\/index.php?rest_route=\/wp\/v2\/pages\/22806","targetHints":{"allow":["GET"]}}],"collection":[{"href":"https:\/\/www.frauenkulturbuero-nrw.de\/index.php?rest_route=\/wp\/v2\/pages"}],"about":[{"href":"https:\/\/www.frauenkulturbuero-nrw.de\/index.php?rest_route=\/wp\/v2\/types\/page"}],"author":[{"embeddable":true,"href":"https:\/\/www.frauenkulturbuero-nrw.de\/index.php?rest_route=\/wp\/v2\/users\/4"}],"replies":[{"embeddable":true,"href":"https:\/\/www.frauenkulturbuero-nrw.de\/index.php?rest_route=%2Fwp%2Fv2%2Fcomments&post=22806"}],"version-history":[{"count":5,"href":"https:\/\/www.frauenkulturbuero-nrw.de\/index.php?rest_route=\/wp\/v2\/pages\/22806\/revisions"}],"predecessor-version":[{"id":23087,"href":"https:\/\/www.frauenkulturbuero-nrw.de\/index.php?rest_route=\/wp\/v2\/pages\/22806\/revisions\/23087"}],"up":[{"embeddable":true,"href":"https:\/\/www.frauenkulturbuero-nrw.de\/index.php?rest_route=\/wp\/v2\/pages\/64"}],"wp:featuredmedia":[{"embeddable":true,"href":"https:\/\/www.frauenkulturbuero-nrw.de\/index.php?rest_route=\/wp\/v2\/media\/22886"}],"wp:attachment":[{"href":"https:\/\/www.frauenkulturbuero-nrw.de\/index.php?rest_route=%2Fwp%2Fv2%2Fmedia&parent=22806"}],"curies":[{"name":"wp","href":"https:\/\/api.w.org\/{rel}","templated":true}]}}