{"id":23108,"date":"2025-04-28T15:44:26","date_gmt":"2025-04-28T15:44:26","guid":{"rendered":"https:\/\/www.frauenkulturbuero-nrw.de\/?page_id=23108"},"modified":"2025-05-26T14:17:42","modified_gmt":"2025-05-26T14:17:42","slug":"frauen-kultur-buero","status":"publish","type":"page","link":"https:\/\/www.frauenkulturbuero-nrw.de\/?page_id=23108","title":{"rendered":"Frauen \u2013 Kultur \u2013 B\u00fcro?"},"content":{"rendered":"<h1>Frauen \u2013 Kultur \u2013 B\u00fcro?<\/h1>\n<h2>Gemeinsam fragen wir, was ein Frauen*kulturb\u00fcro heute sein kann. Welche Strukturen werden gebraucht und wie k\u00f6nnen wir die Zukunft von Gleichstellung in Kunst und Kultur aktiv gestalten?<\/h2>\n<p class=\"\" data-start=\"308\" data-end=\"777\">Seit \u00fcber 30 Jahren setzt sich das Frauenkulturb\u00fcro NRW f\u00fcr die Gleichstellung von Frauen* in Kunst und Kultur ein \u2013 sparten\u00fcbergreifend, politisch verankert, kreativ und vernetzend.<br data-start=\"490\" data-end=\"493\" \/>Nun ist die Zeit gekommen, Strukturen, Arbeitsweisen und Selbstverst\u00e4ndnis neu zu denken. Das B\u00fcro in Krefeld wird geschlossen, der Verein bleibt bestehen. Weitere Infos <a href=\"https:\/\/www.frauenkulturbuero-nrw.de\/projekte\/frauen-kultur-buero\/abschied-vom-buerostandort-fabrik-heeder\/\">hier<\/a>. Diese Ver\u00e4nderung ist Anlass und Ausgangspunkt, um gemeinsam \u00fcber die zuk\u00fcnftige Rolle eines Frauen*kulturb\u00fcro NRW nachzudenken.<\/p>\n<p class=\"\" data-start=\"779\" data-end=\"1017\"><strong data-start=\"779\" data-end=\"867\">Was braucht es heute und morgen f\u00fcr mehr Geschlechtergerechtigkeit im Kulturbetrieb?<\/strong><br data-start=\"867\" data-end=\"870\" \/><strong data-start=\"870\" data-end=\"949\">Welche Impulse kann ein Verein wie das Frauen*kulturb\u00fcro NRW k\u00fcnftig setzen?<\/strong><br data-start=\"949\" data-end=\"952\" \/><strong data-start=\"952\" data-end=\"1017\">Wie kann ehrenamtliches Engagement sinnvoll gestaltet werden?<\/strong><\/p>\n<p class=\"\" data-start=\"1019\" data-end=\"1542\">In der Veranstaltungsreihe <strong data-start=\"1041\" data-end=\"1066\">\u201eFrauen \u2013 Kultur \u2013 B\u00fcro?\u201c<\/strong> wollen wir genau diese Fragen \u00f6ffentlich diskutieren \u2013 gemeinsam mit Kulturschaffenden, Wissenschaftlerinnen, Netzwerkpartnerinnen, Vereinsmitgliedern und allen Interessierten.<br data-start=\"1245\" data-end=\"1248\" \/>Es geht um Austausch, Visionen, Vernetzung und neue Ans\u00e4tze. Im Zentrum steht die \u00dcberzeugung, dass nachhaltige Ver\u00e4nderung nur durch solidarisches Arbeiten, partnerschaftliches Denken und Sensibilisierung auf allen Ebenen (kulturpolitisch, institutionell und individuell) erreicht werden kann.<\/p>\n<hr \/>\n<h2 data-start=\"1544\" data-end=\"1555\">TERMINE<\/h2>\n<p class=\"\" data-start=\"1556\" data-end=\"1778\">Die Veranstaltungsreihe wird im Laufe des Jahres 2025 an verschiedenen Orten und in verschiedenen Formaten stattfinden.<br data-start=\"1670\" data-end=\"1673\" \/>Die aktuellen Veranstaltungen werden hier auf der Webseite sowie \u00fcber die Social-Media-Kan\u00e4le bekannt gegeben.<\/p>\n<h3 data-start=\"1812\" data-end=\"1854\"><strong data-start=\"1812\" data-end=\"1854\">Panel-Talk-Reihe<\/strong><\/h3>\n<ul>\n<li><strong data-start=\"1857\" data-end=\"1917\">31. Mai 2025, 15 Uhr<br \/>\nin Kollaboration mit und im Kunstverein Siegen<\/strong><\/li>\n<li>\n<div>F\u00fchrung durch die aktuelle Ausstellung mit Jennifer Cierlitza:<\/div>\n<div><b><i>Rhizome &amp; Rebellion \u2013 weibliche Perspektiven auf Raum, Macht und Material<\/i><\/b><\/div>\n<\/li>\n<li>Anschlie\u00dfend Podiusmdiskussion der Reihe &#8222;Frauen \u2013 Kultur \u2013 B\u00fcro?&#8220;<br \/>\nWeitere Infos <a href=\"https:\/\/www.frauenkulturbuero-nrw.de\/projekte\/frauen-kultur-buero\/panel-talks\/\">hier<\/a>.<\/li>\n<\/ul>\n<h3 data-start=\"1812\" data-end=\"1854\"><strong data-start=\"1812\" data-end=\"1854\">Sommerfest <em>Time to say goodbye<\/em> \u2013 Abschied vom B\u00fcrostandort<\/strong><\/h3>\n<ul data-start=\"1810\" data-end=\"2036\">\n<li class=\"\" data-start=\"1855\" data-end=\"1917\">\n<p class=\"\" data-start=\"1857\" data-end=\"1917\"><strong data-start=\"1857\" data-end=\"1917\">21. Juni 2025, ab 14:30 Uhr<br \/>\nFabrik Heeder, Virchowstra\u00dfe 130, Krefeld<\/strong><\/p>\n<\/li>\n<li class=\"\" data-start=\"1918\" data-end=\"2036\">\n<p class=\"\" data-start=\"1920\" data-end=\"2036\">Mit Open Call zur k\u00fcnstlerischen Beteiligung und vielseitigem Rahmenprogramm.<br data-start=\"1997\" data-end=\"2000\" \/>Weitere Infos zum Open-Call <a href=\"https:\/\/www.frauenkulturbuero-nrw.de\/projekte\/frauen-kultur-buero\/open-call-sommerfest\/\">hier<\/a>.<\/p>\n<\/li>\n<\/ul>\n","protected":false},"excerpt":{"rendered":"<p>Frauen \u2013 Kultur \u2013 B\u00fcro? Gemeinsam fragen wir,&hellip;<\/p>\n","protected":false},"author":4,"featured_media":23137,"parent":64,"menu_order":6,"comment_status":"closed","ping_status":"closed","template":"","meta":{"footnotes":""},"class_list":["post-23108","page","type-page","status-publish","has-post-thumbnail","hentry"],"_links":{"self":[{"href":"https:\/\/www.frauenkulturbuero-nrw.de\/index.php?rest_route=\/wp\/v2\/pages\/23108","targetHints":{"allow":["GET"]}}],"collection":[{"href":"https:\/\/www.frauenkulturbuero-nrw.de\/index.php?rest_route=\/wp\/v2\/pages"}],"about":[{"href":"https:\/\/www.frauenkulturbuero-nrw.de\/index.php?rest_route=\/wp\/v2\/types\/page"}],"author":[{"embeddable":true,"href":"https:\/\/www.frauenkulturbuero-nrw.de\/index.php?rest_route=\/wp\/v2\/users\/4"}],"replies":[{"embeddable":true,"href":"https:\/\/www.frauenkulturbuero-nrw.de\/index.php?rest_route=%2Fwp%2Fv2%2Fcomments&post=23108"}],"version-history":[{"count":5,"href":"https:\/\/www.frauenkulturbuero-nrw.de\/index.php?rest_route=\/wp\/v2\/pages\/23108\/revisions"}],"predecessor-version":[{"id":23177,"href":"https:\/\/www.frauenkulturbuero-nrw.de\/index.php?rest_route=\/wp\/v2\/pages\/23108\/revisions\/23177"}],"up":[{"embeddable":true,"href":"https:\/\/www.frauenkulturbuero-nrw.de\/index.php?rest_route=\/wp\/v2\/pages\/64"}],"wp:featuredmedia":[{"embeddable":true,"href":"https:\/\/www.frauenkulturbuero-nrw.de\/index.php?rest_route=\/wp\/v2\/media\/23137"}],"wp:attachment":[{"href":"https:\/\/www.frauenkulturbuero-nrw.de\/index.php?rest_route=%2Fwp%2Fv2%2Fmedia&parent=23108"}],"curies":[{"name":"wp","href":"https:\/\/api.w.org\/{rel}","templated":true}]}}