{"id":23123,"date":"2025-05-02T14:12:21","date_gmt":"2025-05-02T14:12:21","guid":{"rendered":"https:\/\/www.frauenkulturbuero-nrw.de\/?page_id=23123"},"modified":"2025-05-08T15:56:24","modified_gmt":"2025-05-08T15:56:24","slug":"abschied-vom-buerostandort-fabrik-heeder","status":"publish","type":"page","link":"https:\/\/www.frauenkulturbuero-nrw.de\/?page_id=23123","title":{"rendered":"Abschied vom B\u00fcrostandort"},"content":{"rendered":"<h1>30 Jahre Frauenkulturb\u00fcro NRW \u2013 Abschied vom B\u00fcro, Aufbruch in die Zukunft<\/h1>\n<p>Nach \u00fcber drei Jahrzehnten engagierter kulturpolitischer Arbeit verabschiedet sich das Frauenkulturb\u00fcro NRW von seinem B\u00fcrostandort in der Fabrik Heeder in Krefeld \u2013 doch der Verein bleibt aktiv. Wir nutzen diesen Moment des Wandels, um zur\u00fcckzublicken, Danke zu sagen und gemeinsam neue Wege zu entwerfen.<\/p>\n<p>&nbsp;<\/p>\n<h2><strong>Ein B\u00fcro schlie\u00dft \u2013 ein Auftrag bleibt<\/strong><\/h2>\n<p class=\"\" data-start=\"699\" data-end=\"1147\">Seit 1991 hat das Frauenkulturb\u00fcro NRW kontinuierlich daran gearbeitet, Geschlechtergerechtigkeit in Kunst und Kultur zu f\u00f6rdern. Wir haben K\u00fcnstlerinnen* unterst\u00fctzt, Netzwerke aufgebaut, kulturpolitische Impulse gesetzt, Gleichstellungsthemen in Institutionen getragen, Stipendien vergeben und Transformationsprozesse mitgestaltet. Als Impulsgeberin, Moderatorin und Kooperationspartnerin war und ist unser Ziel: eine gerechtere Kulturlandschaft.<\/p>\n<p class=\"\" data-start=\"1149\" data-end=\"1244\">Einblicke in unsere Arbeit finden sich im <a class=\"\" href=\"https:\/\/www.frauenkulturbuero-nrw.de\/archiv\/\" target=\"_new\" rel=\"noopener\" data-start=\"1191\" data-end=\"1243\">Online-Archiv<\/a>.<\/p>\n<p class=\"\" data-start=\"1246\" data-end=\"1594\">Die strukturellen und finanziellen Herausforderungen der letzten Jahre haben gezeigt, dass es Zeit ist, die Arbeit des Vereins neu aufzustellen. Das B\u00fcro wird geschlossen \u2013 der Verein bleibt. In Zukunft m\u00f6chten wir noch offener, schlanker und flexibler agieren, neue Impulse aufnehmen und gemeinsam mit einer wachsenden Community neue Formen entwickeln.<\/p>\n<p>&nbsp;<\/p>\n<h2 data-start=\"1596\" data-end=\"1641\">Einladung zum Sommerfest <em>Time to say goodbye<\/em> am 21. Juni 2025<\/h2>\n<p class=\"\" data-start=\"1643\" data-end=\"1828\">Zum Abschied vom Standort in der Fabrik Heeder laden wir herzlich zu einem Sommerfest <em>Time to say goodbye<\/em> ein. Gemeinsam m\u00f6chten wir feiern, erinnern, vernetzen und Perspektiven f\u00fcr die Zukunft entwickeln.<\/p>\n<p class=\"\" data-start=\"1830\" data-end=\"2003\"><strong data-start=\"1833\" data-end=\"1850\">Fabrik Heeder<\/strong>, Virchowstra\u00dfe 130, Krefeld<br data-start=\"1878\" data-end=\"1881\" \/><strong data-start=\"1885\" data-end=\"1902\">21. Juni 2025, ab 14:30 Uhr<\/strong><br data-start=\"1902\" data-end=\"1905\" \/>Indoor &amp; Outdoor \u2013 mit offenen T\u00fcren, Gespr\u00e4chsrunden, Musik, Kunst und viel Raum f\u00fcr Begegnung<\/p>\n<h3 class=\"\" data-start=\"2005\" data-end=\"2049\">Open Call zur k\u00fcnstlerischen Beteiligung<\/h3>\n<p class=\"\" data-start=\"2051\" data-end=\"2357\">Anl\u00e4sslich des Sommerfests ruft das Frauenkulturb\u00fcro NRW K\u00fcnstlerinnen* zur Teilnahme auf. Mehr Infos dazu hier.<\/p>\n<p>&nbsp;<\/p>\n<h2>Neue Mitlgieder herzlich willkommen<\/h2>\n<p>Der Verein freut sich \u00fcber neue Mitglieder, die sich mit eigenen Ideen, Perspektiven und Engagement f\u00fcr mehr Geschlechtergerechtigkeit in Kunst und Kultur einbringen und die Zukunft des Frauenkulturb\u00fcros NRW aktiv mitgestalten wollen.<\/p>\n<p><strong>Bei Interesse einfach \u00fcber info@frauenkulturbuero-nrw.de Unterlagen anforderung oder bei einer Veranstaltung des FKB vorbei kommen.<br \/>\n<\/strong><\/p>\n<p>Wir freuen uns auf euch!<\/p>\n<hr \/>\n<h3 class=\"\" data-start=\"3089\" data-end=\"3122\">Pressemitteilung zum Download<\/h3>\n<p class=\"\" data-start=\"3124\" data-end=\"3242\">Die ausf\u00fchrliche Pressemitteilung steht <a class=\"\" href=\"https:\/\/www.frauenkulturbuero-nrw.de\/wp-content\/uploads\/Pressemitteilung-Bueroschliessung-FKB.pdf\" rel=\"noopener\" data-start=\"3204\" data-end=\"3241\">hier als PDF zum Download bereit<\/a>.<\/p>\n","protected":false},"excerpt":{"rendered":"<p>30 Jahre Frauenkulturb\u00fcro NRW \u2013 Abschied vom B\u00fcro,&hellip;<\/p>\n","protected":false},"author":4,"featured_media":0,"parent":23108,"menu_order":5,"comment_status":"closed","ping_status":"closed","template":"","meta":{"footnotes":""},"class_list":["post-23123","page","type-page","status-publish","hentry"],"_links":{"self":[{"href":"https:\/\/www.frauenkulturbuero-nrw.de\/index.php?rest_route=\/wp\/v2\/pages\/23123","targetHints":{"allow":["GET"]}}],"collection":[{"href":"https:\/\/www.frauenkulturbuero-nrw.de\/index.php?rest_route=\/wp\/v2\/pages"}],"about":[{"href":"https:\/\/www.frauenkulturbuero-nrw.de\/index.php?rest_route=\/wp\/v2\/types\/page"}],"author":[{"embeddable":true,"href":"https:\/\/www.frauenkulturbuero-nrw.de\/index.php?rest_route=\/wp\/v2\/users\/4"}],"replies":[{"embeddable":true,"href":"https:\/\/www.frauenkulturbuero-nrw.de\/index.php?rest_route=%2Fwp%2Fv2%2Fcomments&post=23123"}],"version-history":[{"count":6,"href":"https:\/\/www.frauenkulturbuero-nrw.de\/index.php?rest_route=\/wp\/v2\/pages\/23123\/revisions"}],"predecessor-version":[{"id":23157,"href":"https:\/\/www.frauenkulturbuero-nrw.de\/index.php?rest_route=\/wp\/v2\/pages\/23123\/revisions\/23157"}],"up":[{"embeddable":true,"href":"https:\/\/www.frauenkulturbuero-nrw.de\/index.php?rest_route=\/wp\/v2\/pages\/23108"}],"wp:attachment":[{"href":"https:\/\/www.frauenkulturbuero-nrw.de\/index.php?rest_route=%2Fwp%2Fv2%2Fmedia&parent=23123"}],"curies":[{"name":"wp","href":"https:\/\/api.w.org\/{rel}","templated":true}]}}