{"id":23178,"date":"2025-06-19T16:58:20","date_gmt":"2025-06-19T16:58:20","guid":{"rendered":"https:\/\/www.frauenkulturbuero-nrw.de\/?page_id=23178"},"modified":"2025-06-20T16:46:33","modified_gmt":"2025-06-20T16:46:33","slug":"time-to-say-goodbye","status":"publish","type":"page","link":"https:\/\/www.frauenkulturbuero-nrw.de\/?page_id=23178","title":{"rendered":"Time to say goodbye"},"content":{"rendered":"<h1 data-start=\"162\" data-end=\"243\"><strong data-start=\"162\" data-end=\"193\">Sommerfest \u201eTime to say goodbye\u201c<\/strong><\/h1>\n<p><strong data-start=\"162\" data-end=\"193\">21. Juni 2025, ab 14:30 Uhr<\/strong><br data-start=\"193\" data-end=\"196\" \/>Fabrik Heeder, Virchowstra\u00dfe 130, 47805 Krefeld<\/p>\n<p data-start=\"245\" data-end=\"448\">Das Frauenkulturb\u00fcro NRW l\u00e4dt ein zum Sommerfest \u201eTime to say goodbye\u201c \u2013 ein Fest zwischen Abschied und Aufbruch.<br \/>\nAnlass ist die Schlie\u00dfung unseres B\u00fcrostandorts in der Fabrik Heeder zum 30. Juni 2025. Weite Infos dazu <a href=\"https:\/\/www.frauenkulturbuero-nrw.de\/projekte\/frauen-kultur-buero\/abschied-vom-buerostandort-fabrik-heeder\/\">hier<\/a>.<\/p>\n<p data-start=\"450\" data-end=\"683\">Gemeinsam mit K\u00fcnstlerinnen*, Wegbegleiter*innen, Vereinsmitgliedern und Interessierten wollen wir diesen Moment nutzen, um sichtbar zu machen, was feministische Kulturarbeit leisten kann \u2013 in der Vergangenheit und f\u00fcr die Zukunft.<\/p>\n<p data-start=\"450\" data-end=\"683\">Wir freuen uns auf Gespr\u00e4che, Austausch, kalte Getr\u00e4nke, gemeinsames Essen \u2013 und auf alle, die diesen Tag mit uns verbringen m\u00f6chten.<br \/>\n<strong>Der Eintritt ist frei, der Verein freut sich \u00fcber Spenden. Auch<a href=\"https:\/\/www.frauenkulturbuero-nrw.de\/wp-content\/uploads\/FKB-Beitrittserklaerung_2025.pdf\"> Mitgliedantr\u00e4ge <\/a>nehmen wir gerne entgegen!<\/strong><\/p>\n<h3 data-start=\"450\" data-end=\"683\">Installationen, Performances und Positionen von K\u00fcnstlerinnen*<\/h3>\n<p data-start=\"685\" data-end=\"987\">Im Zentrum stehen k\u00fcnstlerische Beitr\u00e4ge, Performances und Installationen, die sich mit Themen wie Erinnerung, Raum, Gemeinschaft und Wandel auseinandersetzen. Drinnen und drau\u00dfen, auf dem Flur, in den B\u00fcros, im Innenhof der Fabrik Heeder entsteht ein vielf\u00e4ltiges Programm mit unterschiedlichen Perspektiven.<\/p>\n<h4 data-start=\"989\" data-end=\"1140\"><strong data-start=\"989\" data-end=\"1018\">Mit dabei sind:<br \/>\n<\/strong>\/\u00a0 Alexandra K\u00fcrtz<br \/>\n\/\u00a0 Aline Braun &amp; Barb Dinnebier<br \/>\n\/\u00a0 Andrea Temming<br \/>\n\/\u00a0 Anna Christina Nendza<br \/>\n\/\u00a0 Annika KompArt<br \/>\n\/\u00a0 Clara Gohmert<br \/>\n\/\u00a0 Denise Winter<br \/>\n\/\u00a0 EWVA \u2013 Equality for Women in Visual Arts<br \/>\n\/\u00a0 Hyungyung Jang<br \/>\n\/\u00a0 KimchiBrot Connection<br \/>\n\/\u00a0 Klara Virnich<br \/>\n\/\u00a0 Nina Nick<br \/>\n\/\u00a0 Suse Itzel &amp; Jennifer de Negri<br \/>\n\/\u00a0 Tanja Kodlin<br \/>\n\/\u00a0 waltraud900<br \/>\n\/\u00a0 Wienke Treblin<\/h4>\n<p data-start=\"1311\" data-end=\"1619\"><strong data-start=\"1311\" data-end=\"1390\">Das Sommerfest ist Teil des laufenden Transformationsprozesses des Vereins.<br \/>\n<\/strong>Auch wenn der physische Standort schlie\u00dft \u2013 das Frauenkulturb\u00fcro NRW bleibt aktiv. Die F\u00f6rderung von K\u00fcnstlerinnen*, kulturpolitische Impulse und die Vernetzung von Akteur*innen in Kunst und Kultur stehen weiterhin im Fokus.<\/p>\n<h3 data-start=\"82\" data-end=\"128\">Weitergeben, was bleibt<\/h3>\n<p data-start=\"130\" data-end=\"262\">Zum Sommerfest verabschieden wir uns nicht nur vom B\u00fcrostandort, sondern geben auch ausgew\u00e4hlte Materialien aus dem Bestand des Frauenkulturb\u00fcro weiter.<\/p>\n<p data-start=\"264\" data-end=\"417\"><strong data-start=\"264\" data-end=\"370\">Eigenpublikationen, B\u00fccher aus der Sammlung, Flyer, Postkarten und Veranstaltungsplakate<\/strong> k\u00f6nnen gegen eine Spende mitgenommen werden.<\/p>\n<hr \/>\n<h1 data-start=\"1621\" data-end=\"1725\"><strong data-start=\"1621\" data-end=\"1725\">Mehr Infors und alle Zeiten findet Ihr im <a href=\"https:\/\/www.frauenkulturbuero-nrw.de\/wp-content\/uploads\/Ablauf-Sommerfest-FKB-210625_OFFIZIELL-Wirklich-FINAL.pdf\">TimeTable<\/a><\/strong><\/h1>\n","protected":false},"excerpt":{"rendered":"<p>Sommerfest \u201eTime to say goodbye\u201c 21. Juni 2025,&hellip;<\/p>\n","protected":false},"author":4,"featured_media":0,"parent":23108,"menu_order":3,"comment_status":"closed","ping_status":"closed","template":"","meta":{"footnotes":""},"class_list":["post-23178","page","type-page","status-publish","hentry"],"_links":{"self":[{"href":"https:\/\/www.frauenkulturbuero-nrw.de\/index.php?rest_route=\/wp\/v2\/pages\/23178","targetHints":{"allow":["GET"]}}],"collection":[{"href":"https:\/\/www.frauenkulturbuero-nrw.de\/index.php?rest_route=\/wp\/v2\/pages"}],"about":[{"href":"https:\/\/www.frauenkulturbuero-nrw.de\/index.php?rest_route=\/wp\/v2\/types\/page"}],"author":[{"embeddable":true,"href":"https:\/\/www.frauenkulturbuero-nrw.de\/index.php?rest_route=\/wp\/v2\/users\/4"}],"replies":[{"embeddable":true,"href":"https:\/\/www.frauenkulturbuero-nrw.de\/index.php?rest_route=%2Fwp%2Fv2%2Fcomments&post=23178"}],"version-history":[{"count":6,"href":"https:\/\/www.frauenkulturbuero-nrw.de\/index.php?rest_route=\/wp\/v2\/pages\/23178\/revisions"}],"predecessor-version":[{"id":23209,"href":"https:\/\/www.frauenkulturbuero-nrw.de\/index.php?rest_route=\/wp\/v2\/pages\/23178\/revisions\/23209"}],"up":[{"embeddable":true,"href":"https:\/\/www.frauenkulturbuero-nrw.de\/index.php?rest_route=\/wp\/v2\/pages\/23108"}],"wp:attachment":[{"href":"https:\/\/www.frauenkulturbuero-nrw.de\/index.php?rest_route=%2Fwp%2Fv2%2Fmedia&parent=23178"}],"curies":[{"name":"wp","href":"https:\/\/api.w.org\/{rel}","templated":true}]}}