{"id":23216,"date":"2026-01-22T13:23:58","date_gmt":"2026-01-22T13:23:58","guid":{"rendered":"https:\/\/www.frauenkulturbuero-nrw.de\/venture\/?page_id=23216"},"modified":"2026-03-31T17:47:22","modified_gmt":"2026-03-31T17:47:22","slug":"onepager-hauptseite","status":"publish","type":"page","link":"https:\/\/www.frauenkulturbuero-nrw.de\/?page_id=23216","title":{"rendered":"Archiv"},"content":{"rendered":"\t\t<div data-elementor-type=\"wp-page\" data-elementor-id=\"23216\" class=\"elementor elementor-23216\">\n\t\t\t\t<div class=\"elementor-element elementor-element-0f2a170 e-flex e-con-boxed e-con e-parent\" data-id=\"0f2a170\" data-element_type=\"container\">\n\t\t\t\t\t<div class=\"e-con-inner\">\n\t\t\t\t<div class=\"elementor-element elementor-element-0b3b511 elementor-widget elementor-widget-spacer\" data-id=\"0b3b511\" data-element_type=\"widget\" data-widget_type=\"spacer.default\">\n\t\t\t\t\t\t\t<div class=\"elementor-spacer\">\n\t\t\t<div class=\"elementor-spacer-inner\"><\/div>\n\t\t<\/div>\n\t\t\t\t\t\t<\/div>\n\t\t\t\t\t<\/div>\n\t\t\t\t<\/div>\n\t\t<div class=\"elementor-element elementor-element-5b78687 e-flex e-con-boxed e-con e-parent\" data-id=\"5b78687\" data-element_type=\"container\">\n\t\t\t\t\t<div class=\"e-con-inner\">\n\t\t<div class=\"elementor-element elementor-element-a3e1442 e-con-full e-flex e-con e-child\" data-id=\"a3e1442\" data-element_type=\"container\">\n\t\t\t\t<div class=\"elementor-element elementor-element-f992d39 elementor-widget elementor-widget-heading\" data-id=\"f992d39\" data-element_type=\"widget\" data-widget_type=\"heading.default\">\n\t\t\t\t\t<h1 class=\"elementor-heading-title elementor-size-default\">Archiv<\/h1>\t\t\t\t<\/div>\n\t\t\t\t<div class=\"elementor-element elementor-element-1e35cb0 elementor-widget elementor-widget-text-editor\" data-id=\"1e35cb0\" data-element_type=\"widget\" data-widget_type=\"text-editor.default\">\n\t\t\t\t\t\t\t\t\t<h6>Das Frauenkulturb\u00fcro NRW wurde von 1991 bis 2025 institutionell vom Land Nordrhein-Westfalen gef\u00f6rdert. In dieser Zeit hat das FKB kulturpolitische Debatten zur Geschlechtergerechtigkeit in Kunst und Kultur in NRW ma\u00dfgeblich mitgestaltet und K\u00fcnstlerinnen durch Preise, Stipendien und vielf\u00e4ltige Formate sichtbarer gemacht. Im Zuge der Neuausrichtung des Vereins wurde die Webseite 2026 \u00fcberarbeitet. Dieser Bereich bleibt als lebendiges Archiv erhalten und gibt Einblick in die langj\u00e4hrige Arbeit, Projekte und Publikationen des Frauenkulturb\u00fcros.<\/h6>\t\t\t\t\t\t\t\t<\/div>\n\t\t\t\t<\/div>\n\t\t<div class=\"elementor-element elementor-element-c11d108 e-con-full e-flex e-con e-child\" data-id=\"c11d108\" data-element_type=\"container\">\n\t\t\t\t<div class=\"elementor-element elementor-element-3217df1 elementor-widget elementor-widget-image\" data-id=\"3217df1\" data-element_type=\"widget\" data-widget_type=\"image.default\">\n\t\t\t\t\t\t\t\t\t\t\t\t\t\t\t<img fetchpriority=\"high\" decoding=\"async\" width=\"625\" height=\"469\" src=\"https:\/\/www.frauenkulturbuero-nrw.de\/wp-content\/uploads\/IMG_1976-002-700x525.jpg\" class=\"attachment-large size-large wp-image-21043\" alt=\"\" srcset=\"https:\/\/www.frauenkulturbuero-nrw.de\/wp-content\/uploads\/IMG_1976-002-700x525.jpg 700w, https:\/\/www.frauenkulturbuero-nrw.de\/wp-content\/uploads\/IMG_1976-002-400x300.jpg 400w, https:\/\/www.frauenkulturbuero-nrw.de\/wp-content\/uploads\/IMG_1976-002-768x576.jpg 768w, https:\/\/www.frauenkulturbuero-nrw.de\/wp-content\/uploads\/IMG_1976-002-1536x1152.jpg 1536w, https:\/\/www.frauenkulturbuero-nrw.de\/wp-content\/uploads\/IMG_1976-002-2048x1536.jpg 2048w, https:\/\/www.frauenkulturbuero-nrw.de\/wp-content\/uploads\/IMG_1976-002-250x188.jpg 250w, https:\/\/www.frauenkulturbuero-nrw.de\/wp-content\/uploads\/IMG_1976-002-390x293.jpg 390w\" sizes=\"(max-width: 625px) 100vw, 625px\" \/>\t\t\t\t\t\t\t\t\t\t\t\t\t\t\t<\/div>\n\t\t\t\t<\/div>\n\t\t\t\t\t<\/div>\n\t\t\t\t<\/div>\n\t\t<div class=\"elementor-element elementor-element-bcc37b6 e-flex e-con-boxed e-con e-parent\" data-id=\"bcc37b6\" data-element_type=\"container\">\n\t\t\t\t\t<div class=\"e-con-inner\">\n\t\t\t\t<div class=\"elementor-element elementor-element-4ecabe8 elementor-widget elementor-widget-spacer\" data-id=\"4ecabe8\" data-element_type=\"widget\" data-widget_type=\"spacer.default\">\n\t\t\t\t\t\t\t<div class=\"elementor-spacer\">\n\t\t\t<div class=\"elementor-spacer-inner\"><\/div>\n\t\t<\/div>\n\t\t\t\t\t\t<\/div>\n\t\t\t\t\t<\/div>\n\t\t\t\t<\/div>\n\t\t<div class=\"elementor-element elementor-element-629f420 e-flex e-con-boxed e-con e-parent\" data-id=\"629f420\" data-element_type=\"container\">\n\t\t\t\t\t<div class=\"e-con-inner\">\n\t\t<div class=\"elementor-element elementor-element-4ab15fa e-con-full e-flex e-con e-child\" data-id=\"4ab15fa\" data-element_type=\"container\">\n\t\t\t\t<div class=\"elementor-element elementor-element-7339fe9 elementor-widget elementor-widget-image\" data-id=\"7339fe9\" data-element_type=\"widget\" data-widget_type=\"image.default\">\n\t\t\t\t\t\t\t\t\t\t\t\t\t\t\t<img decoding=\"async\" width=\"600\" height=\"600\" src=\"https:\/\/www.frauenkulturbuero-nrw.de\/wp-content\/uploads\/FKB-Abschied-600x600.jpg\" class=\"attachment-large size-large wp-image-23137\" alt=\"\" srcset=\"https:\/\/www.frauenkulturbuero-nrw.de\/wp-content\/uploads\/FKB-Abschied-600x600.jpg 600w, https:\/\/www.frauenkulturbuero-nrw.de\/wp-content\/uploads\/FKB-Abschied-400x400.jpg 400w, https:\/\/www.frauenkulturbuero-nrw.de\/wp-content\/uploads\/FKB-Abschied-190x190.jpg 190w, https:\/\/www.frauenkulturbuero-nrw.de\/wp-content\/uploads\/FKB-Abschied-768x768.jpg 768w, https:\/\/www.frauenkulturbuero-nrw.de\/wp-content\/uploads\/FKB-Abschied-1536x1536.jpg 1536w, https:\/\/www.frauenkulturbuero-nrw.de\/wp-content\/uploads\/FKB-Abschied-2048x2048.jpg 2048w, https:\/\/www.frauenkulturbuero-nrw.de\/wp-content\/uploads\/FKB-Abschied-250x250.jpg 250w, https:\/\/www.frauenkulturbuero-nrw.de\/wp-content\/uploads\/FKB-Abschied-390x390.jpg 390w\" sizes=\"(max-width: 600px) 100vw, 600px\" \/>\t\t\t\t\t\t\t\t\t\t\t\t\t\t\t<\/div>\n\t\t\t\t<\/div>\n\t\t<div class=\"elementor-element elementor-element-13135bd e-con-full e-flex e-con e-child\" data-id=\"13135bd\" data-element_type=\"container\">\n\t\t\t\t<\/div>\n\t\t<div class=\"elementor-element elementor-element-c59cb93 e-con-full e-flex e-con e-child\" data-id=\"c59cb93\" data-element_type=\"container\">\n\t\t\t\t<div class=\"elementor-element elementor-element-62f5d8b elementor-widget elementor-widget-heading\" data-id=\"62f5d8b\" data-element_type=\"widget\" data-widget_type=\"heading.default\">\n\t\t\t\t\t<h2 class=\"elementor-heading-title elementor-size-default\">NEUAUSRICHTUNG UND ABSCHIED: DAS FRAUENKULTURB\u00dcRO NRW\nSCHLIESST SEINEN B\u00dcROSTANDORT \u2013 DER VEREIN BLEIBT AKTIV<\/h2>\t\t\t\t<\/div>\n\t\t\t\t<div class=\"elementor-element elementor-element-3ac3488 elementor-widget elementor-widget-text-editor\" data-id=\"3ac3488\" data-element_type=\"widget\" data-widget_type=\"text-editor.default\">\n\t\t\t\t\t\t\t\t\t<h6>Nach \u00fcber 30 Jahren kontinuierlicher Arbeit f\u00fcr<br \/>Geschlechtergerechtigkeit in Kunst und Kultur steht der<br \/>Frauenkulturb\u00fcro NRW e.V. vor einem strukturellen Umbruch: Zum 30. Juni 2025 schlie\u00dft das B\u00fcro seinen Standort in Krefeld.<br \/>Doch der Verein bleibt bestehen \u2013 und mit ihm der Anspruch, sich weiterhin f\u00fcr Gleichberechtigung und Geschlechtergerechtigkeit in Kunst und Kultur einzusetzen.<\/h6>\t\t\t\t\t\t\t\t<\/div>\n\t\t\t\t<\/div>\n\t\t\t\t\t<\/div>\n\t\t\t\t<\/div>\n\t\t\t\t<\/div>\n\t\t","protected":false},"excerpt":{"rendered":"<p>Archiv Das Frauenkulturb\u00fcro NRW wurde von 1991 bis&hellip;<\/p>\n","protected":false},"author":4,"featured_media":0,"parent":0,"menu_order":2,"comment_status":"closed","ping_status":"closed","template":"elementor_header_footer","meta":{"footnotes":""},"class_list":["post-23216","page","type-page","status-publish","hentry"],"_links":{"self":[{"href":"https:\/\/www.frauenkulturbuero-nrw.de\/index.php?rest_route=\/wp\/v2\/pages\/23216","targetHints":{"allow":["GET"]}}],"collection":[{"href":"https:\/\/www.frauenkulturbuero-nrw.de\/index.php?rest_route=\/wp\/v2\/pages"}],"about":[{"href":"https:\/\/www.frauenkulturbuero-nrw.de\/index.php?rest_route=\/wp\/v2\/types\/page"}],"author":[{"embeddable":true,"href":"https:\/\/www.frauenkulturbuero-nrw.de\/index.php?rest_route=\/wp\/v2\/users\/4"}],"replies":[{"embeddable":true,"href":"https:\/\/www.frauenkulturbuero-nrw.de\/index.php?rest_route=%2Fwp%2Fv2%2Fcomments&post=23216"}],"version-history":[{"count":5,"href":"https:\/\/www.frauenkulturbuero-nrw.de\/index.php?rest_route=\/wp\/v2\/pages\/23216\/revisions"}],"predecessor-version":[{"id":23906,"href":"https:\/\/www.frauenkulturbuero-nrw.de\/index.php?rest_route=\/wp\/v2\/pages\/23216\/revisions\/23906"}],"wp:attachment":[{"href":"https:\/\/www.frauenkulturbuero-nrw.de\/index.php?rest_route=%2Fwp%2Fv2%2Fmedia&parent=23216"}],"curies":[{"name":"wp","href":"https:\/\/api.w.org\/{rel}","templated":true}]}}