{"id":2684,"date":"2013-12-03T01:00:38","date_gmt":"2013-12-03T01:00:38","guid":{"rendered":"http:\/\/www.frauenkulturbuero-nrw.de\/?page_id=2684"},"modified":"2026-02-19T13:38:45","modified_gmt":"2026-02-19T13:38:45","slug":"ausstellung","status":"publish","type":"page","link":"https:\/\/www.frauenkulturbuero-nrw.de\/?page_id=2684","title":{"rendered":"Ausstellungen"},"content":{"rendered":"<h1>DAS FRAUENKULTURB\u00dcRO NRW<\/h1>\n<h2>Pr\u00e4sentation von Bildenden K\u00fcnstlerinnen.<\/h2>\n<p>Um die Arbeit nordrhein-westf\u00e4lische K\u00fcnstlerinnen einer gr\u00f6\u00dferen \u00d6ffentlichkeit vorzustellen, realisiert das Frauenkulturb\u00fcro NRW (FKB) seit seiner Gr\u00fcndung immer wieder Ausstellungen in unterschiedlichen St\u00e4dten und Regionen mit verschiedenen Kuratorinnen. Oftmals werden diese Pr\u00e4sentationen als Folgeprojekt der Verleihung des K\u00fcnstlerinnenpreises konzipiert, wie z.B. 1999 \u201eFeuerwerke\u201c im Hetjens Museum D\u00fcsseldorf oder 2003 \u201eWonderlands\u201c im Museum K\u00fcppersm\u00fchle in Duisburg. Als eine der erfolgreichsten Ausstellungen des FKB z\u00e4hlt \u201eStatt Bad Kunst\u201c aus dem Jahre 1996 im historischen Stadtbad Neusser Stra\u00dfe in Krefeld mit 24 K\u00fcnstlerinnen aus der Region.\u00a0Zum 20-j\u00e4hrigen Jubil\u00e4um zeigte das FKB 2011 in der Ausstellung \u201eAlles Gute\u201c im Museum Schloss Moyland zehn ehemalige Stipendiatinnen der F\u00f6rderung \u201ePr\u00e4senz vor Ort&#8220;. Anl\u00e4sslich des K\u00fcnstlerinnenpreis im Bereich Zeichnung pr\u00e4sentierten Nanne Meyer und Katharina Hinsberg ihre Arbeiten im Museum Goch.<\/p>\n<p>2017 f\u00f6rdert das Frauenkulturb\u00fcro im Rahmen des internationalen Austauschprogramms die Ausstellung TAVIDAN, kuratiert von Maria Wildeis, in Tiflis\/ Georgien und im Museum Goch.<\/p>\n<p>2021 stellt das Frauenkulturb\u00fcro im Rahmen seines 30-j\u00e4hrigen Bestehens, kuratiert von Vorst\u00e4ndin Gesine Kikol, die Ausstellung &#8222;Starke Frauen&#8220; mit K\u00fcnstlerinnen aus dem Alumnae-Programm im Malkasten D\u00fcsseldorf vor.<\/p>\n<p>2022 realisiert das Frauenkulturb\u00fcros die digitale Ausstellung mit den Preistr\u00e4gerinnen des K\u00fcnstlerinnenpreises NRW auf der site: <a href=\"https:\/\/digitalart.kuenstlerinnenpreis.nrw\/\">https:\/\/digitalart.kuenstlerinnenpreis.nrw\/<\/a><\/p>\n\n\t\t<style type=\"text\/css\">\n\t\t\t#gallery-1 {\n\t\t\t\tmargin: auto;\n\t\t\t}\n\t\t\t#gallery-1 .gallery-item {\n\t\t\t\tfloat: left;\n\t\t\t\tmargin-top: 10px;\n\t\t\t\ttext-align: center;\n\t\t\t\twidth: 25%;\n\t\t\t}\n\t\t\t#gallery-1 img {\n\t\t\t\tborder: 2px solid #cfcfcf;\n\t\t\t}\n\t\t\t#gallery-1 .gallery-caption {\n\t\t\t\tmargin-left: 0;\n\t\t\t}\n\t\t\t\/* see gallery_shortcode() in wp-includes\/media.php *\/\n\t\t<\/style>\n\t\t<div id='gallery-1' class='gallery galleryid-2684 gallery-columns-4 gallery-size-thumbnail'><dl class='gallery-item'>\n\t\t\t<dt class='gallery-icon landscape'>\n\t\t\t\t<a href='https:\/\/www.frauenkulturbuero-nrw.de\/wp-content\/uploads\/K\u00fcnsterinnenpreis-2011-FotoSDobler-70.jpg'><img decoding=\"async\" width=\"190\" height=\"190\" src=\"https:\/\/www.frauenkulturbuero-nrw.de\/wp-content\/uploads\/K\u00fcnsterinnenpreis-2011-FotoSDobler-70-190x190.jpg\" class=\"attachment-thumbnail size-thumbnail\" alt=\"Alles Gute - 20 Jahre K\u00fcnstlerinnenf\u00f6rderung, Museum Schloss Moyland, 2011, Foto S. Dobler\" \/><\/a>\n\t\t\t<\/dt><\/dl><dl class='gallery-item'>\n\t\t\t<dt class='gallery-icon landscape'>\n\t\t\t\t<a href='https:\/\/www.frauenkulturbuero-nrw.de\/wp-content\/uploads\/K\u00fcnsterinnenpreis-2011-FotoSDobler-68.jpg'><img decoding=\"async\" width=\"190\" height=\"190\" src=\"https:\/\/www.frauenkulturbuero-nrw.de\/wp-content\/uploads\/K\u00fcnsterinnenpreis-2011-FotoSDobler-68-190x190.jpg\" class=\"attachment-thumbnail size-thumbnail\" alt=\"Alles Gute - 20 Jahre K\u00fcnstlerinnenf\u00f6rderung, Museum Schloss Moyland, 2011, Foto S. Dobler\" \/><\/a>\n\t\t\t<\/dt><\/dl><dl class='gallery-item'>\n\t\t\t<dt class='gallery-icon landscape'>\n\t\t\t\t<a href='https:\/\/www.frauenkulturbuero-nrw.de\/wp-content\/uploads\/Heike-Pallance-13.04.1992-3.20-h-Foto-Heinz-Jokisch.jpg'><img decoding=\"async\" width=\"190\" height=\"190\" src=\"https:\/\/www.frauenkulturbuero-nrw.de\/wp-content\/uploads\/Heike-Pallance-13.04.1992-3.20-h-Foto-Heinz-Jokisch-190x190.jpg\" class=\"attachment-thumbnail size-thumbnail\" alt=\"Statt Bad Kunst, Heike Pallanca, 1996,\" \/><\/a>\n\t\t\t<\/dt><\/dl>\n\t\t\t<br style='clear: both' \/>\n\t\t<\/div>\n\n","protected":false},"excerpt":{"rendered":"<p>des Frauenkulturb\u00fcros NRW e.V.<\/p>\n","protected":false},"author":4,"featured_media":0,"parent":64,"menu_order":74,"comment_status":"closed","ping_status":"closed","template":"","meta":{"footnotes":""},"class_list":["post-2684","page","type-page","status-publish","hentry"],"_links":{"self":[{"href":"https:\/\/www.frauenkulturbuero-nrw.de\/index.php?rest_route=\/wp\/v2\/pages\/2684","targetHints":{"allow":["GET"]}}],"collection":[{"href":"https:\/\/www.frauenkulturbuero-nrw.de\/index.php?rest_route=\/wp\/v2\/pages"}],"about":[{"href":"https:\/\/www.frauenkulturbuero-nrw.de\/index.php?rest_route=\/wp\/v2\/types\/page"}],"author":[{"embeddable":true,"href":"https:\/\/www.frauenkulturbuero-nrw.de\/index.php?rest_route=\/wp\/v2\/users\/4"}],"replies":[{"embeddable":true,"href":"https:\/\/www.frauenkulturbuero-nrw.de\/index.php?rest_route=%2Fwp%2Fv2%2Fcomments&post=2684"}],"version-history":[{"count":5,"href":"https:\/\/www.frauenkulturbuero-nrw.de\/index.php?rest_route=\/wp\/v2\/pages\/2684\/revisions"}],"predecessor-version":[{"id":22576,"href":"https:\/\/www.frauenkulturbuero-nrw.de\/index.php?rest_route=\/wp\/v2\/pages\/2684\/revisions\/22576"}],"up":[{"embeddable":true,"href":"https:\/\/www.frauenkulturbuero-nrw.de\/index.php?rest_route=\/wp\/v2\/pages\/64"}],"wp:attachment":[{"href":"https:\/\/www.frauenkulturbuero-nrw.de\/index.php?rest_route=%2Fwp%2Fv2%2Fmedia&parent=2684"}],"curies":[{"name":"wp","href":"https:\/\/api.w.org\/{rel}","templated":true}]}}