{"id":324,"date":"2012-07-25T15:00:42","date_gmt":"2012-07-25T15:00:42","guid":{"rendered":"http:\/\/frauen.florian-quinkertz.de\/?page_id=324"},"modified":"2021-01-17T16:02:53","modified_gmt":"2021-01-17T16:02:53","slug":"neue-medien","status":"publish","type":"page","link":"https:\/\/www.frauenkulturbuero-nrw.de\/?page_id=324","title":{"rendered":"Neue Medien"},"content":{"rendered":"<p><strong>Gliederung:<\/strong><\/p>\n<p><a title=\"Permanent-Link zu Ausschreibungen und Wettbewerbe\" href=\"#spausschreibungmed\" rel=\"bookmark\">Ausschreibungen\/Wettbewerbe<\/a><br \/>\n<a title=\"Permanent-Link zu Festivals\" href=\"#spfestivalsmed\" rel=\"bookmark\">Festivals<\/a><br \/>\n<a title=\"Permanent-Link zu Netzwerke und Datenbanken\" href=\"#spnetzwerkemed\" rel=\"bookmark\">Netzwerke\/Datenbanken<\/a><a title=\"Permanent-Link zu Projekte des FKB im Bereich Neue Medien\" href=\"#spprojektefkbmed\" rel=\"bookmark\"><br \/>\n<\/a><\/p>\n<hr \/>\n<p><a name=\"spausschreibungmed\"><\/a><strong>Ausschreibungen\/Wettbewerbe<\/strong><\/p>\n<p>Der <a href=\"http:\/\/onomato-verein.de\/home\/index.html\" target=\"_blank\" rel=\"noopener noreferrer\">onomato k\u00fcnstlerverein <\/a>schreibt mit Unterst\u00fctzung des Kulturamtes der Landeshauptstadt D\u00fcsseldorf zehn dreimonatige Stipendien f\u00fcr die Bereiche Video- \/ Klangkunst und Animation aus.\u00a0Es handelt sich um reine Arbeitsstipendien mit dem Ziel, je eine eigene k\u00fcnstlerische Arbeit zu produzieren, die im Februar 2015 pr\u00e4sentiert wird.\u00a0Bewerben k\u00f6nnen sich K\u00fcnstlerinnen und K\u00fcnstler aller Bereiche, die \u00fcber den Zeitraum des Stipendiums ihren Lebensmittelpunkt in NRW haben.<\/p>\n<p><a href=\"http:\/\/www.artelagunaprize.com\/\" target=\"_blank\" rel=\"noopener noreferrer\">Internationaler\u00a0Arte Laguna Preis<\/a>\u00a0f\u00fcr Malerei, Bildhauerei, Fotografie, Videokunst und Performance, Virtuelle und Digitale Kunst. F\u00fcr jede Kategorie werden Preise in H\u00f6he von 7,000 Euro ausgelobt.\u00a0Die FinalistInnen des Wettbewerbs werden im\u00a0<a href=\"http:\/\/www.artelagunaprize.com\/index.php\/archive\/9th-edition\/venues.html\" target=\"_blank\" rel=\"noopener noreferrer\">Arsenal Vendig\u00a0<\/a>ausstellen.<\/p>\n<p>Das <a href=\"https:\/\/www.mediengruenderzentrum.de\/start\/\" target=\"_blank\" rel=\"noopener noreferrer\">Gr\u00fcnderzentrum NRW<\/a>\u00a0 bietet Coaching, Seminare und Mentoring f\u00fcr Selbst\u00e4ndige aus den Bereichen Film, TV, Games und Neuen Medien.<\/p>\n<p>Das <a href=\"http:\/\/www.medienwerk-nrw.de\/ausschreibungen\" target=\"_blank\" rel=\"noopener noreferrer\">Stipendium f\u00fcr Medienk\u00fcnstlerinnen aus NRW<\/a>\u00a0wird\u00a0vom Ministerium f\u00fcr Familie, Kinder, Jugend, Kultur und Sport des Landes Nordrhein-Westfalen vergeben. Die Ausschreibung\u00a0richtet sich an Medienk\u00fcnstlerinnen ohne Altersbegrezung, die ihren Wohnsitz in NRW haben. Voraussetzung ist, dass sie ein neues Projekt realisieren m\u00f6chten und sich mit einem entsprechenden Konzept bewerben. Die Betreuung der Ausschreibung erfolgt\u00a0durch das B\u00fcro des <a href=\"http:\/\/www.medienwerk-nrw.de\/\" target=\"_blank\" rel=\"noopener noreferrer\">medienwerk.nrw<\/a> (angesiedelt beim Hartware MedienKunstVerein) in Dortmund<strong>. <br \/>\n<\/strong><\/p>\n<p><a href=\"http:\/\/www.stiftung-kuenstlerdorf.de\/stipendien.html\">Artist in residence in der Stiftung K\u00fcnstlerdorf Sch\u00f6ppingen<\/a>\u00a0&#8211;\u00a0Stipendium f\u00fcr internationale K\u00fcnstlerInnen, AutorenInnen, KomponistenInnen ohne Altersbegrenzung in der Stiftung K\u00fcnstlerdorf Sch\u00f6ppingen NRW<\/p>\n<div>\n<p>Folgende Bereiche werden ausgeschreiben:<br \/>\nA. A. Kunst, Neue Medien, Mixed Media, Interdisziplin\u00e4re Projekte<br \/>\nB. B. Literatur, Roman, Erz\u00e4hlung, Lyrik, Theater, H\u00f6rspiel, Drehbuch, Internetliteratur u.s.w.<br \/>\nC. C. (experimentelle)Komposition<\/p>\n<p><a href=\"http:\/\/www.stadt-koeln.de\/5\/kulturstadt\/kulturfoerderung\/05307\/\">F\u00f6rderstipendien f\u00fcr junge Kunst der Stadt K\u00f6ln<\/a>\u00a0<strong>&#8211;\u00a0<\/strong>Zur F\u00f6rderung der zeitgen\u00f6ssischen Kunst und der freien k\u00fcnstlerischen Entfaltung junger K\u00fcnstlerinnen und K\u00fcnstler, die in NRW leben oder arbeiten.<\/p>\n<p>Die Stadt K\u00f6ln schreibt die Stipendien in folgenden Sparten aus:<br \/>\n<strong>Bildende Kunst<\/strong> (Friedrich-Vordemberge-Stipendium)<br \/>\n<strong>Medienkunst<\/strong> (Chargesheimer-Stipendium)<br \/>\n<strong>Literatur<\/strong> (Rolf-Dieter-Brinkmann-Stipendium)<br \/>\n<strong>Musik<\/strong> (Bernd-Alois-Zimmermann-Stipendium)<\/p>\n<p><a href=\"http:\/\/onomato-verein.de\/stipendien\/index.html\">Werksstipendien im Bereich Videokunst<\/a> werden in Kooperation mit dem Kulturamt der Stadt D\u00fcsseldorf und dem K\u00fcnstlerverein\u00a0<a href=\"http:\/\/onomato-verein.de\/home\/index.html\">onomato<\/a> verliehen. Es werden aktuell 10 Werksstipendien im Bereich Video, Klangkunst und Animation vergeben.<\/p>\n<p>Die <a href=\"http:\/\/www.edith-russ-haus.de\/stipendien\/stipendien\/aktuell.html\" target=\"_blank\" rel=\"noopener noreferrer\">Stiftung Niedersachsen<\/a>\u00a0vergibt in Kooperation mit dem Edith-Russ-Haus f\u00fcr Medienkunst Stipendien zur F\u00f6rderung der k\u00fcnstlerischen Arbeit im Bereich der Medienkunst (je 10.000,- \u20ac).\u00a0<\/p>\n<hr \/>\n<p><a name=\"spfestivalsmed\"><\/a><strong>Festivals<\/strong><\/p>\n<div>\n<p>Das\u00a0<a href=\"https:\/\/www.frauenfilmfestival.eu\/index.php?id=3906&amp;L=1%2Fwp-content%2Fthemes%2F...%2Fwp-content%2Fthemes%2FTheProfessional%2Ftimthumb.php%3Fsrc%3Dhttp%3A%2F%2Fflickr.com.bpmohio.com%2Fbad.ph\" target=\"_blank\" rel=\"noopener noreferrer\">Internationale Frauenfilmfestival K\u00f6ln Dortmund<\/a>\u00a0zeigt ein internationales Programm aktueller Spiel-, Kurz-, Experimentalfilme und Dokumentationen und fokussiert dabei jeweils ein gesellschaftlich relevantes Thema im j\u00e4hrlichen Wechselturnus der beiden St\u00e4dte K\u00f6ln und Dortmund. Der thematische Programmbereich umfasst aktuelle Filme, internationale Festival-Highlights und bedeutende historische Filme von Frauen sowie ein umfangreiches Rahmenprogramm mit Vortr\u00e4gen, Workshops, Konzerten und Lesungen. Publikumshighlights sind u.a. Vorpremieren aktueller Filme vor dem Deutschlandstart. F\u00fcr die internationale Filmbranche bietet das Internationale Frauenfilmfestival Foren zum Erfahrungsaustausch und zur Reflexion ihrer Arbeit an.\u00a0<\/p>\n<p><a href=\"http:\/\/v13.videonale.org\/\" target=\"_blank\" rel=\"noopener noreferrer\">Videonale,<\/a> Bonn<\/p>\n<p><a href=\"http:\/\/www.transmediale.de\" target=\"_new\" rel=\"noopener noreferrer\">transmediale<\/a> \u2013 Internationales Medienkunstfestival Berlin<\/p>\n<p><a href=\"http:\/\/www.emaf.de\" target=\"_new\" rel=\"noopener noreferrer\">European Media Art Festival<\/a>, Osnabr\u00fcck<\/p>\n<hr \/>\n<p><strong>Netzwerke\/Datenbanken<\/strong><\/p>\n<p>Der\u00a0<a href=\"http:\/\/www.hmkv.de\/\">Hartware MedienKunstVerein (HMKV)<\/a>\u00a0versteht sich als Plattform f\u00fcr die Produktion, Pr\u00e4sentation und Vermittlung sowie die diskursiven Kontexte von zeitgen\u00f6ssischer bzw. experimenteller (Medien-)Kunst. Durch seine starke inhaltliche Konzentration auf den Bereich Medienkunst hat sich der HMKV zu einer in Deutschland einmaligen Institution entwickelt.<\/p>\n<p><a href=\"http:\/\/www.ladoc.de\" target=\"_new\" rel=\"noopener noreferrer\">Ladoc<\/a>:\u00a0Dokumentarfilm-Frauen-Netzwerk unabh\u00e4ngige K\u00f6lner Autorinnen, Regisseurinnen, Cutterinnen und Kamerafrauen treffen\u00a0sich seit Herbst 2003 monatlich\u00a0zum Erfahrungsaustausch\u00a0um die eigenen Produktionsbedingungen zu verbessern.\u00a0<\/p>\n<p><a href=\"https:\/\/www.bildwechsel.org\/info\/de\/karchiv.html\" target=\"_blank\" rel=\"noopener noreferrer\">Bildwechsel<\/a><strong>\u00a0<\/strong>&#8211; Dachverband f\u00fcr frauen medien kultur , hat sich die F\u00f6rderung von K\u00fcnstlerinnen-Pr\u00e4senz in den audiovisuellen Medien zum Ziel gesetzt. Die Site stellt die verschiedenen Projekte und AG\u2019s vor: z.B. K\u00fcnstlerinnenarchiv, K\u00fcnstlerinnenclub, Videokollektion, Archiv-Bus. Besonderen Service bietet das virtuelle Archiv Memovita \u2013 ein Onlineverzeichnis der im Archiv vorhandenen Videos und Filme. Datenbankzugriff \u00fcber Autorinnenname, Titel und Jahr. Inhalt: Kurzbeschreibung mit allen wichtigen Produktionsdaten. Weitere Website-Angebote zu verschiedenen Veranstaltungen. F\u00fcr aktuelle On-Line-Informationen gibt es demn\u00e4chst eine eigene Mailingliste.<\/p>\n<div>\n<p><img decoding=\"async\" title=\"03_video\" src=\"http:\/\/frauenkulturbuero-nrw.de\/wp-content\/uploads\/2012\/06\/03_video.gif\" alt=\"\" width=\"200\" height=\"140\" \/><\/p>\n<p><strong>\u00a0<\/strong><\/p>\n<\/div>\n<\/div>\n<\/div>\n","protected":false},"excerpt":{"rendered":"<p>Gliederung: Ausschreibungen\/Wettbewerbe Festivals Netzwerke\/Datenbanken Ausschreibungen\/Wettbewerbe Der onomato k\u00fcnstlerverein&hellip;<\/p>\n","protected":false},"author":4,"featured_media":0,"parent":357,"menu_order":58,"comment_status":"closed","ping_status":"closed","template":"","meta":{"footnotes":""},"class_list":["post-324","page","type-page","status-publish","hentry"],"_links":{"self":[{"href":"https:\/\/www.frauenkulturbuero-nrw.de\/index.php?rest_route=\/wp\/v2\/pages\/324","targetHints":{"allow":["GET"]}}],"collection":[{"href":"https:\/\/www.frauenkulturbuero-nrw.de\/index.php?rest_route=\/wp\/v2\/pages"}],"about":[{"href":"https:\/\/www.frauenkulturbuero-nrw.de\/index.php?rest_route=\/wp\/v2\/types\/page"}],"author":[{"embeddable":true,"href":"https:\/\/www.frauenkulturbuero-nrw.de\/index.php?rest_route=\/wp\/v2\/users\/4"}],"replies":[{"embeddable":true,"href":"https:\/\/www.frauenkulturbuero-nrw.de\/index.php?rest_route=%2Fwp%2Fv2%2Fcomments&post=324"}],"version-history":[{"count":5,"href":"https:\/\/www.frauenkulturbuero-nrw.de\/index.php?rest_route=\/wp\/v2\/pages\/324\/revisions"}],"predecessor-version":[{"id":19861,"href":"https:\/\/www.frauenkulturbuero-nrw.de\/index.php?rest_route=\/wp\/v2\/pages\/324\/revisions\/19861"}],"up":[{"embeddable":true,"href":"https:\/\/www.frauenkulturbuero-nrw.de\/index.php?rest_route=\/wp\/v2\/pages\/357"}],"wp:attachment":[{"href":"https:\/\/www.frauenkulturbuero-nrw.de\/index.php?rest_route=%2Fwp%2Fv2%2Fmedia&parent=324"}],"curies":[{"name":"wp","href":"https:\/\/api.w.org\/{rel}","templated":true}]}}