{"id":339,"date":"2012-07-25T14:55:44","date_gmt":"2012-07-25T14:55:44","guid":{"rendered":"http:\/\/frauen.florian-quinkertz.de\/?page_id=339"},"modified":"2021-01-17T15:00:42","modified_gmt":"2021-01-17T15:00:42","slug":"literatur","status":"publish","type":"page","link":"https:\/\/www.frauenkulturbuero-nrw.de\/?page_id=339","title":{"rendered":"Literatur"},"content":{"rendered":"<p><strong>Gliederung:<\/strong><\/p>\n<p><a title=\"Permanent-Link zu Archive\" href=\"#sparchivelit\" rel=\"bookmark\">Archive<\/a><a title=\"Permanent-Link zu Ausschreibungen und Wettbewerbe\" href=\"#spausschreibunglit\" rel=\"bookmark\"><br \/>\nAusschreibungen\/Wettbewerbe<\/a><br \/>\n<a title=\"Permanent-Link zu Datenbanken\" href=\"#spdatenbankenlit\" rel=\"bookmark\">Datenbanken<\/a><br \/>\n<a title=\"Permanent-Link zu Fachzeitschriften\" href=\"#spfachzeitschriftenlit\" rel=\"bookmark\">Fachzeitschriften<\/a><br \/>\n<a title=\"Permanent-Link zu Netzwerke\" href=\"#spnetzwerkelit\" rel=\"bookmark\">Netzwerke<\/a><\/p>\n<p><a name=\"sparchivelit\"><\/a><strong>Archive<\/strong><\/p>\n<div>\n<p>Die <a href=\"http:\/\/www.dasind.uni-bremen.de\" target=\"_new\" rel=\"noopener noreferrer\">Stiftung Frauen-Literatur-Forschung e.V<\/a> in Bremen konzentriert sich seit 21 Jahren auf die Werke und Biographien deutschsprachiger Schriftstellerinnen nach 1945. Die Web-Site informiert in deutsch und englisch kurz \u00fcber Hintergrund, Ver\u00f6ffentlichungen, Termine und \u00fcber die umfangreiche Schriftstellerinnen-Datenbank.<br \/>\nDas\u00a0<a href=\"https:\/\/www.frauenkulturarchiv.de\/\" target=\"_blank\" rel=\"noopener noreferrer\">Frauen\u2013Kultur\u2013Archiv<\/a>\u00a0 ist eine Einrichtung der\u00a0Frauenforschungs-Transferstelle der Heinrich-Heine-Universit\u00e4t D\u00fcsseldorf\u00a0bietet u. a. Material zu rheinischen Autorinnnen.<br \/>\nDer\u00a0<a href=\"http:\/\/www.frauenmediaturm.de\/\" target=\"_blank\" rel=\"noopener noreferrer\">FrauenMediaTurm, K\u00f6ln<\/a>\u00a0(FMT) ist ein Informationszentrum zur Geschichte der Emanzipation,\u00a0ein Hort des lebendigen Ged\u00e4chtnisses von Frauen. Er wird genutzt von Wissenschaft, Medien und Politik. Seit 1994 hat das zehn Jahre zuvor gegr\u00fcndete Archiv seinen Sitz in dem mittelalterlichen Bayenturm zu K\u00f6ln am Rhein. Der FMT ist im deutschsprachigen Raum\u00a0die thematisch umfassendste, modern erschlossene Spezialbibliothek zu Geschlechtergerechtigkeit und Genderforschung.<br \/>\nDie <a href=\"http:\/\/www.fembio.org\/biographie.php\/frau\/ueber\" target=\"_blank\" rel=\"noopener noreferrer\">FemBio e.V. \u2013 Frauenbiografieforschung<\/a>\u00a0\u00a0ist das weltweit gr\u00f6\u00dfte Online-Archiv an Frauenbiografien mit Schwerpunkt Europa und den USA. Kurzbiographien erinnern an Lebensleistungen interessanter Pers\u00f6nlichkeiten aus Geschichte und Gegenwart. Die Pr\u00e4sentation der Lebensgeschichten umfasst nicht nur Grundinformationen \u00fcber Leben und Werk, sondern arbeitet gerade die besonderen Lebensumst\u00e4nde aus weiblicher Perspektive heraus, die meist bisher gar nicht dokumentiert wurden.<\/p>\n<hr \/>\n<p><a name=\"spausschreibunglit\"><\/a><strong>Ausschreibungen\/Wettbewerbe<\/strong><\/p>\n<p>Der <a href=\"http:\/\/burghofbuehne-dinslaken.de\/\" target=\"_blank\" rel=\"noopener noreferrer\">Kathrin-T\u00fcrks-Preis <\/a>wird im zweij\u00e4hrigen Turnus vom\u00a0Landestheater Dinslaken, der Burghofb\u00fchne, ausgelobt und\u00a0richtet sich an\u00a0Autorinnen des Jugendtheaters,\u00a0renommierte Autorinnen ebenso wie talentierte Newcomerinnen.<br \/>\nDie Ausschreibung beinhaltet keine Themenvorgabe. Fremdsprachige Autorinnen k\u00f6nnen einsenden, wenn deutsche \u00dcbersetzungen vorliegen. Das Preisgeld in H\u00f6he von 7.500 \u20ac ist mit der Urauff\u00fchrung des pr\u00e4mierten St\u00fcckes\u00a0am Landestheater Burghofb\u00fchne\u00a0gekoppelt.<\/p>\n<p>Die <a href=\"http:\/\/www.gwk-online.de\/\" target=\"_blank\" rel=\"noopener noreferrer\">Gesellschaft zur F\u00f6rderung westf\u00e4lischer Kulturarbeit<\/a>\u00a0&#8211; GWK &#8211; vergibt auch F\u00f6rderpreise im Bereich Literatur. Zu dem Preisgeld in H\u00f6he von 4.000 \u20ac kommen honorierte Lesungen f\u00fcr die Preistr\u00e4ger\/innen. Bewerber\/innen m\u00fcssen in Westfalen-Lippe geboren sein oder dort seit mindestens zwei Jahren leben oder aber ihren Hochschulabschluss in der Region erworben haben.<\/p>\n<p>Der\u00a0<a href=\"http:\/\/www.literaturbuero-ruhr.de\/index.php?id=literaturpreisruhr\" target=\"_blank\" rel=\"noopener noreferrer\">Literaturpreis Ruhr <\/a>ist gegliedert\u00a0in einen mit 10.000 \u20ac dotierten Hauptpreis und zwei F\u00f6rderpreise in H\u00f6he von 2.555 \u20ac und wird j\u00e4hrlich vom Regionalverband Ruhr vergeben.\u00a0Der Literaturpreis Ruhr wird unter drei F\u00f6rderaspekten gesehen:\u00a0<br \/>\nF\u00f6rderung von Autorinnen und Autoren, die im Ruhrgebiet leben, deren literarische Werke aber nicht unbedingt diese Region thematisieren m\u00fcssen;<br \/>\nF\u00f6rderung sch\u00f6ngeistiger Literatur \u00fcber das Ruhrgebiet:<br \/>\nF\u00f6rderung von Autorinnen und Autoren, die au\u00dferhalb der Region leben, deren literarische Werke aber das Ruhrgebiet thematisieren;<br \/>\nF\u00f6rderung der literaturkritischen und literaturwissenschaftlichen oder verlegerischen Arbeit im Ruhrgebiet.<br \/>\nMit dem Hauptpreis wird der\/die Preistr\u00e4ger\/in f\u00fcr sein\/f\u00fcr ihr literarisches, literaturkritisches, literaturwissenschaftliches oder verlegerisches Werk ausgezeichnet.<br \/>\nVerlage, Buchhandlungen, Bibliotheken, Universit\u00e4ten, Kulturbeh\u00f6rden, der Regionalverband Ruhr, der Verband Deutscher Schriftsteller in NRW, Literaturb\u00fcros usw. sowie Einzelpersonen k\u00f6nnen die Kandidatinnen und Kandidaten vorschlagen.\u00a0Eigenbewerbungen sind nicht m\u00f6glich.\u00a0Die unabh\u00e4ngige Jury entscheidet \u00fcber die Preistr\u00e4gerin oder den Preistr\u00e4ger.<br \/>\nDie F\u00f6rderpreise werden an den literarischen Nachwuchs vergeben.\u00a0Jede Kandidatin, jeder Kandidat muss sich selbst mit einer Einsendung bewerben.\u00a0<\/p>\n<p>Der <a href=\"https:\/\/www.swr.de\/swr2\/hoerspiel\/ard-hoerspieltage\/deutscher-kinderhoerspielpreis-2020-100.html\" target=\"_blank\" rel=\"noopener noreferrer\">Deutscher Kinderh\u00f6rspielpreis <\/a>zeichnet\u00a0den besten Originalstoff oder die beste Adaption f\u00fcr Kinderh\u00f6rspiele aus. Der mit 5.000 \u20ac dotierte Preis wird gemeinsam mit der ARD, der Film- und Medienstiftung NRW und der Stadt Wuppertal j\u00e4hrlich ausschreibt.\u00a0<\/p>\n<p><a href=\"http:\/\/www.stiftung-kuenstlerdorf.de\/stipendien.html\">Artist in residence in der Stiftung K\u00fcnstlerdorf Sch\u00f6ppingen<\/a>\u00a0&#8211;\u00a0Stipendium f\u00fcr internationale K\u00fcnstlerInnen, AutorenInnen, KomponistenInnen ohne Altersbegrenzung in der Stiftung K\u00fcnstlerdorf Sch\u00f6ppingen NRW<\/p>\n<div>\n<p>Folgende Bereiche werden ausgeschrieben:<br \/>\nA: Kunst, Neue Medien, Mixed Media, Interdisziplin\u00e4re Projekte<br \/>\nB: Literatur, Roman, Erz\u00e4hlung, Lyrik, Theater, H\u00f6rspiel, Drehbuch, Internetliteratur u.s.w.<br \/>\nC: (experimentelle) Komposition<\/p>\n<\/div>\n<p>Die F\u00f6rderstipendien f\u00fcr junge Kunst der Stadt K\u00f6ln<a href=\"https:\/\/www.stadt-koeln.de\/artikel\/04493\/index.html\" target=\"_blank\" rel=\"noopener noreferrer\">https:\/\/www.stadt-koeln.de\/artikel\/04493\/index.html<\/a>\u00a0sollen\u00a0junge K\u00fcnstlerinnen und K\u00fcnstler\u00a0der zeitgen\u00f6ssischen Kunst, die\u00a0in NRW leben oder arbeiten, bei ihrer freien k\u00fcnstlerischen Entfaltung unterst\u00fctzen.\u00a0Zur Ausschreibung kommen Stipendien in folgenden Sparten:\u00a0\u00a0Bildende Kunst\u00a0(Friedrich-Vordemberge-Stipendium),\u00a0Medienkunst (Chargesheimer-Stipendium),\u00a0Literatur (Rolf-Dieter-Brinkmann-Stipendium),\u00a0Musik\u00a0(Bernd-Alois-Zimmermann-Stipendium).<\/p>\n<p>Der <a href=\"https:\/\/www.stadt-muenster.de\/filmservice\/archiv\/fuer-drehbuchautoren\/drehbuchfoerderpreis.html\" target=\"_blank\" rel=\"noopener noreferrer\">Drehbuchf\u00f6rderpreis der Stadt\u00a0M\u00fcnster<\/a> wurde 2017 letztmalig vom Filmservice M\u00fcnster.Land ausgeschrieben. Unter dem Titel\u00a0 &#8222;Geschichten f\u00fcr die Provinz&#8220; richtete sich die\u00a0 Ausschreibung an Drehbuchautor*innen aus ganz Europa.<\/p>\n<p>Die\u00a0<a href=\"http:\/\/www.academycologne.org\/de\/news-detail-nodate\/article\/open-call.html\" target=\"_blank\" rel=\"noopener noreferrer\">Akademie der K\u00fcnste der Welt<\/a> ist eine internationale K\u00fcnstlergesellschaft mit Sitz in K\u00f6ln. Sie wurde 2012 mit dem Ziel gegr\u00fcndet, den inter- und transkulturellen Dialog innerhalb der K\u00fcnste zu f\u00f6rdern und\u00a0setzt sich aus K\u00fcnstler_innen, Musiker_innen, Choreograph_innen, Theaterregisseur_innen, Filmemacher_innen, Autor_innen, Kurator_innen und anderen Kulturschaffenden unterschiedlicher k\u00fcnstlerischer und geografischer Provenienz zusammen.\u00a0Die Akademie vergibt auch Zusch\u00fcsse an Einzelk\u00fcnstler\/innen oder K\u00fcnstlergruppen.\u00a0<\/p>\n<hr \/>\n<p><strong><a name=\"spdatenbankenlit\"><\/a>Datenbanken<\/strong><\/p>\n<p><a href=\"https:\/\/www.addf-kassel.de\/kataloge\/dasind\/\" target=\"_blank\" rel=\"noopener noreferrer\">DaSinD<\/a> ist eine Datenbank zu Schriftstellerinnen aus Deutschland, \u00d6sterreich und der Schweiz von 1945 &#8211; 2008 und wird von der Stiftung Frauen-Literatur-Forschung e.V.\u00a0betreut.<\/p>\n<p><a href=\"https:\/\/www.onb.ac.at\/forschung\/ariadne-frauendokumentation\/\" target=\"_blank\" rel=\"noopener noreferrer\">ARIADNE<\/a>\u00a0ist eine\u00a0Serviceeinrichtung\u00a0der \u00d6sterreichischen Nationalbibliothek<strong>\u00a0<\/strong>und\u00a0bietet\u00a0frauenspezifische Informationen, Dokumentationen sowie bibliographische Angaben zu Schriftstellerinnen mit Standortnachweisen innerhalb der \u00d6sterreichischen Nationalbibliothek.<\/p>\n<p><a href=\"http:\/\/www.iiav.nl\" target=\"_new\" rel=\"noopener noreferrer\">IIAV<\/a>,\u00a0Internationaal Informatiecentrum en Archief voor de Vrouwenbeweging\u00a0&#8211;\u00a0bietet\u00a0per Datenbank Zugriff auf bibliographische Angaben zu niederl\u00e4ndischen und internationalen Autorinnen (Belletristik und Sachliteratur).<\/p>\n<div>\n<hr \/>\n<p><strong><a name=\"spfachzeitschriftenlit\"><\/a>Fachzeitschriften<\/strong><\/p>\n<div>\n<p><a href=\"http:\/\/www.emma.de\/\" target=\"_new\" rel=\"noopener noreferrer\">EMMA<\/a>\u00a0, politisches Frauenmagazin, 1977 gegr\u00fcndet. Alice Schwarzer ist Herausgeberin und Gr\u00fcnderin.\u00a0<\/p>\n<p><a href=\"http:\/\/www.wirfrauen.de\/index.php\" target=\"_new\" rel=\"noopener noreferrer\">WIR FRAUEN<\/a>\u00a0steht f\u00fcr einen linken Feminismus, der mehr will als die H\u00e4lfte vom Kuchen.<\/p>\n<p><a href=\"http:\/\/gazelle-magazin.de\/\" target=\"_new\" rel=\"noopener noreferrer\">Gazelle<\/a>,\u00a0\u00a0multikulturelle Frauenmagazin, geht auf spezifische Probleme, Bed\u00fcrfnisse und Interessen der in der Bundesrepublik lebenden Migrantinnen und deutschen B\u00fcrgerinnen ein\u00a0<\/p>\n<p><a href=\"http:\/\/www.wellesley.edu\/womensreview\/\" target=\"_new\" rel=\"noopener noreferrer\">The Women\u2019s Review of Books <\/a>\u00a0feministische Literaturzeitung, USA<br \/>\nVirginia,\u00a0Zeitschrift f\u00fcr internationale Buchkritik, bietet umfangreiches Material zu Autorinnen und Rezensentinen.<\/p>\n<p><a href=\"http:\/\/missy-magazine.de\/\" target=\"_blank\" rel=\"noopener noreferrer\">Missy-Magazin<\/a>, gesellschaftspolitische Frauenzeitschrift<\/p>\n<hr \/>\n<p><a name=\"spnetzwerkelit\"><\/a><strong>Netzwerke<\/strong><\/p>\n<div>\n<p>Die <a href=\"http:\/\/www.autorinnenvereinigung.de\" target=\"_new\" rel=\"noopener noreferrer\">Autorinnenvereinigung e.V.<\/a> ist der Tr\u00e4gerverein des Autorinnenforums.<\/p>\n<p><a href=\"http:\/\/www.texttreff.de\/\" target=\"_blank\" rel=\"noopener noreferrer\">www.texttreff.de<\/a>\u00a0&#8211; ein\u00a0Netzwerk\u00a0wortstarker Frauen\u00a0bringt Autorinnen und Auftraggeber zusammen.<\/p>\n<p><a href=\"http:\/\/www.iwwg.com\/\" target=\"_new\" rel=\"noopener noreferrer\">IWWG<\/a>\u00a0&#8211;\u00a0International Women\u2019s Writing Guild ist ein amerikanisches Netzwerk zur Unterst\u00fctzung schreibender Frauen.<\/p>\n<p><a href=\"http:\/\/www.moerderische-schwestern.eu\">M\u00f6rderischen Schwestern<\/a>,\u00a0 Netzwerk deutschsprachiger Krimiautorinnen, B\u00fccherfrauen und Leserinnen.<\/p>\n<p><a href=\"http:\/\/www.buecherfrauen.de\" target=\"_blank\" rel=\"noopener noreferrer\">B\u00fccherFrauen<\/a>\u00a0ist \u2013 ein Netzwerk von Frauen rund ums Buch. Vergeben j\u00e4hrlich den Preis \u201cB\u00fccherfrau des Jahres\u201d.<\/p>\n<p><a href=\"http:\/\/www.nrw-literatur-im-netz.de\/\" target=\"_blank\" rel=\"noopener noreferrer\">NRW Literatur im Netz<\/a>\u00a0stellt AutorInnen und\u00a0viele literarische\u00a0 Einrichtungen aus Nordrhein-Westfalen\u00a0vor.<\/p>\n<p><a href=\"http:\/\/www.informelle.de\" target=\"_new\" rel=\"noopener noreferrer\">inform.elle<\/a>, Netzwerk f\u00fcr Freiberuflerinnen aus Kultur und Medien im Raum Aachen.<br \/>\nZu den Mitgliedern von inform.elle z\u00e4hlen Journalistinnen, Autorinnen, bildende K\u00fcnstlerinnen, Malerinnen, Fotografinnen, Musikerinnen, Schauspielerinnen, Schmuckdesignerinnen, Mediengestalterinnen, \u00d6ffentlichkeitsarbeiterinnen, Gartenplanerinnen und Stadt- und Landschaftsf\u00fchrerinnen, Film- und Literaturwissenschaftlerinnen, Architektinnen.<\/p>\n<\/div>\n<\/div>\n<\/div>\n<\/div>\n","protected":false},"excerpt":{"rendered":"<p>Gliederung: Archive Ausschreibungen\/Wettbewerbe Datenbanken Fachzeitschriften Netzwerke Archive Die&hellip;<\/p>\n","protected":false},"author":4,"featured_media":0,"parent":357,"menu_order":56,"comment_status":"closed","ping_status":"closed","template":"","meta":{"footnotes":""},"class_list":["post-339","page","type-page","status-publish","hentry"],"_links":{"self":[{"href":"https:\/\/www.frauenkulturbuero-nrw.de\/index.php?rest_route=\/wp\/v2\/pages\/339","targetHints":{"allow":["GET"]}}],"collection":[{"href":"https:\/\/www.frauenkulturbuero-nrw.de\/index.php?rest_route=\/wp\/v2\/pages"}],"about":[{"href":"https:\/\/www.frauenkulturbuero-nrw.de\/index.php?rest_route=\/wp\/v2\/types\/page"}],"author":[{"embeddable":true,"href":"https:\/\/www.frauenkulturbuero-nrw.de\/index.php?rest_route=\/wp\/v2\/users\/4"}],"replies":[{"embeddable":true,"href":"https:\/\/www.frauenkulturbuero-nrw.de\/index.php?rest_route=%2Fwp%2Fv2%2Fcomments&post=339"}],"version-history":[{"count":5,"href":"https:\/\/www.frauenkulturbuero-nrw.de\/index.php?rest_route=\/wp\/v2\/pages\/339\/revisions"}],"predecessor-version":[{"id":19847,"href":"https:\/\/www.frauenkulturbuero-nrw.de\/index.php?rest_route=\/wp\/v2\/pages\/339\/revisions\/19847"}],"up":[{"embeddable":true,"href":"https:\/\/www.frauenkulturbuero-nrw.de\/index.php?rest_route=\/wp\/v2\/pages\/357"}],"wp:attachment":[{"href":"https:\/\/www.frauenkulturbuero-nrw.de\/index.php?rest_route=%2Fwp%2Fv2%2Fmedia&parent=339"}],"curies":[{"name":"wp","href":"https:\/\/api.w.org\/{rel}","templated":true}]}}