{"id":342,"date":"2012-07-25T15:00:03","date_gmt":"2012-07-25T15:00:03","guid":{"rendered":"http:\/\/frauen.florian-quinkertz.de\/?page_id=342"},"modified":"2021-01-17T15:43:42","modified_gmt":"2021-01-17T15:43:42","slug":"musik","status":"publish","type":"page","link":"https:\/\/www.frauenkulturbuero-nrw.de\/?page_id=342","title":{"rendered":"Musik"},"content":{"rendered":"<p><strong>Gliederung:<\/strong><\/p>\n<p><a title=\"Permanent-Link zu Archive\" href=\"#sparchivemus\" rel=\"bookmark\">Archive<\/a><a title=\"Permanent-Link zu Ausschreibungen und Wettbewerbe\" href=\"#spausschreibungmus\" rel=\"bookmark\"><br \/>\nAusschreibungen\/Wettbewerbe<\/a><a title=\"Permanent-Link zu Fachzeitschriften\" href=\"#spfachzeitschriftenmus\" rel=\"bookmark\" name=\"Fachzeitschriften\"><br \/>\nFachzeitschriften<\/a><a title=\"Permanent-Link zu Netzwerke\" href=\"#spnetzwerkemus\" rel=\"bookmark\"><br \/>\nNetzwerke<\/a><br \/>\n<a title=\"Permanent-Link zu Tagungen, Projekte, Festivals\" href=\"#sptagungenmus\" rel=\"bookmark\">Projekte\/Festivals<\/a><a title=\"Permanent-Link zu Projekte FKB\" href=\"#spprojektefkbmus\" rel=\"bookmark\"><br \/>\n<\/a><\/p>\n<hr \/>\n<p><a name=\"sparchivemus\"><\/a><strong>Archive<\/strong><\/p>\n<div>\n<p>Die<a href=\"https:\/\/www.komponistinnenbibliothek.de\/\" target=\"_blank\" rel=\"noopener noreferrer\"> Internationale Komponistinnen-Bibliothek<\/a> in Unna ist eine \u00f6ffentliche Einrichtung, deren Aufgabe es ist, Werke von Komponistinnen zu sammeln, zu archivieren und dem Publikum zug\u00e4nglich zu machen.<\/p>\n<p><a href=\"http:\/\/www.archiv-frau-musik.de\" target=\"_blank\" rel=\"noopener noreferrer\">Archiv \u2018Frau und Musik Frankfurt<\/a> &#8211; Internationale Forschungsst\u00e4tte, weltweit\u00a0umfangreichstes internationales Komponistinnen-Archiv<br \/>\nWeitere Internetportale des Archivs:<br \/>\n<a href=\"http:\/\/www.komponistinnen.de\" target=\"_blank\" rel=\"noopener noreferrer\">www.komponistinnen.de<\/a><br \/>\n<a href=\"http:\/\/www.dirigentinnen.de\/\" target=\"_blank\" rel=\"noopener noreferrer\">www.dirigentinnen.de<\/a><\/p>\n<p>\u00a0<strong>Ausschreibungen\/Wettbewerbe<\/strong><\/p>\n<p>Die\u00a0<a href=\"http:\/\/www.gwk-online.de\/\" target=\"_blank\" rel=\"noopener noreferrer\">Gesellschaft f\u00fcr westf\u00e4lischer Kulturarbeit<\/a>, GWk\u00a0vergibt F\u00f6rderpreise, u. a. f\u00fcr Neue Musik. Die Preise sind mit jeweils 4.000 Euro Preisgeld dotiert. Hinzu kommen honorierte Konzerte f\u00fcr die Preistr\u00e4ger\/innen. Bewerber\/innen m\u00fcssen in Westfalen-Lippe geboren sein oder dort seit mindestens zwei Jahren leben oder aber ihren Hochschulabschluss in der Region erworben haben.\u00a0<\/p>\n<p><a href=\"http:\/\/www.stiftung-kuenstlerdorf.de\/stipendien.html\">Artist in residence in der Stiftung K\u00fcnstlerdorf Sch\u00f6ppingen<\/a>\u00a0&#8211;\u00a0Stipendium f\u00fcr internationale K\u00fcnstlerInnen, AutorenInnen, KomponistenInnen ohne Altersbegrenzung in der Stiftung K\u00fcnstlerdorf Sch\u00f6ppingen NRW<\/p>\n<div>\n<p>Folgende Bereiche werden ausgeschrieben:<br \/>\nA: Kunst, Neue Medien, Mixed Media, Interdisziplin\u00e4re Projekte<br \/>\nB: Literatur, Roman, Erz\u00e4hlung, Lyrik, Theater, H\u00f6rspiel, Drehbuch, Internetliteratur u.s.w.<br \/>\nC: (experimentelle) Komposition<\/p>\n<\/div>\n<p><a name=\"Fachzeitschriften\"><\/a>\u00a0<strong>Fachzeitschriften<\/strong><\/p>\n<div>\n<p><a href=\"http:\/\/www.melodiva.de\" target=\"_new\" rel=\"noopener noreferrer\">Melodiva-Online-Magazin<\/a>, Frauenmusikjournal<a href=\"http:\/\/www.iawm.org\/publications_wam.htm\" target=\"_blank\" rel=\"noopener noreferrer\"><br \/>\n<\/a><a href=\"https:\/\/muse.jhu.edu\/journal\/300\" target=\"_blank\" rel=\"noopener noreferrer\">Women &amp; Music:<\/a> A Journal of Gender and Culture<br \/>\n<a href=\"http:\/\/iawm.org\/\" target=\"_blank\" rel=\"noopener noreferrer\">IAWM Journal<\/a> der International Alliance for Women in Music<\/p>\n<hr \/>\n<p><strong><a name=\"spnetzwerkemus\"><\/a>Netzwerke<\/strong><\/p>\n<div>\n<p>Der <a style=\"font-size: 1rem;\" href=\"http:\/\/www.lmr-nrw.de\/der-landesmusikrat\/\">Landesmusikrat NRW<\/a>\u00a0ist der Dachverband der Musikverb\u00e4nde und -vereine in Nordrhein-Westfalen, unterst\u00fctzt sowohl Laienmusiker*innen als auch professionelle Kunstschaffende, setzt sich f\u00fcr die Musik der kulturellen Vielfalt ein und streitet f\u00fcr die innovative und integrative Kraft der Musik in NRW. Seit 1998 f\u00fchrt der Landesmusikrat auch F<span style=\"font-size: 1rem;\">rauenf\u00f6rderprojekte durch. Ausgangspunkt daf\u00fcr war ein Hearing in der Hochschule f\u00fcr Musik K\u00f6ln, bei dem die Situation von Dirigentinnen, Komponistinnen und Instrumentalistinnen n\u00e4her beleuchtet wurde. Ein Frauenanteil in den Bereichen Komposition und Dirigieren bei etwa 4 %, im Solobereich Instrumentalspiel bei 17 % und im Orchesterbereich bei 24 % zeigte den Handlungsbedarf.<\/span><\/p>\n<\/div>\n<p>Das\u00a0<a href=\"http:\/\/www.frauenmusikbuero.de\/\">Frauen Musik B\u00fcro<\/a>\u00a0f\u00f6rdert<em>,\u00a0<\/em>pr\u00e4sentiert und vernetzt Musikerinnen im POP-Musikbereich\u00a0(Rock, POP, Neue Musik und Jazz) und hat sich mittlerweile\u00a0in Hessen einen Namen gemacht. Ziel ist es, einen interdisziplin\u00e4ren Austausch der verschiedenen Genres und Musikstile in der Popmusik voranzutreiben. Neben dem Recherchieren, Aufarbeiten, Bereitstellen von Informationen aus dem Frauen-Musikbereich sollen Musikerinnen, vor allem Instrumentalistinnen und Komponistinnen, verst\u00e4rkt in der \u00d6ffentlichkeit pr\u00e4sentiert werden. Au\u00dferdem sollen Musikerinnen, Bands, Initiativen und Organisationen aus dem Frauen-Musikbereich regional, \u00fcberregional und international vernetzt werden.<\/p>\n<p>Der Verein <a href=\"http:\/\/www.musica-femina-muenchen.de\/\" target=\"_blank\" rel=\"noopener noreferrer\">musica femina m\u00fcnchen<\/a>\u00a0(mfm) wurde 1988 von Musikerinnen und musikinteressierten Frauen mit dem Ziel gegr\u00fcndet, Komponistinnen \u2013 aus Vergangenheit und Gegenwart \u2013 im Musikleben bekannt und ihre Werke einer breiten \u00d6ffentlichkeit zug\u00e4nglich zu machen.<\/p>\n<p><a href=\"http:\/\/www.vioworld.de\/\">Vioworld<\/a> \u2013 Markt f\u00fcr Musiker und Musikerinnen mit Jobb\u00f6rse<\/p>\n<p>Die\u00a0<a href=\"https:\/\/www.adkdw.org\/de\/\" target=\"_blank\" rel=\"noopener noreferrer\">Akademie der K\u00fcnste der Welt<\/a> ist eine gemeinn\u00fctzige Kultureinrichtung, die im Jahr 2012 von der Stadt K\u00f6ln ins Leben gerufen wurde. Sie betrachtet sich selbst als Organisation von K\u00fcnstler*innen, Forscher*innen und Kulturschaffenden und weniger als Bildungseinrichtung im herk\u00f6mmlichen Sinn und bewegt sich jenseits der eurozentristischen Doktrinen der Kulturgeschichte.<\/p>\n<p><a href=\"http:\/\/www.informelle.de\" target=\"_new\" rel=\"noopener noreferrer\">inform.elle<\/a>, Netzwerk f\u00fcr Freiberuflerinnen aus Kultur und Medien im Raum Aachen.<br \/>\nZu den Mitgliedern von inform.elle z\u00e4hlen Journalistinnen, Autorinnen, bildende K\u00fcnstlerinnen, Malerinnen, Fotografinnen, Musikerinnen, Schauspielerinnen, Schmuckdesignerinnen, Mediengestalterinnen, \u00d6ffentlichkeitsarbeiterinnen, Gartenplanerinnen und Stadt- und Landschaftsf\u00fchrerinnen, Film- und Literaturwissenschaftlerinnen, Architektinnen.<\/p>\n<p><strong>Schweiz:<\/strong><br \/>\n<a href=\"http:\/\/www.helvetiarockt.ch\/page.asp?load=230&amp;ref=230\">HELVETIAROCKT<\/a>\u00a0Koordinationsstelle f\u00fcr Musikerinnen in Jazz, Rock und Pop mit umfangreicher Linkliste zu Musikerinnen aber auch detaillierte Infos rund ums Musikgesch\u00e4ft:<br \/>\nUnter\u00a0<strong>Business<\/strong>\u00a0erhalten Musikerinnen wertvolle Infos, wie sie den Einstieg und das Vorw\u00e4rtskommen im Musikbusiness einfacher gestalten k\u00f6nnen. Ebenso lernen sie hier Organisationen kennen, die sie gezielt dabei unterst\u00fctzen.<br \/>\nUnter\u00a0<strong>Gender<\/strong>\u00a0finden sich interessante Artikel und Arbeiten, die sich explizit mit dem Thema Musikerinnen im Jazz, Pop und Rock besch\u00e4ftigen.<br \/>\nUnter\u00a0<strong>Portraits<\/strong>\u00a0finden sich verschiedene spannende und lesenswerte Portr\u00e4ts von Musikerinnen.<\/p>\n<p><strong>\u00d6sterreich:<\/strong><br \/>\n<a href=\"http:\/\/www.girlsrock.at\/\" target=\"_blank\" rel=\"noopener noreferrer\">girlsrock<\/a>\u00a0Das pink noise Girls Rock Camp ist ein einw\u00f6chiges Musikcamp, das im August 2013 zum dritten Mal stattfindet. Durch vielf\u00e4ltige Workshops und Bandcoaching-Einheiten bietet es M\u00e4dchen_ und jungen Frauen_ im Alter von 14\u201321 Jahren die M\u00f6glichkeit zu anderen musikbegeisterten Jugendlichen Kontakte zu kn\u00fcpfen, eine Band zu gr\u00fcnden, gemeinsam einen Song zu schreiben und sich selbstsicher auf der B\u00fchne zu bewegen.<\/p>\n<p><strong>International:<\/strong><br \/>\n<a href=\"http:\/\/www.femalepressure.net\/fempress.html\" target=\"_blank\" rel=\"noopener noreferrer\">femalepressure<\/a>\u00a0female pressure is an international network of female artists in the fields of electronic music: from musicians, composers and DJs to visual artists, cultural workers and researchers. A worldwide resource of female talent that can be searched after criteria like location, profession, style or name.<\/p>\n<hr \/>\n<div>\n<p><a name=\"sptagungenmus\"><\/a><strong>Projekte\/Festivals<\/strong><\/p>\n<p><a href=\"http:\/\/www.frauenmusikwoche.de\/\">Hessische Frauen Musik Woche<\/a><strong>\u00a0<\/strong>&#8211; allj\u00e4hrliches Festival mit Ensembles und Profimusikerinnen als Dozentinnen von Jazz bis Rock<\/p>\n<p><a href=\"http:\/\/www.fmf.ch\" target=\"_new\" rel=\"noopener noreferrer\">FrauenMusikForum Schweiz<\/a> organisiert Konzerte und Workshops, publiziert und forscht und dient zur Musikerinnen-Vernetzung. Die Website informiert \u00fcber Mitglieder, Veranstaltungen und Aufgabengebiete.<\/p>\n<div>\n<p><a href=\"http:\/\/www.ladyslipper.org\/\" target=\"_new\" rel=\"noopener noreferrer\">Ladyslippers<\/a>\u00a0&#8211;\u00a0Non-Profit-Organisation und gleichzeitig kommerzielles Plattenlabel, spezialisiert auf Musik von Frauen und bietet einen Katalog zu rund 1500 us-amerikanischen und internationalen Musiktiteln. Zugriff \u00fcber Genre, K\u00fcnstlerinnen und Titel. Soundproben und Bestellformular, Mailingliste f\u00fcr aktuellen Informationsaustausch. Eine Selbstdarstellung informiert \u00fcber die Organisation.<\/p>\n<p>Das \u00a0<a href=\"http:\/\/www.miz.org\" target=\"_new\" rel=\"noopener noreferrer\">miz-online<\/a> ist eine\u00a0Informationseinrichtung zum Thema Musik und Musikleben in Deutschland. Es dokumentiert Trends und Entwicklungen, erfasst aktuelle Daten und Fakten und stellt Hintergrundinformationen zu zentralen Feldern der Musikkultur bereit<\/p>\n<p>Der <a href=\"http:\/\/www.furore-verlag.de\" target=\"_blank\" rel=\"noopener noreferrer\">Furore-Verlag<\/a> hat eine Reihe spannender Neuerscheinungen \u00fcber Frauen in der Musik, Kunst und Kultur (Noten, B\u00fccher, CDs und Postkarten) ver\u00f6ffentlicht.\u00a0Renate Matthei,\u00a0der Gr\u00fcnderin und Gesch\u00e4ftsf\u00fchrerin des Furore Verlags, dem \u201eweltweit einzigen Musikverlag, der nur Musik von Frauen verlegt\u201c, \u00a0wurde am 4.12. 2012 \u00a0vom Bundespr\u00e4sidenten Joachim Gauck in Berlin\u00a0das Bundesverdienstkreuz am Bande \u00fcberreicht.<\/p>\n<p><a href=\"https:\/\/www.hfmt-hamburg.de\/die-hfmt\/forschung\/musik-und-gender-im-internet\/\" target=\"_blank\" rel=\"noopener noreferrer\">Musik und Gender im Internet<\/a>\u00a0&#8211; MUGI ist eine multimediale Forschungsplattform an der Hochschule f\u00fcr Musik und Theater in Hamburg. MUGI enth\u00e4lt eine Datenbank mit lexikalisch angelegten Grundseiten, eine Materialsammlung und kommentierte Links zu Musikerinnen (Komponistinnen, Instrumentalistinnen, S\u00e4ngerinnen, M\u00e4zeninnen usw.). Zu ausgew\u00e4hlten historischen und zeitgen\u00f6ssischen Musikerinnen und Sachthemen sind individuell gestaltete multimediale Pr\u00e4sentationen abrufbar. Ein Sachteil zum Themenfeld \u201cMusik und Gender\u201d befindet sich im Aufbau. Die MUGI Plattform wird st\u00e4ndig erg\u00e4nzt und alle Interessierten sind zur Mitarbeit eingeladen.<\/p>\n<\/div>\n<\/div>\n<\/div>\n<\/div>\n","protected":false},"excerpt":{"rendered":"<p>Gliederung: Archive Ausschreibungen\/Wettbewerbe Fachzeitschriften Netzwerke Projekte\/Festivals Archive Die&hellip;<\/p>\n","protected":false},"author":4,"featured_media":0,"parent":357,"menu_order":57,"comment_status":"closed","ping_status":"closed","template":"","meta":{"footnotes":""},"class_list":["post-342","page","type-page","status-publish","hentry"],"_links":{"self":[{"href":"https:\/\/www.frauenkulturbuero-nrw.de\/index.php?rest_route=\/wp\/v2\/pages\/342","targetHints":{"allow":["GET"]}}],"collection":[{"href":"https:\/\/www.frauenkulturbuero-nrw.de\/index.php?rest_route=\/wp\/v2\/pages"}],"about":[{"href":"https:\/\/www.frauenkulturbuero-nrw.de\/index.php?rest_route=\/wp\/v2\/types\/page"}],"author":[{"embeddable":true,"href":"https:\/\/www.frauenkulturbuero-nrw.de\/index.php?rest_route=\/wp\/v2\/users\/4"}],"replies":[{"embeddable":true,"href":"https:\/\/www.frauenkulturbuero-nrw.de\/index.php?rest_route=%2Fwp%2Fv2%2Fcomments&post=342"}],"version-history":[{"count":5,"href":"https:\/\/www.frauenkulturbuero-nrw.de\/index.php?rest_route=\/wp\/v2\/pages\/342\/revisions"}],"predecessor-version":[{"id":19856,"href":"https:\/\/www.frauenkulturbuero-nrw.de\/index.php?rest_route=\/wp\/v2\/pages\/342\/revisions\/19856"}],"up":[{"embeddable":true,"href":"https:\/\/www.frauenkulturbuero-nrw.de\/index.php?rest_route=\/wp\/v2\/pages\/357"}],"wp:attachment":[{"href":"https:\/\/www.frauenkulturbuero-nrw.de\/index.php?rest_route=%2Fwp%2Fv2%2Fmedia&parent=342"}],"curies":[{"name":"wp","href":"https:\/\/api.w.org\/{rel}","templated":true}]}}