{"id":344,"date":"2012-07-25T14:59:39","date_gmt":"2012-07-25T14:59:39","guid":{"rendered":"http:\/\/frauen.florian-quinkertz.de\/?page_id=344"},"modified":"2021-01-17T16:47:29","modified_gmt":"2021-01-17T16:47:29","slug":"theater","status":"publish","type":"page","link":"https:\/\/www.frauenkulturbuero-nrw.de\/?page_id=344","title":{"rendered":"Theater"},"content":{"rendered":"<p><strong>Gliederung:<\/strong><\/p>\n<p><a title=\"Permanent-Link zu Ausschreibungen \/ Wettbewerbe\" href=\"#spausschreibungtheater\" rel=\"bookmark\">Ausschreibungen\/Wettbewerbe\/Stellenangebote<\/a><br \/>\n<a title=\"Permanent-Link zu Projekte \/ Netzwerke\" href=\"#spprojektetheater\" rel=\"bookmark\">Projekte\/Netzwerke<\/a><br \/>\n<a title=\"Permanent-Link zu Projekte FKB\" href=\"#spprojektefkbtheater\" rel=\"bookmark\">Projekte FKB<\/a><\/p>\n<hr \/>\n<p><a name=\"spausschreibungtheater\"><\/a><strong>Ausschreibungen\/Wettbewerbe\u00a0<\/strong><\/p>\n<p><strong><a href=\"http:\/\/www.callforkunst.de\" target=\"_blank\" rel=\"noopener noreferrer\">call for kunst<\/a><\/strong>\u00a0bietet eine kostenlose \u00dcbersicht \u00fcber aktuelle F\u00f6rderungen f\u00fcr Theater, Performance und Darstellende K\u00fcnste und Open Calls f\u00fcr die freie Szene.\u00a0\u00a0<\/p>\n<p>Der\u00a0<a href=\"http:\/\/burghofbuehne-dinslaken.de\/\" target=\"_blank\" rel=\"noopener noreferrer\">Kathrin-T\u00fcrks-Preis<\/a>\u00a0wird im zweij\u00e4hrigen Turnus vom\u00a0Landestheater Dinslaken, der Burghofb\u00fchne, ausgelobt und\u00a0richtet sich an\u00a0Autorinnen des Jugendtheaters,\u00a0renommierte Autorinnen ebenso wie talentierte Newcomerinnen.<br \/>\nDie Ausschreibung beinhaltet keine Themenvorgabe. Fremdsprachige Autorinnen k\u00f6nnen einsenden, wenn deutsche \u00dcbersetzungen vorliegen. Das Preisgeld in H\u00f6he von 7.500 \u20ac ist mit der Urauff\u00fchrung des pr\u00e4mierten St\u00fcckes\u00a0am Landestheater Burghofb\u00fchne\u00a0gekoppelt.\u00a0<\/p>\n<p>Der <a href=\"http:\/\/www.fonds-daku.de\/\" target=\"_blank\" rel=\"noopener noreferrer\">Fonds Darstellende K\u00fcnste<\/a> e.V. f\u00f6rdert seit 1988 herausragende Projekte aller Sparten der Darstellenden K\u00fcnste, die sich durch ihre besondere Qualit\u00e4t auszeichnen, von gesamtstaatlicher Bedeutung sind und zur k\u00fcnstlerischen Weiterentwicklung der Darstellenden K\u00fcnste beitragen.\u00a0Die F\u00f6rderung wird ausschlie\u00dflich professionellen Freien Gruppen oder Ensembles aller Genres der Darstellenden K\u00fcnste nach Ma\u00dfgabe der Beurteilung der vollst\u00e4ndigen Antragsunterlagen gew\u00e4hrt.\u00a0Abgabetermine f\u00fcr Projektantr\u00e4ge: 1. Februar und 1. August des Jahres.<\/p>\n<p><a href=\"http:\/\/www.westwind-festival.de\/\" target=\"_blank\" rel=\"noopener noreferrer\">westwind\u00a0<\/a>\u00a0ist ein Kinder- und Jugendtheaterfestival. Eine Preisjury vergibt am Ende des Festivals das Preisgeld des Landes NRW in H\u00f6he von 10.000 Euro, eine Kinder- und Jugendjury lobt zudem Publikumspreise aus. Neben einem Arbeitstreffen f\u00fcr Kinder- und Jugendtheatermacher und einem &#8222;Next Generation Forum&#8220; f\u00fcr junge Nachwuchsk\u00fcnstler und Berufsanf\u00e4nger ist WESTWIND vor allem ein Publikumsfestival.<strong><br \/>\n<\/strong><\/p>\n<p>Das\u00a0<a href=\"http:\/\/www.nrw-landesbuero-kultur.de\/\" target=\"_blank\" rel=\"noopener noreferrer\">NRW Landesb\u00fcro Freie Darstellende K\u00fcnste<\/a>\u00a0f\u00f6rdert die Entwicklung der Freien Kultur- und Theaterarbeit in Nordrhein-Westfalen. In diesem Zusammenhang vergibt das Landesb\u00fcro einmal im Jahr Projektf\u00f6rdermittel des Ministeriums f\u00fcr Familie, Kinder, Jugend, Kultur und Sport des Landes Nordrhein-Westfalen an herausragende kulturelle Projekte aller Sparten und k\u00fcnstlerischen Arbeitsfelder der Freien Szene.\u00a0Mit dem Konzept \u201etanz + theater machen stark!\u201c f\u00f6rdert der Bundesverband freie Theater im Jahr 2014 Projekte, bei denen K\u00fcnstler_innen mit bildungsbenachteiligten Kindern und Jugendlichen zusammenarbeiten. Voraussetzung ist die Bildung lokaler B\u00fcndnisse.\u00a0<br \/>\nDas Landesb\u00fcros bietet dar\u00fcber hinaus ein umfassendes\u00a0Beratungs- und Informationsangebot f\u00fcr kunst- und kulturschaffende Personen oder Gruppen im Bereich der freien Szene NRW \u2013 mit Schwerpunkt auf den darstellenden K\u00fcnsten an.<\/p>\n<p>Das Artist in residence Programm in der\u00a0<a href=\"http:\/\/www.stiftung-kuenstlerdorf.de\/index.html\" target=\"_blank\" rel=\"noopener noreferrer\">Stiftung K\u00fcnstlerdorf Sch\u00f6ppingen<\/a>\u00a0ist ein Stipendiumprogramm f\u00fcr internationale K\u00fcnstlerInnen, AutorenInnen, KomponistenInnen ohne Altersbegrenzung.\u00a0Es sind Bewerbungen m\u00f6glich f\u00fcr die Bereiche A: Bildende Kunst, Neue Medien, Mixed Media,\u00a0B:\u00a0Interdisziplin\u00e4re Projekte wie Literatur, Roman, Erz\u00e4hlung, Lyrik, Theater, H\u00f6rspiel, Drehbuch, Internetliteratur u.s.w. und C: (Experimentelle) Komposition.\u00a0<\/p>\n<p><strong style=\"line-height: 1.714285714; font-size: 1rem;\">Projekte\/Netzwerke<\/strong><\/p>\n<div>\n<p>Der <a href=\"https:\/\/darstellende-kuenste.de\/de\/verband\/projekte.html\" target=\"_blank\" rel=\"noopener noreferrer\">Verband Freie Darstellende K\u00fcnste NRW<\/a> ist eine Kooperative Freier Theater NRW, wurde 1984 gegr\u00fcndet und macht seitdem Lobby- und \u00d6ffentlichkeitsarbeit f\u00fcr die professionellen freien Theater in Nordrhein-Westfalen. Ende 2006 wurde der Name in: Verband freie darstellende K\u00fcnste NRW e.V. ge\u00e4ndert. Dem Verband sind Einzelk\u00fcnstler, Gruppen und Spielst\u00e4tten angeschlossen, die von Schauspiel \u00fcber Tanz, Kindertheater und sparten\u00fcbergreifende Performances die Bandbreite freien Theaterschaffens in Nordrhein-Westfalen repr\u00e4sentieren.<\/p>\n<p>Die\u00a0<a href=\"http:\/\/www.themagdalenaproject.org\/en\/content\/magdalena-project\" target=\"_blank\" rel=\"noopener noreferrer\">Magdalena-Projekt<\/a>, in Wales im Jahr 1986 gegr\u00fcndet, ist ein dynamisches Querkulturnetzwerk, eine Plattform f\u00fcr die Arbeit von K\u00fcnstlerinnen, ein Forum f\u00fcr kritische Diskussion und eine Quelle der Unterst\u00fctzung, Inspiration und Performance-Training.<\/p>\n<p>Die\u00a0<a href=\"https:\/\/www.adkdw.org\/de\/\" target=\"_blank\" rel=\"noopener noreferrer\">Akademie der K\u00fcnste der Welt<\/a> ist eine internationale K\u00fcnstlergesellschaft mit Sitz in K\u00f6ln. Sie wurde 2012 mit dem Ziel gegr\u00fcndet, den inter- und transkulturellen Dialog innerhalb der K\u00fcnste zu f\u00f6rdern und setzt sich aus Kulturschaffenden unterschiedlicher k\u00fcnstlerischer und geografischer Provenienz zusammen.<\/p>\n<p><a href=\"http:\/\/www.informelle.de\" target=\"_new\" rel=\"noopener noreferrer\">inform.elle<\/a>, Netzwerk f\u00fcr Freiberuflerinnen aus Kultur und Medien im Raum Aachen.<br \/>\nZu den Mitgliedern von inform.elle z\u00e4hlen Journalistinnen, Autorinnen, bildende K\u00fcnstlerinnen, Malerinnen, Fotografinnen, Musikerinnen, Schauspielerinnen, Schmuckdesignerinnen, Mediengestalterinnen, \u00d6ffentlichkeitsarbeiterinnen, Gartenplanerinnen und Stadt- und Landschaftsf\u00fchrerinnen, Film- und Literaturwissenschaftlerinnen, Architektinnen.<\/p>\n<div>\n<hr \/>\n<p><strong>Projekte FKB<\/strong><\/p>\n<p><strong><a href=\"https:\/\/www.frauenkulturbuero-nrw.de\/index.php\/projekte\/symposium-wonderlands\/\" target=\"_blank\" rel=\"noopener noreferrer\">WONDERLANDS \u2013\u00a0 F\u00dcHRUNGSPOSITIONEN IN DEN PERFORMING ARTS<\/a><br \/>\n<\/strong><strong>Symposion am 2. und 3. 11. 2018, Central, Schauspielhaus D\u00fcsseldorf<br \/>\n<\/strong>Tagung zur Rolle von Frauen in der Theater-, Tanz- und Opernwelt, bei der Themenbereiche wie Vereinbarkeit von Familie und Beruf, Gendergerechtigkeit, Diversity, parit\u00e4tische Organisationsmodelle oder strategische Karriereplanung ebenfalls diskutiert wurden. Wissenschaftliche Vortr\u00e4ge, Lectures und Paneldiskussionen bildeten die Grundlage der Gespr\u00e4che, die Theater-, Opern- und Tanzexpertinnen und -experten gemeinsam f\u00fchrten.\u00a0<br \/>\nEin Kooperationsprojekt des FKB in Kooperation mit dem Schauspielhaus D\u00fcsseldorf mit Unterst\u00fctzung von: Dramaturgische Gesellschaft, ProQuoteB\u00fchne, Artbutfair, Deutscher B\u00fchnenverein, Bund der Szenografen, Ensemble-Netzwerk<\/p>\n<hr \/>\n<div>\n<p><strong>REIF F\u00dcR DIE B\u00dcHNE \u2013 Dramatikerinnenwettbewerb NRW f\u00fcr Seniorentheater <\/strong><\/p>\n<\/div>\n<div>\n<p>Der 2009 erstmalig von Frauenkulturb\u00fcro NRW, Institut f\u00fcr Bildung und Kultur in Remscheid, dem Literaturb\u00fcro Ruhr in Gladbeck und dem FFT in D\u00fcsseldorf ausgeschriebene Dramatikerinnen-Preis \u201eReif f\u00fcr die B\u00fchne\u201c richtet sich an professionelle Dramatikerinnen aus Nordrhein-Westfalen, geeignete St\u00fccke f\u00fcr Seniorentheater einzureichen. Mehr als f\u00fcnfzig Ensembles \u00e4lterer Menschen, \u00fcberwiegend Frauen, zeigen in Nordrhein-Westfalen eine gro\u00dfe Bandbreite ambitionierter Amateurtheaterarbeit. Ihre Spielfreude wird jedoch h\u00e4ufig durch den Mangel an geeigneten literarischen Vorlagen und die geringe Anzahl weiblicher Rollen gebremst.\u00a0Zus\u00e4tzlich zum Preisgeld in H\u00f6he von 2.500 \u20ac wird die Urauff\u00fchrung des pr\u00e4mierten St\u00fccks durch ein nordrhein-westf\u00e4lisches Seniorentheaterensemble gew\u00e4hrt.<br \/>\nDen Dramatikerinnen-Preis <strong>2012<\/strong> erhielt <strong>Lisa Danulat<\/strong> f\u00fcr ihr St\u00fcck \u201eDas Haus der Jeanne Calment\u201c.\u00a0Die Erstauff\u00fchrung des pr\u00e4mierten St\u00fccks fand am 8. Juni am Gelsenkirchener Consol Theater und am 30. Juni 2013 im Dortmunder Theater am Depot statt.<br \/>\n<strong>2009<\/strong> wurde <strong>Almut Baumgarten<\/strong>\u00a0ausgezeichnet. Ihr St\u00fcck &#8222;Silverday&#8220; wurde zur Er\u00f6ffnung des Festivals \u201eHerzrasen\u201d am Deutschen Schauspielhaus Hamburg am 30. September 2010 mit dem Seniorentheater in der Altstadt D\u00fcsseldorf (SeTA) uraufgef\u00fchrt.\u00a0Am 13. Oktober 2013 hatte &#8222;Silverday&#8220; Premiere im FFT Juta D\u00fcsseldorf. <br \/>\nMehr unter: <a href=\"http:\/\/www.frauenkulturbuero-nrw.de\/?page_id=68\" target=\"_blank\" rel=\"noopener noreferrer\">Dramatikerinnenpreis<\/a><\/p>\n<hr \/>\n<p>&nbsp;<\/p>\n<\/div>\n<div>\n<p><img fetchpriority=\"high\" decoding=\"async\" title=\"Abb_HearingInternet\" src=\"http:\/\/frauenkulturbuero-nrw.de\/wp-content\/uploads\/2012\/06\/Abb_HearingInternet.jpg\" alt=\"\" width=\"338\" height=\"169\" \/><\/p>\n<p><strong>Standortbestimmung:<br \/>\nTheaterfrauen in Spitzenpositionen <\/strong><\/p>\n<p><strong>28. Oktober 2005 <\/strong><strong><br \/>\n<strong>Hearing im Schauspielhaus D\u00fcsseldorf <\/strong><br \/>\n<strong>Gustaf-Gr\u00fcndgens-Platz 1 40211 D\u00fcsseldorf<br \/>\n<\/strong><\/strong>Wie sieht es aus an deutschen B\u00fchnen? Spielt das Geschlecht bei Kunst und Kultur keine Rolle? Renommierte Theaterfrauen diskutierten miteinander \u00fcber das Thema Frauen im Theater, Professionalit\u00e4t, Individualit\u00e4t, Netzwerke und Karrierespr\u00fcnge.<br \/>\nEs gab drei Podien:<br \/>\n<strong>Theater in Frauenhand <\/strong><br \/>\nFrauen in Chefpositionen<br \/>\n<strong>Vogelfrei oder fest im Sattel?<\/strong><br \/>\nPositionierung von Regisseurinnen und Ausstattungsleiterinnen<br \/>\n<strong>Der Weg nach oben <\/strong><br \/>\nAusbildung, Aufstiegschancen und Mentoring f\u00fcr junge Theaterfrauen<br \/>\nmit Anna Badora, Christine Mielitz, Karoline Gruber, Brigitte Landes, Ulrike Ha\u00df, Gunhild Lattmann, Holk Freitag f\u00fcr den Deutschen B\u00fchnenverein, u.a.<br \/>\nDie Veranstaltung wurde gef\u00f6rdert vom Bundesministerium f\u00fcr Familie, Senioren, Frauen und Jugend, dem Ministerpr\u00e4sidenten des Landes Nordrhein-Westfalen, den Senatsverwaltungen f\u00fcr Wirtschaft, Arbeit und Frauen sowie f\u00fcr Wissenschaft, Forschung und Kultur des Landes Berlin, unterst\u00fctzt vom Deutschen B\u00fchnenverein und organisiert vom Frauenkulturb\u00fcro NRW e.V.<br \/>\nDownload: <a href=\"http:\/\/frauenkulturbuero-nrw.de\/download\/Standortbestimmung_Theaterfrauen_in_Spitzenpositionen_2005.pdf\" target=\"_blank\" rel=\"noopener noreferrer\">DOKUMENTATION (pdf)<\/a><\/p>\n<\/div>\n<\/div>\n<\/div>\n","protected":false},"excerpt":{"rendered":"<p>Gliederung: Ausschreibungen\/Wettbewerbe\/Stellenangebote Projekte\/Netzwerke Projekte FKB Ausschreibungen\/Wettbewerbe\u00a0 call for&hellip;<\/p>\n","protected":false},"author":4,"featured_media":0,"parent":357,"menu_order":60,"comment_status":"closed","ping_status":"closed","template":"","meta":{"footnotes":""},"class_list":["post-344","page","type-page","status-publish","hentry"],"_links":{"self":[{"href":"https:\/\/www.frauenkulturbuero-nrw.de\/index.php?rest_route=\/wp\/v2\/pages\/344","targetHints":{"allow":["GET"]}}],"collection":[{"href":"https:\/\/www.frauenkulturbuero-nrw.de\/index.php?rest_route=\/wp\/v2\/pages"}],"about":[{"href":"https:\/\/www.frauenkulturbuero-nrw.de\/index.php?rest_route=\/wp\/v2\/types\/page"}],"author":[{"embeddable":true,"href":"https:\/\/www.frauenkulturbuero-nrw.de\/index.php?rest_route=\/wp\/v2\/users\/4"}],"replies":[{"embeddable":true,"href":"https:\/\/www.frauenkulturbuero-nrw.de\/index.php?rest_route=%2Fwp%2Fv2%2Fcomments&post=344"}],"version-history":[{"count":5,"href":"https:\/\/www.frauenkulturbuero-nrw.de\/index.php?rest_route=\/wp\/v2\/pages\/344\/revisions"}],"predecessor-version":[{"id":19874,"href":"https:\/\/www.frauenkulturbuero-nrw.de\/index.php?rest_route=\/wp\/v2\/pages\/344\/revisions\/19874"}],"up":[{"embeddable":true,"href":"https:\/\/www.frauenkulturbuero-nrw.de\/index.php?rest_route=\/wp\/v2\/pages\/357"}],"wp:attachment":[{"href":"https:\/\/www.frauenkulturbuero-nrw.de\/index.php?rest_route=%2Fwp%2Fv2%2Fmedia&parent=344"}],"curies":[{"name":"wp","href":"https:\/\/api.w.org\/{rel}","templated":true}]}}