{"id":357,"date":"2018-10-25T14:54:59","date_gmt":"2018-10-25T14:54:59","guid":{"rendered":"http:\/\/frauen.florian-quinkertz.de\/?page_id=357"},"modified":"2023-03-15T13:50:59","modified_gmt":"2023-03-15T13:50:59","slug":"foerderrecherche-3","status":"publish","type":"page","link":"https:\/\/www.frauenkulturbuero-nrw.de\/?page_id=357","title":{"rendered":"F\u00f6rderrecherche"},"content":{"rendered":"<h1>Das Wer wo was<\/h1>\n<h2>NRW- und bundesweite, Kultur f\u00f6rdernde Einrichtungen und Netzwerke<\/h2>\n<p>Auf dieser Seite findet sich eine reine Linksammlung ohne konkrete Ausschreibungstermine. Aktuelle Ausschreibungen zu Preisen, Stipendien und Open Calls ver\u00f6ffentlichen wir regelm\u00e4ssig in der Facebook-Gruppe <a href=\"https:\/\/www.facebook.com\/groups\/732519846796266\">K\u00fcnstlerinnen NRW | Facebook<\/a>.<\/p>\n<p><img decoding=\"async\" class=\"alignnone size-thumbnail wp-image-7747\" title=\"SLF HierarchieGefaelle kl\" src=\"https:\/\/www.frauenkulturbuero-nrw.de\/wp-content\/uploads\/SLF-HierarchieGefaelle-kl-238x190.jpg\" alt=\"\" width=\"190\" height=\"152\" \/><\/p>\n<p><strong>Ministerium f\u00fcr Kultur und Wissenschaft\u00a0des Landes Nordrhein-Westfalen<\/strong><br \/>\n<a href=\"https:\/\/www.mkw.nrw\/\">https:\/\/www.mkw.nrw<\/a><a href=\"https:\/\/www.mfkjks.nrw\/\" target=\"_blank\" rel=\"noopener noreferrer\">\/<\/a><br \/>\n&#8222;Auf geht&#8217;s!&#8220; Stipendien f\u00fcr K\u00fcnstler:innen in NRW<br \/>\n<a href=\"https:\/\/www.mkw.nrw\/kultur\/foerderungen\/auf-gehts\">&#8222;Auf geht\u2019s!&#8220; | Kultur und Wissenschaft in Nordrhein-Westfalen (mkw.nrw)<\/a><br \/>\nKulturveranstaltungen in Nordrhein-Westfalen<a href=\"http:\/\/kulturkenner.de\/\" target=\"_blank\" rel=\"noopener noreferrer\"><br \/>\nwww.kulturkenner.de<\/a><\/p>\n<div>\n<p>Kulturrat NRW e.V.<br \/>\n<a href=\"http:\/\/www.kulturrat-nrw.de\/\">www.kulturrat-nrw.de\/<\/a><br \/>\nBeratung\/ Webinare<br \/>\n<a href=\"https:\/\/www.kulturrat-nrw.de\/corona-sprechstunde\/\">Corona-Sprechstunde | Kulturrat NRW (kulturrat-nrw.de)<\/a><\/p>\n<p>Kunsthaus NRW in der ehemaligen Reichsabtei Aachen-Kornelim\u00fcnster<br \/>\n<a href=\"http:\/\/www.kunsthaus.nrw.de\/kontakt\/oeffnungszeiten\/\" target=\"_blank\" rel=\"noopener noreferrer\">www.kunsthaus.nrw.de\/<\/a><\/p>\n<p>Landesb\u00fcro Bildende Kunst NRW<br \/>\n<a href=\"https:\/\/www.labk.nrw\/\">LabK<\/a><\/p>\n<p>NRW KULTURsekretariat Wuppertal<br \/>\n<a href=\"http:\/\/www.nrw-kultur.de\" target=\"_blank\" rel=\"noopener noreferrer\">www.nrw-kultur.de<\/a><\/p>\n<p>NRW KULTURsekretariat G\u00fctersloh<br \/>\n<a href=\"http:\/\/www.kultursekretariat.de\/\" target=\"_blank\" rel=\"noopener noreferrer\">www.kultursekretariat.de<\/a><\/p>\n<\/div>\n<div>\n<p>NRW Landesb\u00fcro Freie Kultur<br \/>\n<a href=\"http:\/\/www.nrw-lfk.de\/\" target=\"_blank\" rel=\"noopener noreferrer\">www.nrw-lfk.de<\/a><\/p>\n<p>Kultur \u00f6ffnet Welten:\u00a0 j\u00e4hrlicher Preis f\u00fcr kulturelle Projekte<br \/>\nin Zusammenarbeit zwischen Kunstakteur*innen und Gesellschaft<br \/>\n<a href=\"https:\/\/www.kiwit.org\/kultur-oeffnet-welten\/kultur-oeffnet-welten.html\" target=\"_blank\" rel=\"noopener noreferrer\">KIWit<\/a><\/p>\n<p>Kompetenzzentrum f\u00fcr Kultur und Bildung im Alter<br \/>\n<a href=\"http:\/\/ibk-kubia.de\/\" target=\"_blank\" rel=\"noopener noreferrer\">kubia<\/a><\/p>\n<p>360\u00b0 Fonds f\u00fcr Kulturen der neuen Stadtgesellschaft<br \/>\nDie Kulturstiftung des Bundes unterst\u00fctzt die diversit\u00e4tsorientierte \u00d6ffnung von<br \/>\nKultureinrichtungen &#8211; <a href=\"https:\/\/www.360-fonds.de\/\" target=\"_blank\" rel=\"noopener noreferrer\">360\u00b0 <\/a><\/p>\n<p>Kunststiftung NRW<br \/>\n<a href=\"http:\/\/www.kunststiftung-nrw.de\/de\/home\/\" target=\"_blank\" rel=\"noopener noreferrer\">www.kunststiftungnrw.de<\/a><\/p>\n<p>Kultur und Schule, Landesprogramm NRW<br \/>\n<a href=\"http:\/\/www.kulturundschule.de\/start\/index.php\" target=\"_blank\" rel=\"noopener noreferrer\">www.kulturundschule.de<\/a><\/p>\n<p>Cluster Kultur und Kreativwirtschaft \u00a0NRW<br \/>\n<a href=\"http:\/\/www.creative.nrw.de\/news.html\" target=\"_blank\" rel=\"noopener noreferrer\">www.kreativwirtschaft.nrw.de<\/a><\/p>\n<p>Organisation: Gesellschaft f\u00fcr innovative Besch\u00e4ftigungsf\u00f6rderung NRW (G.I.B.)<br \/>\n<a href=\"http:\/\/www.gib.nrw.de\" target=\"_blank\" rel=\"noopener noreferrer\">www.gib.nrw.de\/<\/a><\/p>\n<p>Die Allianz Kulturstiftung f\u00f6rdert multilaterale Kunst-, Kultur- und<br \/>\nBildungsprojekte in Europa &#8211; <a href=\"https:\/\/kulturstiftung.allianz.de\/de_DE.html\" target=\"_blank\" rel=\"noopener noreferrer\"> AllianzKulturstiftung<\/a><\/p>\n<p>Filmstiftung Nordrhein-Westfalen GmbH<br \/>\nhier: Deutscher Kinderh\u00f6rspielpreis<br \/>\n<a href=\"http:\/\/www.filmstiftung.de\/index.php?we_objectID=2766&amp;pid=0\" target=\"_blank\" rel=\"noopener noreferrer\">www.filmstiftung.de<\/a><\/p>\n<p>Residenzstipendien f\u00fcr K\u00fcnstler:innen im K\u00fcnstlerdorf Sch\u00f6ppingen, NRW<br \/>\n<a href=\"https:\/\/stiftung-kuenstlerdorf.com\/de\/home\/\" target=\"_blank\" rel=\"noopener noreferrer\">www.stiftung-kuenstlerdorf.de<\/a><\/p>\n<p>Akademie der K\u00fcnste der Welt, K\u00f6ln<br \/>\n<a href=\"https:\/\/www.academycologne.org\/de\/\" target=\"_blank\" rel=\"noopener noreferrer\">https:\/\/www.academycologne.org\/de\/<\/a><\/p>\n<p>Residenzstipendien f\u00fcr Bildende K\u00fcnstler:innen auf Schloss Ringenberg, NRW<br \/>\n<a href=\"https:\/\/kulturraum-niederrhein.de\/\" target=\"_blank\" rel=\"noopener noreferrer\">www.schloss-ringenberg.de<\/a><\/p>\n<p>Landesarbeitsgemeinschaft Soziokultureller Zentren<a href=\"http:\/\/www.soziokultur-nrw.de\/\" target=\"_blank\" rel=\"noopener noreferrer\"><br \/>\nwww.soziokultur-nrw.de<\/a><\/p>\n<p>Beim Bundesverband Deutscher Stiftungen<br \/>\nsind rund 10.000 Stiftungen gelistet. <a href=\"https:\/\/www.stiftungen.org\/startseite.html\" target=\"_blank\" rel=\"noopener noreferrer\">Stiftungen.org<\/a><\/p>\n<hr \/>\n<p><strong>Weitere Netzwerke und Recherchehilfen Bund und L\u00e4nder:<\/strong><br \/>\nKulturstiftung des Bundes<br \/>\n<a href=\"http:\/\/www.kulturstiftung-des-bundes.de\/\" target=\"_blank\" rel=\"noopener noreferrer\">www.kulturstiftung-des-bundes.de<\/a><\/p>\n<p>Deutscher Kulturrat<br \/>\n<a href=\"https:\/\/www.kulturrat.de\/\">Deutscher Kulturrat<\/a><\/p>\n<p><span class=\"text_exposed_show\">Informationsportal f\u00fcr international mobile K\u00fcnstlerinnen und K\u00fcnstler, bietet umfassende Informationen zu den Themen\u00a0<a class=\"internal-link\" title=\"\u00d6ffnet internen Link im aktuellen Fenster\" href=\"http:\/\/www.touring-artists.info\/visa-und-aufenthalt.html\">Visa\/Aufenthalt<\/a>,\u00a0<a class=\"internal-link\" title=\"\u00d6ffnet internen Link im aktuellen Fenster\" href=\"http:\/\/www.touring-artists.info\/transport-und-zoll.html\">Transport\/Zoll<\/a>,\u00a0<a class=\"internal-link\" title=\"\u00d6ffnet internen Link im aktuellen Fenster\" href=\"http:\/\/www.touring-artists.info\/steuern.html\">Steuern<\/a>,\u00a0<a class=\"internal-link\" title=\"\u00d6ffnet internen Link im aktuellen Fenster\" href=\"http:\/\/www.touring-artists.info\/sozialversicherung.html\">Sozialversicherung<\/a>, andere\u00a0<a class=\"internal-link\" title=\"\u00d6ffnet internen Link im aktuellen Fenster\" href=\"http:\/\/www.touring-artists.info\/versicherungen.html\">Versicherungen<\/a>\u00a0\u00a0und\u00a0<a class=\"internal-link\" title=\"\u00d6ffnet internen Link im aktuellen Fenster\" href=\"http:\/\/www.touring-artists.info\/urheberrecht.html\">Urheberrecht<\/a>. Als gemeinsames Projekt des\u00a0<a class=\"external-link-new-window\" title=\"\u00d6ffnet externen Link in neuem Fenster\" href=\"http:\/\/www.iti-germany.de\/\" target=\"_blank\" rel=\"noopener noreferrer\">Internationalen Theaterinstituts (ITI) Zentrum BRD<\/a>\u00a0und der\u00a0<a class=\"external-link-new-window\" title=\"\u00d6ffnet externen Link in neuem Fenster\" href=\"http:\/\/www.igbk.de\/\" target=\"_blank\" rel=\"noopener noreferrer\">Internationalen Gesellschaft der Bildenden K\u00fcnste (IGBK)<\/a>\u00a0sind die Themengebiete f\u00fcr die beiden Sparten Darstellende Kunst und Bildende Kunst aufgearbeitet.<br \/>\n<a href=\"http:\/\/www.touring-artists.info\" target=\"_blank\" rel=\"noopener noreferrer\">www.touring-artists.info<\/a><\/span><\/p>\n<p>Informationen, Hinweise und Erfahrungen zusammen, die sich an gefl\u00fcchtete K\u00fcnstlerinnen und <span class=\"text_exposed_show\">K\u00fcnstler in Deutschland richten sowie an Kunst- und Kulturschaffende in Deutschland, die mit Gefl\u00fcchteten arbeiten (m\u00f6chten)<br \/>\n<a href=\"http:\/\/www.touring-artists.info\/visa-und-aufenthalt00.html\" target=\"_blank\" rel=\"noopener noreferrer\">www.touring-artists.info\/visa-und-aufenthalt0.html<\/a><\/span><\/p>\n<p>Portal f\u00fcr Kulturelle Bildung<br \/>\n<a href=\"http:\/\/www.kultur-bildet.de\/\" target=\"_blank\" rel=\"noopener noreferrer\">www.kultur-bildet.de\/<\/a><\/p>\n<p>K\u00fcnste \u00f6ffnen Welten &#8211; F\u00f6rderprogramm der Bundesvereinigung f\u00fcr kulturelle Kinder- und Jugendbildung<br \/>\n<a href=\"http:\/\/www.kuenste-oeffnen-welten.de\/\" target=\"_blank\" rel=\"noopener noreferrer\">www.kuenste-oeffnen-welten.de<\/a><\/p>\n<p><span style=\"line-height: 1.714285714; font-size: 1rem;\">Kulturstiftung der L\u00e4nder<br \/>\n<\/span><a href=\"http:\/\/www.kulturstiftung.de\/\" target=\"_blank\" rel=\"noopener noreferrer\">www.kulturstiftung.de<\/a><\/p>\n<p>Bundesministerium f\u00fcr Familie Senioren, Frauen und Jugend<br \/>\n<a href=\"http:\/\/www.bmfsfj.de\/\" target=\"_blank\" rel=\"noopener noreferrer\">www.bmfsfj.de<\/a><\/p>\n<p>STARTnext: private Projektf\u00f6rderung<br \/>\n<a href=\"http:\/\/www.startnext.de\/\" target=\"_blank\" rel=\"noopener noreferrer\">www.startnext.de<\/a><\/p>\n<p>Stiftung Kunstfonds<br \/>\n<a href=\"http:\/\/www.kunstfonds.de\/\" target=\"_blank\" rel=\"noopener noreferrer\">www.kunstfonds.de<\/a><\/p>\n<p>Fonds Darstellende K\u00fcnste<br \/>\n<a href=\"http:\/\/www.fonds-daku.de\/\" target=\"_blank\" rel=\"noopener noreferrer\">www.fonds-daku.de<\/a><\/p>\n<p>Fonds Soziokultur:\u00a0F\u00f6rderung soziokultureller\u00a0Projekte, die ein aktuelles gesellschaftliches Thema aufgreifen, neue Praxis- und Aktionsformen erproben, den Austausch und die Integration f\u00f6rdern oder die \u2013 mit den Mitteln der Kunst und Kultur \u2013 neue Formen der B\u00fcrgerbeteiligung in der Stadt, der Gemeinde, im Viertel umsetzen.<strong><br \/>\n<\/strong><a href=\"http:\/\/www.fonds-soziokultur.de\/\" target=\"_blank\" rel=\"noopener noreferrer\">www.fonds-soziokultur.de<\/a><\/p>\n<p>Kulturf\u00f6rderung der EU<br \/>\n<a href=\"http:\/\/www.europa-foerdert-kultur.info\/\" target=\"_blank\" rel=\"noopener noreferrer\">www.europa-foerdert-kultur.info<\/a><\/p>\n<p>Internationales Netzwerk Artists in Residence<br \/>\n<a href=\"http:\/\/www.resartis.org\/\" target=\"_blank\" rel=\"noopener noreferrer\">www.resartis.org<\/a><\/p>\n<p>K\u00fcnstlerhaus Schlo\u00df Balmoral<br \/>\n<a href=\"https:\/\/balmoral.de\/index.php?id=19\" target=\"_blank\" rel=\"noopener noreferrer\">Schloss Balmoral<\/a><\/p>\n<p><strong>Allgemeine Recherche meint:<br \/>\nsich anregen und inspirieren lassen, st\u00f6bern, Zeit haben \u2026<br \/>\n<\/strong><\/p>\n<p>Kulturkenner: Veranstaltungsanzeiger f\u00fcr die Bereiche Bildende Kunst, Theater, Tanz, Musik, Film, Literatur,\u00a0Herausgeber: MFGKJS, Ministerium f\u00fcr Familie, Kinder, Jugend, Kultur und Sport des Landes Nordrhein-Westfalen<a href=\"http:\/\/www.kulturkenner.de\"><br \/>\nwww.kulturkenner.de<\/a><\/p>\n<p>Kulturserver NRW<br \/>\n<a href=\"http:\/\/www.kulturserver-nrw.de\" target=\"_blank\" rel=\"noopener noreferrer\">www.kulturserver-nrw.de<\/a><\/p>\n<p>Deutsches Informationszentrum Kulturf\u00f6rderung (DIZK)<br \/>\nInfos zu Preisen, Stipendien etc.<br \/>\n<a href=\"http:\/\/www.kulturfoerderung.org\/de\/\" target=\"_blank\" rel=\"noopener noreferrer\">www.kulturfoerderung.org\/de\u00a0<\/a><\/p>\n<p>Call for Kunst<br \/>\nAusschreibungsplattform zu F\u00f6rderungen f\u00fcr Kunstschaffende mit dem Schwerpunkt Darstellende K\u00fcnste<br \/>\n<a href=\"http:\/\/callforkunst.de\">callforkunst.de<\/a><\/p>\n<p>Kultur Ruhr GmbH<a href=\"http:\/\/www.kulturrat-nrw.de\/\" target=\"_blank\" rel=\"noopener noreferrer\"><br \/>\n<\/a><a href=\"http:\/\/www.ruhrtriennale.de\/de\/\" target=\"_blank\" rel=\"noopener noreferrer\">www.ruhrtriennale.de<\/a><\/p>\n<p>Kulturwissenschaftliches Institut NRW<br \/>\n<a href=\"http:\/\/www.kulturwissenschaften.de\/home\/index.html\" target=\"_blank\" rel=\"noopener noreferrer\">www.kwi-nrw.de<\/a><\/p>\n<p>Landesvereinigung Kulturelle Jugendarbeit Nordrhein-Westfalen e.V. [LKJ]<br \/>\n<a href=\"http:\/\/www.lkj-nrw.de\/web\/index.htm\" target=\"_blank\" rel=\"noopener noreferrer\">www.lkj-nrw.de<\/a><\/p>\n<p>Kulturelle Integration<br \/>\n<a href=\"http:\/\/www.nrw-kulturen.de\/\" target=\"_blank\" rel=\"noopener noreferrer\">www.nrw-kulturen.de<\/a><\/p>\n<p>Exile-Kulturkoodination e.V.<br \/>\n<a href=\"http:\/\/www.exile-ev.de\/\" target=\"_blank\" rel=\"noopener noreferrer\">www.exile.de<\/a><\/p>\n<p>Frauenmediaturm \u2013 Informationszentrum zur Geschichte der Emanzipation<br \/>\n<a href=\"http:\/\/www.frauenmediaturm.de\/\" target=\"_blank\" rel=\"noopener noreferrer\">www.frauenmediaturm.de<\/a><\/p>\n<p>MHKBG \u2013 Ministerium f\u00fcr Heimat, Kommunales, Bau und Gleichstellung des Landes Nordrhein-Westfalen<br \/>\n<a href=\"https:\/\/www.mhkbg.nrw\/\">https:\/\/www.mhkbg.nrw\/<\/a><\/p>\n<p>EWVA &#8211; Equality for women in visual arts &#8211; ist eine offene Initiative, die einl\u00e4dt, im Bereich der Bildenden Kunst die Pr\u00e4senz von Frauen zu \u00fcberpr\u00fcfen. Eine Art freiwillige Selbstkontrolle, das eigene Handeln zu beobachten und so aktiv die Situation zu ver\u00e4ndern.<br \/>\n<a href=\"http:\/\/e-w-v-a.com\/info\/\" target=\"_blank\" rel=\"noopener noreferrer\">http:\/\/e-w-v-a.com\/info\/<\/a><\/p>\n<p>Verband nordrhein-westf\u00e4lischer Kulturverb\u00e4nde und Einrichtungen<br \/>\n<a href=\"http:\/\/www.kulturrat-nrw.de\/\" target=\"_blank\" rel=\"noopener noreferrer\">www.kulturrat-nrw.de<\/a><\/p>\n<p>Inform.<em>elle<strong>\u00a0<\/strong><\/em>&#8211; Netzwerk f\u00fcr Freiberuflerinnen aus Kultur u. Medien im Raum Aachen<br \/>\n<a href=\"http:\/\/www.informelle.de\/\" target=\"_blank\" rel=\"noopener noreferrer\">www.informell.de<\/a><\/p>\n<p>beziehungsweise weiterdenken \u2013 Forum f\u00fcr Philosophie und Politik<br \/>\n<a href=\"http:\/\/www.bzw-weiterdenken.de\/\" target=\"_blank\" rel=\"noopener noreferrer\">www.bzw-weiterdenken.de<\/a><\/p>\n<p>LAG Lesben in Nordrhein-Westfalen<a href=\"http:\/\/www.lesben-nrw.de\/\" target=\"_blank\" rel=\"noopener noreferrer\"><br \/>\nwww.lesben-nrw.de<\/a><\/p>\n<p>Kultur und Schule Landesprogramm NRW<br \/>\n<a href=\"http:\/\/www.kulturrat.de\/\" target=\"_blank\" rel=\"noopener noreferrer\">www.kulturundschule.de<\/a><\/p>\n<p>Deutscher Kulturrat<br \/>\n<a href=\"http:\/\/www.kulturrat.de\/\" target=\"_blank\" rel=\"noopener noreferrer\">www.kulturrat.de<\/a><\/p>\n<p>Kulturdatenbank<br \/>\n<a href=\"http:\/\/www.kulturserver.de\/\" target=\"_blank\" rel=\"noopener noreferrer\">www.kulturserver.de<\/a><\/p>\n<p>Kultusministerkonferenz<br \/>\n<a href=\"http:\/\/www.kmk.org\/\" target=\"_blank\" rel=\"noopener noreferrer\">www.kultusministerkonferenz.de<\/a><\/p>\n<p>Deutscher Bundestag \u2013 Ausschuss f\u00fcr Kultur und Medien<br \/>\n<a href=\"http:\/\/www.bundestag.de\/ausschuesse\/a22\/index.html\" target=\"_blank\" rel=\"noopener noreferrer\">www.bundestag.de<\/a><\/p>\n<p>Enquete-Kommission \u201eKultur in Deutschland\u201d<br \/>\n<a href=\"https:\/\/www.bundestag.de\/dokumente\/textarchiv\/26242585_enquete_11-200166\" target=\"_blank\" rel=\"noopener noreferrer\">www.bundestag-enquette.de<\/a><\/p>\n<p>Kulturpolitische Gesellschaft e.V. \u2013 bundesweite Vereinigung kulturpolitisch engagierter u. interessierter Menschen<br \/>\n<a href=\"http:\/\/www.kupoge.de\/\" target=\"_blank\" rel=\"noopener noreferrer\">www.kupoge.de<\/a><\/p>\n<p>Kulturportal Deutschland<br \/>\n<a href=\"http:\/\/www.kulturportal-deutschland.de\/kp\/main.html\" target=\"_blank\" rel=\"noopener noreferrer\">www.kulturportal-deutschland.de<\/a><\/p>\n<p>Ausw\u00e4rtiges Amt der Bundesrepublik Deutschland<br \/>\n<a href=\"https:\/\/www.auswaertiges-amt.de\/de\/\" target=\"_blank\" rel=\"noopener noreferrer\">www.auswaertiges-amt.de<\/a><\/p>\n<p>Bundesverband der Jugendkunstschulen und kulturp\u00e4dagogischen Einrichtungen [BJKE]<br \/>\n<a href=\"http:\/\/www.bjke.de\/\" target=\"_blank\" rel=\"noopener noreferrer\">www.bjke.de<\/a><\/p>\n<p>Deutsche Unesco-Kommission<br \/>\n<a href=\"http:\/\/www.unesco.de\/\" target=\"_blank\" rel=\"noopener noreferrer\">www.unesco.de<\/a><\/p>\n<p>Kultur- und Kreativwirtschaft<br \/>\nGesellschaft f\u00fcr innovative Besch\u00e4ftigungsf\u00f6rderung NRW (G.I.B.)<br \/>\n<a href=\"http:\/\/www.gib.nrw.de\/arbeitsbereiche\/existenzgruendung\/in_kultur_und_kreativwirtschaft\/ausschreibung-des-forderwettbewerbs-create.nrw\" target=\"_blank\" rel=\"noopener noreferrer\">www.gib.nrw.de<\/a><\/p>\n<p>LAG M\u00e4dchenarbeit in NRW e.V.<br \/>\n<a href=\"http:\/\/www.maedchenarbeit-nrw.de\/\" target=\"_blank\" rel=\"noopener noreferrer\">www.maedchenarbeit-nrw.de<\/a><\/p>\n<p>Texttreff &#8211; Das Netzwerk \u201ewortstarker Frauen\u201d bringt Autorinnen und Auftraggeber zusammen<br \/>\n<a href=\"http:\/\/www.texttreff.de\/\" target=\"_blank\" rel=\"noopener noreferrer\">www.texttreff.de<\/a><\/p>\n<p>Unternehmerinnentag NRW\u00a0<a href=\"http:\/\/www.chefin-online.de\/unternehmerinnentag\/unternehmerinnentag-nrw-2013\/\" target=\"_blank\" rel=\"noopener noreferrer\"><br \/>\n<\/a><a href=\"http:\/\/www.competentia.nrw.de\/index.php\" target=\"_blank\" rel=\"noopener noreferrer\">compentia.nrw<\/a><\/p>\n<p>Vertikult &#8211; Kultur und Arbeit\/Kulturjobb\u00f6rse<br \/>\n<a href=\"http:\/\/www.vertikult.de\/\" target=\"_blank\" rel=\"noopener noreferrer\">www.vertikult.de<\/a><\/p>\n<p>Vioworld &#8211; Markt f\u00fcr Musiker und Musikerinnen mit Jobb\u00f6rse<br \/>\n<a href=\"http:\/\/www.vioworld.de\/\" target=\"_blank\" rel=\"noopener noreferrer\">www.vioworld.de<\/a><\/p>\n<p>Zentrum f\u00fcr Kulturforschung, Hg. der Studie \u201eFrauen im Kultur- und Medienbetrieb\u201d<br \/>\n<a href=\"http:\/\/www.kulturforschung.de\/\" target=\"_blank\" rel=\"noopener noreferrer\">www.kulturforschung.de<\/a><\/p>\n<\/div>\n","protected":false},"excerpt":{"rendered":"<p>NRW- und bundesweite, Kultur- und Beratungseinrichtungen<\/p>\n","protected":false},"author":4,"featured_media":7747,"parent":0,"menu_order":53,"comment_status":"closed","ping_status":"closed","template":"","meta":{"footnotes":""},"class_list":["post-357","page","type-page","status-publish","has-post-thumbnail","hentry"],"_links":{"self":[{"href":"https:\/\/www.frauenkulturbuero-nrw.de\/index.php?rest_route=\/wp\/v2\/pages\/357","targetHints":{"allow":["GET"]}}],"collection":[{"href":"https:\/\/www.frauenkulturbuero-nrw.de\/index.php?rest_route=\/wp\/v2\/pages"}],"about":[{"href":"https:\/\/www.frauenkulturbuero-nrw.de\/index.php?rest_route=\/wp\/v2\/types\/page"}],"author":[{"embeddable":true,"href":"https:\/\/www.frauenkulturbuero-nrw.de\/index.php?rest_route=\/wp\/v2\/users\/4"}],"replies":[{"embeddable":true,"href":"https:\/\/www.frauenkulturbuero-nrw.de\/index.php?rest_route=%2Fwp%2Fv2%2Fcomments&post=357"}],"version-history":[{"count":5,"href":"https:\/\/www.frauenkulturbuero-nrw.de\/index.php?rest_route=\/wp\/v2\/pages\/357\/revisions"}],"predecessor-version":[{"id":21133,"href":"https:\/\/www.frauenkulturbuero-nrw.de\/index.php?rest_route=\/wp\/v2\/pages\/357\/revisions\/21133"}],"wp:featuredmedia":[{"embeddable":true,"href":"https:\/\/www.frauenkulturbuero-nrw.de\/index.php?rest_route=\/wp\/v2\/media\/7747"}],"wp:attachment":[{"href":"https:\/\/www.frauenkulturbuero-nrw.de\/index.php?rest_route=%2Fwp%2Fv2%2Fmedia&parent=357"}],"curies":[{"name":"wp","href":"https:\/\/api.w.org\/{rel}","templated":true}]}}