{"id":60,"date":"2011-11-02T20:33:51","date_gmt":"2011-11-02T20:33:51","guid":{"rendered":"http:\/\/localhost\/wordpress\/?page_id=60"},"modified":"2026-02-19T13:49:08","modified_gmt":"2026-02-19T13:49:08","slug":"veroeffentlichungen","status":"publish","type":"page","link":"https:\/\/www.frauenkulturbuero-nrw.de\/?page_id=60","title":{"rendered":"Publikationen"},"content":{"rendered":"<h1>DAS FRAUENKULTURB\u00dcRO NRW<\/h1>\n<h2>Die Drucksachen.<\/h2>\n<p><img decoding=\"async\" class=\"wp-image-19744 size-thumbnail aligncenter\" src=\"https:\/\/www.frauenkulturbuero-nrw.de\/wp-content\/uploads\/2020_1202_15505600-190x190.jpg\" alt=\"\" width=\"190\" height=\"190\" \/><\/p>\n<p><strong> Reisende K\u00fcnstler*innen \u2013 Ein kulturpolitisches Upgrade<br \/>\nNeupositionierung internationaler Residenzprogramme in NRW<br \/>\n<\/strong>Publikation, Dez. 2020<br \/>\nBasierend auf den Ergebnissen der Tagung &#8222;Reisende K\u00fcnstler*innen&#8220; Ende 2019 im K\u00fcnstlerhaus Dortmund in Kooperation mit dem Landesb\u00fcro Bildende Kunst NRW, dokumentiert die Publikation nun auch einen Leitfaden zur optimalen Ausgestaltung einer Residenz aus K\u00fcnstler*innenperspektive, ein Update zur Situation w\u00e4hrend der Pandemie und eine \u00dcbersicht \u00fcber die nordrhein-westf\u00e4lischen Residenzprogramme.<br \/>\nDie Publikation k\u00f6nnen Sie <a href=\"https:\/\/www.frauenkulturbuero-nrw.de\/wp-content\/uploads\/Reisende-Ku%CC%88nstler_innen-Ein-kulturpolitisches-Upgrade-1.pdf\">hier<\/a> herunterladen.<\/p>\n<hr \/>\n<p><img decoding=\"async\" class=\"wp-image-10304 aligncenter\" title=\"OHneWorte_Titel_3D\" src=\"https:\/\/www.frauenkulturbuero-nrw.de\/wp-content\/uploads\/OHneWorte_Titel_3D-190x190.jpg\" alt=\"\" width=\"190\" height=\"190\" \/><strong>Ohne Worte? Zur Situation gefl\u00fcchteter Autorinnen<\/strong><br \/>\n<strong>Mit anderen Worten &#8211; Texte von exilierten Autorinnen aus dem arabischen Sprachraum\u00a0<\/strong><br \/>\nDokumentation und Anthologie, Okt. 2017<br \/>\ndeutsch und arabisch<br \/>\nDas Buch ist gegen eine Schutzgeb\u00fchr 5 \u20ac bei uns erh\u00e4ltlich.<\/p>\n<hr \/>\n<p><img decoding=\"async\" class=\"size-thumbnail wp-image-11786 aligncenter\" title=\"Postkarten-Edition_06.2017\" src=\"https:\/\/www.frauenkulturbuero-nrw.de\/wp-content\/uploads\/Postkarten-Edition_06.2017-190x190.jpg\" alt=\"\" width=\"190\" height=\"190\" \/><strong>Internationales Austauschprogramm f\u00fcr Bildende K\u00fcnstlerinnen<\/strong><br \/>\nInternational Exchange Program for Female Artists<br \/>\nJuli 2018 bis Juni 2017<br \/>\nGEORGIA &#8211; ARMENIA &#8211; GERMANY<br \/>\nPostkarten-Edition DIN A 5 Format<br \/>\nMit Arbeiten der Stipendiatinnen\u00a0Ana Jikia, Diana Hakobian, Gvantsa Jishkariani, Heike Kabisch, Julia B\u00fcnnagel, Julia Charlotte Richter, Lusine Talalyan, Katharina Maderthaner, Nino Sekhniashvili, Sara Dietrich, Tamar Chaduneli, Tessa Knapp und Ulrike M\u00f6schel.<\/p>\n<hr \/>\n<p><img loading=\"lazy\" decoding=\"async\" class=\"wp-image-10353 size-thumbnail aligncenter\" title=\"Katalog\" src=\"https:\/\/www.frauenkulturbuero-nrw.de\/wp-content\/uploads\/Katalog-190x190.jpg\" alt=\"\" width=\"190\" height=\"190\" \/><strong>tavidan \u2013 \u10d7\u10d0\u10d5\u10d8\u10d3\u10d0\u10dc<br \/>\n<\/strong>Georgien und Deutschland im k\u00fcnstlerischen Dialog \u2013 \u10e1\u10d0\u10ee\u10d4\u10da\u10dd\u10d5\u10dc\u10d4\u10d1\u10dd \u10d3\u10d8\u10d0\u10da\u10dd\u10d2\u10d8 \u10d2\u10d4\u10e0\u10db\u10d0\u10dc\u10d8\u10d0\u10e1\u10d0 \u10d3\u10d0 \u10e1\u10d0\u10e5\u10d0\u10e0\u10d7\u10d5\u10d4\u10da\u10dd\u10e1 \u10e8\u10dd\u10e0\u10d8\u10e1<br \/>\n1. Auflage 2017, 176 Seiten mit zahlreichen farb. Abb., in dt.,eng.,georgisch<br \/>\nSchweizer Broschur 17 x 24,8 cm<br \/>\nISBN: 978-3-7455-1003-4<br \/>\nAthener Verlag, Oberhausen<br \/>\n24 Euro<br \/>\n<a href=\"http:\/\/bookview.libreka.de\/preview\/5108755\/9783745510034?session=7691f015d764d7e7e48b38dd33e23de95a448777\">Leseprobe durch bookview.libreka<\/a><\/p>\n<hr \/>\n<p><img loading=\"lazy\" decoding=\"async\" class=\"size-thumbnail wp-image-7815 aligncenter\" title=\"SLF Kunstlerin und Bauer kleiner\" src=\"https:\/\/www.frauenkulturbuero-nrw.de\/wp-content\/uploads\/SLF-Kunstlerin-und-Bauer-kleiner-180x190.jpg\" alt=\"SLF Kunstlerin und Bauer kleiner\" width=\"180\" height=\"190\" \/><strong>STADT LAND FLUSS \u2013 WAS HAT DIE KUNST AUF DEM LAND ZU SUCHEN?<br \/>\n<\/strong>So die provokative Fragestellung unter der am vergangenen Freitag nordrhein-westf\u00e4lische und rheinland-pf\u00e4lzische K\u00fcnstlerinnen aus dem Bereich Bildende Kunst zusammen mit Museums- und Kulturmanagerinnen im Museum Begas-Haus in Heinsberg \u00fcber die Situation und den Stellenwert der Kunst im l\u00e4ndlichen Raum diskutierten. Nov. 2015<strong><br \/>\n<\/strong>Download:\u00a0<a href=\"https:\/\/www.frauenkulturbuero-nrw.de\/wp-content\/uploads\/Stadt-Land-Fluss.Kunst-auf-dem-Land.pdf\">Tagungsdokumentation<\/a><\/p>\n<hr \/>\n<p><strong><img loading=\"lazy\" decoding=\"async\" class=\"size-thumbnail wp-image-7636 aligncenter\" title=\"Katalog, Katharina Hinsberg, AJOUR\u00c9\" src=\"https:\/\/www.frauenkulturbuero-nrw.de\/wp-content\/uploads\/DSC_1270-149x190.jpg\" alt=\"Katalog, Katharina Hinsberg, AJOUR\u00c9\" width=\"149\" height=\"190\" \/>AJOUR\u00c9<\/strong><br \/>\nDokumentation einer Zusammenarbeit von Martin Enders (Text) und Katharina Hinsberg (Bilder) herausgegeben von der Edith Wahlandt Galerie, Stuttgart, gef\u00f6rdert vom Frauenkulturb\u00fcro NRW anl\u00e4sslich des K\u00fcnstlerinnenpreises NRW im Bereich Zeichnung 2013<\/p>\n<hr \/>\n<p><img loading=\"lazy\" decoding=\"async\" class=\"wp-image-5825 aligncenter\" title=\"\" src=\"https:\/\/www.frauenkulturbuero-nrw.de\/wp-content\/uploads\/fotolinse-190x190.jpg\" alt=\"\" width=\"148\" height=\"148\" \/><strong>Die Quote Regie in Film und Fernsehen<br \/>\n<\/strong>Am 11.6.2015 er\u00f6rterten auf Einladung des Frauenkulturb\u00fcros NRW ma\u00dfgebliche Entscheidungstr\u00e4ger\/innen aus der Filmbranche und der Politik im Rahmen des Medienforums NRW in K\u00f6ln die Situation und die Handlungsm\u00f6glichkeiten in NRW.<\/p>\n<p><a href=\"https:\/\/www.frauenkulturbuero-nrw.de\/wp-content\/uploads\/QuoteRegie_14.pdf\">Dokumentation<\/a><\/p>\n<hr \/>\n<p><img loading=\"lazy\" decoding=\"async\" class=\"wp-image-5228 aligncenter\" title=\"Studie Frauen in Kunst und Kultur\" src=\"https:\/\/www.frauenkulturbuero-nrw.de\/wp-content\/uploads\/Studie_Frauen-in-K.u.Kultur_Buch.jpg\" alt=\"Frauen in Kunst und Kultur\" width=\"150\" height=\"214\" \/><\/p>\n<p><strong>Frauen in Kunst und Kultur<br \/>\n<\/strong>Zwischen neuem Selbstbewusstsein und Quotenforderungen<br \/>\nEine vom Frauenkulturb\u00fcro NRW in Auftrag gegebene Studie zur Partizipation von Frauen in Kunst und Kultur in Nordrhein-Westfalen.<br \/>\nDie AutorInnen: Dr. Heiner Barz, Professor an der Heinrich-Heine-Universit\u00e4t D\u00fcsseldorf, Leiter der Abteilung f\u00fcr Bildungsforschung und Bildungsmanagement am Institut f\u00fcr Sozialwissenschaften und Meral Cerci, Senior Researcher Abteilung Bildungsforschung der Heinrich-Heine-Universit\u00e4t D\u00fcsseldorf. Mit einem Vorwort von Ute Sch\u00e4fer, Ministerin f\u00fcr Familie, Kinder, Jugend, Kultur und Sport in Nordrhein-Westfalen, Springer Verlag 2015<br \/>\nDie Studie \u201cFrauen in Kunst und Kultur\u201d ist zum Preis von 14.99 \u20ac erh\u00e4ltlich.<br \/>\n<a href=\"http:\/\/www.springer.com\/springer+vs\/p%C3%A4dagogik\/berufsbildung\/book\/978-3-658-07263-6?wt_mc=event.BookAuthor.Congratulation\" target=\"_blank\" rel=\"noopener noreferrer\">Buchbestellung<\/a><\/p>\n<hr \/>\n<p><img loading=\"lazy\" decoding=\"async\" class=\"wp-image-5627 aligncenter\" title=\"Katalog Nanne Meyer\" src=\"https:\/\/www.frauenkulturbuero-nrw.de\/wp-content\/uploads\/Katalog-Nanne-Meyer-317x400.jpg\" alt=\"Katalog Nanne Meyer\" width=\"150\" height=\"190\" srcset=\"https:\/\/www.frauenkulturbuero-nrw.de\/wp-content\/uploads\/Katalog-Nanne-Meyer-317x400.jpg 317w, https:\/\/www.frauenkulturbuero-nrw.de\/wp-content\/uploads\/Katalog-Nanne-Meyer-475x600.jpg 475w, https:\/\/www.frauenkulturbuero-nrw.de\/wp-content\/uploads\/Katalog-Nanne-Meyer-768x971.jpg 768w, https:\/\/www.frauenkulturbuero-nrw.de\/wp-content\/uploads\/Katalog-Nanne-Meyer-250x316.jpg 250w, https:\/\/www.frauenkulturbuero-nrw.de\/wp-content\/uploads\/Katalog-Nanne-Meyer-390x493.jpg 390w, https:\/\/www.frauenkulturbuero-nrw.de\/wp-content\/uploads\/Katalog-Nanne-Meyer.jpg 800w\" sizes=\"(max-width: 150px) 100vw, 150px\" \/><strong>F\u00dcNFUNDDREISSIG JAHRE ZEICHNEN<br \/>\n<\/strong>Nanne Meyer, Katalog<br \/>\nEine Ausstellung der Hauptpreistr\u00e4gerin des K\u00fcnstlerinnenpreises im Bereich Zeichnung, Nanne Meyer im Museum Goch vom 21. 9. &#8211; 2. 11. 2014, Text: Andreas Schalhorn, herausgegeben vom Frauenkulturb\u00fcro NRW in Kooperation mit dem Museum Goch, Pagina Verlag 2014 <!-- Den Katalog k\u00f6nnen Sie hier bestellen.--><\/p>\n<hr \/>\n<p><img loading=\"lazy\" decoding=\"async\" class=\"size-thumbnail wp-image-2678 aligncenter\" src=\"https:\/\/www.frauenkulturbuero-nrw.de\/wp-content\/uploads\/Bild-f\u00fcr-FKB-webseite-150x190.jpg\" alt=\"Foto und Gestaltung: Rafaela Lichtenberg\" width=\"150\" height=\"190\" \/><strong>MEGAMIX One Minute Showroom<br \/>\n<\/strong>15 K\u00fcnstlerinnen \u2013 15 Werke<br \/>\nKatalog, September 2013<br \/>\nDie Ausstellung entstand im Rahmen des Professionalisierungsprojekts &#8222;KUNSTST\u00dcCK \u2013 von der Kunst leben&#8220; in kuratorischer Begleitung der Kunstwissenschaftlerin Annette Reker.<br \/>\nAtelier Pf\u00f6rtnerloge, Kulturzentrum Fabrik Heeder, Krefeld<\/p>\n<hr \/>\n<p><img loading=\"lazy\" decoding=\"async\" class=\"aligncenter\" title=\"AllesGute_COVER\" src=\"https:\/\/www.frauenkulturbuero-nrw.de\/wp-content\/uploads\/2011\/11\/AllesGute_COVER-257x300.jpg\" alt=\"\" width=\"150\" height=\"174\" \/><strong>Alles Gute! 20 Jahre K\u00fcnstlerinnenf\u00f6rderung Nordrhein-Westfalen<br \/>\n<\/strong>Katalog, Oktober 2012<br \/>\nEine Ausstellung der Stiftung Museum Schloss Moyland in Kooperation mit dem Frauenkulturb\u00fcro NRW e.V.<br \/>\nMit Arbeiten von Rosa Barba, Brigitte Dams, Christine Erhard, Uschi Huber, Hyun-Gyoung Kim, Julia Kr\u00f6pelin, Alice Musiol, Daniela Risch, Judith Samen und \u00a0Silke Schatz<br \/>\nMuseum Schloss Moyland, 15. 10. 2011 &#8211; 15. 4. 2012<br \/>\nDen Katalog k\u00f6nnen Sie <a href=\"https:\/\/www.frauenkulturbuero-nrw.de\/wp-content\/uploads\/2013\/01\/Alles-Gute_Katalog_Inhalt.pdf\">hier<\/a>\u00a0herunterladen.<\/p>\n<hr \/>\n<p><img loading=\"lazy\" decoding=\"async\" class=\"aligncenter\" title=\"BAUKUNST\" src=\"https:\/\/www.frauenkulturbuero-nrw.de\/wp-content\/uploads\/2011\/11\/BAUKUNST-150x211.jpg\" alt=\"\" width=\"150\" height=\"211\" \/><strong>Der K\u00fcnstlerinnenpreis Nordrhein-Westfalen im Bereich Baukunst<br \/>\n<\/strong>Schuber, Februar 2011<br \/>\nEine Ausstellung der Architektenkammer<br \/>\nEinzelblattsammlung mit Arbeiten und Biografien der Preistr\u00e4gerinnen\u00a0Prof. Julia B. Bolles-Wilson (Hauptpreis) und Patricia Gola, Defne Saylan und Shidokht Shalapour von den DREIHAUSFRAUEN (F\u00f6rderpreis)\u00a0 des K\u00fcnstlerinnenpreises Nordrhein-Westfalen 2010<em>\u00a0<\/em> sowie neun weiteren nominierten Planerinnen und Architektinnen.<\/p>\n<hr \/>\n<p><strong>Stipendium f\u00fcr Bildende K\u00fcnstlerinnen mit Kindern ohne Wohnortwechsel des Landes NRW<br \/>\n<\/strong>Krefeld 2007, Schuber<\/p>\n<p>Einzelblattsammlung \u00fcber die 25 K\u00fcnstlerinnen, die in den Jahren von 1997 bis 2006 das o.g. Stipendium erhalten haben. Insgesamt wurden die Stipendien f\u00fcnf mal ausgeschrieben.<br \/>\nMit Arbeiten von Ute Behrend, Senta Connert, Thea Djordjadze, Dunja Evers, Kati Faber, Karin Fehr, Dorothee Golz, Uschi Huber, Katharina Jahnke, Annebarbe Kau, Regina Kl\u00f6ckner, Sonia Knopp, Julia Kr\u00f6pelin, Tomoko Kubo, Katharina Mayer, Alice Musiol, Nicole Pohl, Judith Samen, Nina Schmitz, Anke Schreck, Regine Schumann, Marie-Paul Sistermanns, Eva von Platen-Hallermund, Carola Wechler-Knafla, Birgit Werres,<\/p>\n<hr \/>\n<p><img loading=\"lazy\" decoding=\"async\" class=\"aligncenter\" title=\"Standortbestimmung\" src=\"https:\/\/www.frauenkulturbuero-nrw.de\/wp-content\/uploads\/2011\/11\/Standortbestimmung.jpg\" alt=\"\" width=\"150\" height=\"212\" \/><strong>Standortbestimmung: Theaterfrauen in Spitzenpositionen<br \/>\n<\/strong>Dokumentation des Hearings im D\u00fcsseldorfer Schauspielhaus<br \/>\nOktober 2005<br \/>\nDie Dokumentation k\u00f6nnen Sie <a href=\"https:\/\/www.frauenkulturbuero-nrw.de\/wp-content\/uploads\/Standortbestimmung_Theaterfrauen_in_Spitzenpositionen_2005.pdf\">hier<\/a> herunterladen.<\/p>\n<hr \/>\n<p><img loading=\"lazy\" decoding=\"async\" class=\"aligncenter\" title=\"Wonderlands\" src=\"https:\/\/www.frauenkulturbuero-nrw.de\/wp-content\/uploads\/2011\/11\/02722-150x193.jpg\" alt=\"\" width=\"150\" height=\"193\" \/><strong>Wonderlands \u2013 Perspektiven aktueller Photographie<br \/>\n<\/strong>Eine Ausstellung zum K\u00fcnstlerinnenpreis NRW 2003 im Bereich Photographie in der Grothe-Sammlung, Museum K\u00fcppersm\u00fchle Duisburg<br \/>\nKuratiert von Barbara Hofmann-Johnson<br \/>\nSie k\u00f6nnen den Ausstellungskatalog <a href=\"https:\/\/www.frauenkulturbuero-nrw.de\/wp-content\/uploads\/2013\/02\/Wonderlands.pdf\">hier<\/a> herunterladen.<br \/>\nDuisburg 10. Mai bis 30. Juli 2003<\/p>\n<hr \/>\n<p><img loading=\"lazy\" decoding=\"async\" class=\"aligncenter\" title=\"Feuerwerke1\" src=\"https:\/\/www.frauenkulturbuero-nrw.de\/wp-content\/uploads\/2011\/11\/Feuerwerke1.jpg\" alt=\"\" width=\"150\" height=\"181\" \/><strong>Feuerwerke<br \/>\n<\/strong>Eine Ausstellung zum K\u00fcnstlerinnenpreis NRW 1999 im Deutschen Keramikmuseums Hetjens, D\u00fcsseldorf<br \/>\nAusstellungskatalog<br \/>\nD\u00fcsseldorf 1999<\/p>\n<hr \/>\n<p><img loading=\"lazy\" decoding=\"async\" class=\"aligncenter\" title=\"Sysipha-in-den\" src=\"https:\/\/www.frauenkulturbuero-nrw.de\/wp-content\/uploads\/2011\/11\/Sysipha-in-den.jpg\" alt=\"\" width=\"150\" height=\"212\" \/><strong>Sisypha in den M\u00fchlen der Kultur<br \/>\n<\/strong>Dokumentation der Fachtagung in D\u00fcsseldorf 1997<\/p>\n<hr \/>\n<p><img loading=\"lazy\" decoding=\"async\" class=\"aligncenter\" title=\"StadtBadKunst\" src=\"https:\/\/www.frauenkulturbuero-nrw.de\/wp-content\/uploads\/2011\/11\/8357_0-150x173.jpg\" alt=\"\" width=\"150\" height=\"173\" \/><strong>Statt Bad Kunst<br \/>\n<\/strong>Ausstellungskatalog<br \/>\nKrefeld 1996<br \/>\nmit Arbeiten von\u00a0Christine Bernhard, Barbara Francken, Elisabeth Schlanstein, Birgit Antoni, Brigitta Heidtmann, Ursula B\u00f6hmer, Gabi Mysen, Heike Pallanca, Martina Urmersbach, Lisa Kaiser, Christel Kremser, Ulrike Schr\u00f6ter, Renate Georgi, Teresina Talarico, Jutta Enders-Ogbeide, Monika Nelles, Hella Liebig, Brid Schenkl, Patricia Aha, An Seebach, Beate Hansen, Stefanie Grebe, Waltraut Schl\u00f6mer und Doris Gr\u00fcnwald-Gr\u00fcnauer.<br \/>\nStadtbad Neusser Stra\u00dfe, Krefeld vom\u00a027.10. bis 8.12.1996<br \/>\nSie k\u00f6nnen den Ausstellungskatalog <a href=\"https:\/\/www.frauenkulturbuero-nrw.de\/wp-content\/uploads\/2011\/11\/BAD-optimiert-5_5-MB2.pdf\" target=\"_blank\" rel=\"noopener noreferrer\">hier<\/a>\u00a0herunterladen. Eine Besprechung zur Ausstellung finden Sie\u00a0<a href=\"http:\/\/kultur-in-krefeld.de\/kulturhistorie\/bildende-kunst\/statt-bad-kunst\/\">hier<\/a><\/p>\n<hr \/>\n<p><img loading=\"lazy\" decoding=\"async\" class=\"aligncenter size-thumbnail wp-image-21044\" src=\"https:\/\/www.frauenkulturbuero-nrw.de\/wp-content\/uploads\/IMG_1975-190x190.jpg\" alt=\"\" width=\"190\" height=\"190\" \/><strong>Sichtweisen \u2013 Frauen f\u00fchren Regie<br \/>\n<\/strong>Dokumentation des 1. NRW\u00a0Frauentheaterfestivals in K\u00f6ln<br \/>\nmit Beitr\u00e4gen von Anita Ferraris, Heike Hofmann, Michaela Ehinger, Petra M.Weimer, Hiltrud Kissel\u00a0mit Symposion zur Situation von Frauen im Theater in der K\u00f6lner Orangerie im Volksgarten<br \/>\nDokumentation<br \/>\nK\u00f6ln 1995<\/p>\n<hr \/>\n<p><img loading=\"lazy\" decoding=\"async\" class=\"aligncenter size-thumbnail wp-image-21043\" src=\"https:\/\/www.frauenkulturbuero-nrw.de\/wp-content\/uploads\/IMG_1976-002-190x190.jpg\" alt=\"\" width=\"190\" height=\"190\" \/><strong>K\u00fcnstlerinnen in NRW, 1995<br \/>\n<\/strong>Fortf\u00fchrung durch die Linksammlung dieser Homepage, siehe <a href=\"?page_id=70\">K\u00fcnstlerinnen im Internet<\/a><\/p>\n<hr \/>\n<p><img loading=\"lazy\" decoding=\"async\" class=\"aligncenter\" title=\"SchriftstellerinnenGespraech\" src=\"https:\/\/www.frauenkulturbuero-nrw.de\/wp-content\/uploads\/2011\/11\/SchriftstellerinnenGespraech.jpg\" alt=\"\" width=\"150\" height=\"252\" \/><strong>Schriftstellerinnen im Gespr\u00e4ch<br \/>\n<\/strong>Dokumentation, tende-Verlag 1995<br \/>\nWeibliche Sichtweisen in unserer Gesellschaft aus dem Blickwinkel der Schriftstellerinnen, Dramaturginnen, Lektorinnen und Verlegerinnen: Frauen, die sich mit ihrer sozialen und beruflichen Situation, ihrem Umfeld und dem Stand ihrer Professionalit\u00e4t kritisch auseinandersetzen.<br \/>\nMit Texten von (u.a.) Liane Dirks, Anna D\u00fcnnebier, Regine M\u00f6bius, Hannelore Fischer, Uta Mauersberger, Jutta Richter, Claudia Rouvel, Marlene Streeruwitz, J. Monika Walther, Marion Schulz<\/p>\n<hr \/>\n<p><strong>Frauenkultur NRW<\/strong><\/p>\n<p><img loading=\"lazy\" decoding=\"async\" class=\"size-thumbnail wp-image-8303 aligncenter\" title=\"Frauenkultur 92\" src=\"https:\/\/www.frauenkulturbuero-nrw.de\/wp-content\/uploads\/Frauenkultur-92-132x190.jpg\" alt=\"Frauenkultur 92\" width=\"132\" height=\"190\" \/>Dokumentation zur Auftaktveranstaltung 1992<\/p>\n","protected":false},"excerpt":{"rendered":"<p>Kataloge und Dokumentationen<\/p>\n","protected":false},"author":4,"featured_media":0,"parent":0,"menu_order":42,"comment_status":"closed","ping_status":"closed","template":"","meta":{"footnotes":""},"class_list":["post-60","page","type-page","status-publish","hentry"],"_links":{"self":[{"href":"https:\/\/www.frauenkulturbuero-nrw.de\/index.php?rest_route=\/wp\/v2\/pages\/60","targetHints":{"allow":["GET"]}}],"collection":[{"href":"https:\/\/www.frauenkulturbuero-nrw.de\/index.php?rest_route=\/wp\/v2\/pages"}],"about":[{"href":"https:\/\/www.frauenkulturbuero-nrw.de\/index.php?rest_route=\/wp\/v2\/types\/page"}],"author":[{"embeddable":true,"href":"https:\/\/www.frauenkulturbuero-nrw.de\/index.php?rest_route=\/wp\/v2\/users\/4"}],"replies":[{"embeddable":true,"href":"https:\/\/www.frauenkulturbuero-nrw.de\/index.php?rest_route=%2Fwp%2Fv2%2Fcomments&post=60"}],"version-history":[{"count":5,"href":"https:\/\/www.frauenkulturbuero-nrw.de\/index.php?rest_route=\/wp\/v2\/pages\/60\/revisions"}],"predecessor-version":[{"id":22968,"href":"https:\/\/www.frauenkulturbuero-nrw.de\/index.php?rest_route=\/wp\/v2\/pages\/60\/revisions\/22968"}],"wp:attachment":[{"href":"https:\/\/www.frauenkulturbuero-nrw.de\/index.php?rest_route=%2Fwp%2Fv2%2Fmedia&parent=60"}],"curies":[{"name":"wp","href":"https:\/\/api.w.org\/{rel}","templated":true}]}}