{"id":6614,"date":"2014-12-20T12:34:59","date_gmt":"2014-12-20T12:34:59","guid":{"rendered":"http:\/\/www.frauenkulturbuero-nrw.de\/?page_id=6614"},"modified":"2026-03-31T17:54:34","modified_gmt":"2026-03-31T17:54:34","slug":"die-quote-regie","status":"publish","type":"page","link":"https:\/\/www.frauenkulturbuero-nrw.de\/?page_id=6614","title":{"rendered":"Die Quote Regie"},"content":{"rendered":"<h1>DIE QUOTE REGIE IN FILM UND FERNSEHEN<\/h1>\n<h2>Gespr\u00e4chsrunde am 15. Juni 2015 im Medienforum NRW<\/h2>\n<p><img decoding=\"async\" src=\"https:\/\/www.frauenkulturbuero-nrw.de\/wp-content\/uploads\/fotolinse.jpg\" alt=\"\" \/><\/p>\n<p>Jour Fixe\u00a0&#8222;Die Pro Quote Regie in Film und Fernsehen&#8220; mit Analysen, Vorschl\u00e4gen und Debattenbeitr\u00e4gen: <a href=\"https:\/\/www.frauenkulturbuero-nrw.de\/wp-content\/uploads\/QuoteRegie_14.pdf\">Download<\/a>\u00a0(PDF)<\/p>\n<p>Bundesweit sorgen Analysen zur Regievergabepraxis in Film und Fernsehen zurzeit f\u00fcr rege Diskussionen. Der erste Regie-Diversit\u00e4tsbericht des Bundesverbandes Regie zeigt auf, dass lediglich 11 Prozent aller fiktionalen Fernsehfilme im Hauptabendprogramm des \u00f6ffentlich-rechtlichen Fernsehens von Frauen inszeniert werden. Beim deutschen Kinofilm waren es in den Jahren 2010-13 insgesamt ebenfalls nur 22 Prozent. \u201ePro Quote Regie\u201c, ein Zusammenschluss von Filmemacherinnen, fordert, Regisseurinnen nachhaltig zu st\u00e4rken und sie bei der Vergabe von Auftr\u00e4gen gem\u00e4\u00df einer Quotenregelung zu ber\u00fccksichtigen.<\/p>\n<p>Auf Einladung des Frauenkulturb\u00fcros NRW e.V. er\u00f6rterten am 11. Juni im Rahmen des Medienforums NRW in K\u00f6ln ma\u00dfgebliche Entscheidungstr\u00e4ger\/innen aus der Filmbranche und der Politik die Situation und die Handlungsm\u00f6glichkeiten in NRW.<\/p>\n<p>Zu den Teilnehmer\/innen dieser von Christiane von Wahlert (Gesch\u00e4ftsf\u00fchrerin der FSK und SPIO) moderierten Runde z\u00e4hlten u.a. Dr. Marc Jan Eumann (Staatssekret\u00e4r f\u00fcr Bundesangelegenheiten, Europa und Medien), Christina Bentlage (Leiterin der F\u00f6rderung der Film- und Medienstiftung NRW), Prof. Gebhard Henke (Leiter Programmbereich Fernsehen, Kino und Serie WDR) und die Regisseurinnen Katinka Feistl und Imogen Kimmel (Pro Quote).<\/p>\n<p>\u201eSpannende Einblicke, intelligente Beitr\u00e4ge und l\u00f6sungsorientierte Vorschl\u00e4ge aus den verschiedenen Perspektiven charakterisierten \u00a0die mehrst\u00fcndige Diskussion, bei der zum ersten Mal in einem Bundesland alle wichtigen Protagonisten miteinander ins Gespr\u00e4ch kamen\u201c, so die Vorsitzende des Frauenkulturb\u00fcros NRW, Dr. Ruth Seidl.<\/p>\n<p>Staatssekret\u00e4r Dr. Eumann sagte u.a. zu, dass demn\u00e4chst Gender-Aspekte im Produzentenbericht, der nach WDR-Gesetz gefordert ist, eine verst\u00e4rkte Rolle spielen sollen. In der Diskussion um das Filmf\u00f6rdergesetz will er sich f\u00fcr eine deklaratorische Klausel zur Geschlechtergerechtigkeit engagieren.<\/p>\n<p>Dr. Ruth Seidl \u00a0ist sich mit dem Vorsitzenden des Kultur- und Medienausschusses des Landtages, Karl Schultheis, darin einig, den Landtag intensiv mit dem Thema zu befassen.<\/p>\n\n\t\t<style type=\"text\/css\">\n\t\t\t#gallery-1 {\n\t\t\t\tmargin: auto;\n\t\t\t}\n\t\t\t#gallery-1 .gallery-item {\n\t\t\t\tfloat: left;\n\t\t\t\tmargin-top: 10px;\n\t\t\t\ttext-align: center;\n\t\t\t\twidth: 20%;\n\t\t\t}\n\t\t\t#gallery-1 img {\n\t\t\t\tborder: 2px solid #cfcfcf;\n\t\t\t}\n\t\t\t#gallery-1 .gallery-caption {\n\t\t\t\tmargin-left: 0;\n\t\t\t}\n\t\t\t\/* see gallery_shortcode() in wp-includes\/media.php *\/\n\t\t<\/style>\n\t\t<div id='gallery-1' class='gallery galleryid-6614 gallery-columns-5 gallery-size-thumbnail'><dl class='gallery-item'>\n\t\t\t<dt class='gallery-icon landscape'>\n\t\t\t\t<a href='https:\/\/www.frauenkulturbuero-nrw.de\/wp-content\/uploads\/DSC_8388.jpg'><img decoding=\"async\" width=\"190\" height=\"190\" src=\"https:\/\/www.frauenkulturbuero-nrw.de\/wp-content\/uploads\/DSC_8388-190x190.jpg\" class=\"attachment-thumbnail size-thumbnail\" alt=\"\" \/><\/a>\n\t\t\t<\/dt><\/dl><dl class='gallery-item'>\n\t\t\t<dt class='gallery-icon landscape'>\n\t\t\t\t<a href='https:\/\/www.frauenkulturbuero-nrw.de\/wp-content\/uploads\/DSC_8387.jpg'><img decoding=\"async\" width=\"190\" height=\"190\" src=\"https:\/\/www.frauenkulturbuero-nrw.de\/wp-content\/uploads\/DSC_8387-190x190.jpg\" class=\"attachment-thumbnail size-thumbnail\" alt=\"\" \/><\/a>\n\t\t\t<\/dt><\/dl><dl class='gallery-item'>\n\t\t\t<dt class='gallery-icon landscape'>\n\t\t\t\t<a href='https:\/\/www.frauenkulturbuero-nrw.de\/wp-content\/uploads\/DSC_8386.jpg'><img decoding=\"async\" width=\"190\" height=\"190\" src=\"https:\/\/www.frauenkulturbuero-nrw.de\/wp-content\/uploads\/DSC_8386-190x190.jpg\" class=\"attachment-thumbnail size-thumbnail\" alt=\"\" \/><\/a>\n\t\t\t<\/dt><\/dl><dl class='gallery-item'>\n\t\t\t<dt class='gallery-icon landscape'>\n\t\t\t\t<a href='https:\/\/www.frauenkulturbuero-nrw.de\/wp-content\/uploads\/DSC_8383.jpg'><img loading=\"lazy\" decoding=\"async\" width=\"190\" height=\"190\" src=\"https:\/\/www.frauenkulturbuero-nrw.de\/wp-content\/uploads\/DSC_8383-190x190.jpg\" class=\"attachment-thumbnail size-thumbnail\" alt=\"\" \/><\/a>\n\t\t\t<\/dt><\/dl><dl class='gallery-item'>\n\t\t\t<dt class='gallery-icon landscape'>\n\t\t\t\t<a href='https:\/\/www.frauenkulturbuero-nrw.de\/wp-content\/uploads\/DSC_8373.jpg'><img loading=\"lazy\" decoding=\"async\" width=\"190\" height=\"190\" src=\"https:\/\/www.frauenkulturbuero-nrw.de\/wp-content\/uploads\/DSC_8373-190x190.jpg\" class=\"attachment-thumbnail size-thumbnail\" alt=\"\" \/><\/a>\n\t\t\t<\/dt><\/dl><br style=\"clear: both\" \/><dl class='gallery-item'>\n\t\t\t<dt class='gallery-icon landscape'>\n\t\t\t\t<a href='https:\/\/www.frauenkulturbuero-nrw.de\/wp-content\/uploads\/DSC_8377.jpg'><img loading=\"lazy\" decoding=\"async\" width=\"190\" height=\"190\" src=\"https:\/\/www.frauenkulturbuero-nrw.de\/wp-content\/uploads\/DSC_8377-190x190.jpg\" class=\"attachment-thumbnail size-thumbnail\" alt=\"\" \/><\/a>\n\t\t\t<\/dt><\/dl>\n\t\t\t<br style='clear: both' \/>\n\t\t<\/div>\n\n<p>Teilnehmerinnen und Teilnehmer:<\/p>\n<p>&#8211; Christiane von Wahlert, Moderation (Gesch\u00e4ftsf\u00fchrerin FSK und SPIO)<\/p>\n<p>&#8211; Staatssekret\u00e4r Dr. Marc-Jan Eumann (Staatskanzlei)<br \/>\n&#8211; Prof. Gebhard Henke (Leiter Programmbereich Fernsehen, Kino und Serie WDR,<br \/>\nMitglied der Hauptjury Film und Medien \u00a0Stiftung NRW)<br \/>\n&#8211; Christina Bentlage (Leiterin F\u00f6rderung\/Prokuristin der Film und Medien Stiftung NRW)<br \/>\n&#8211; Susanne D\u00fcwel (Referatsleitung Kulturabteilung MFKJKS)<br \/>\n&#8211; Ruth Schiffer ( Filmreferentin MFKJKS)<br \/>\n&#8211; Dr. J\u00fcrgen Kasten (Bundesverband Regie, Gesch\u00e4ftsf\u00fchrer)<br \/>\n&#8211; Birgit Schulz (Bildersturm Filmproduktion GmbH)<br \/>\n&#8211; Simone Stewens \u00a0(Gesch\u00e4ftsf\u00fchrung ifs)<br \/>\n&#8211; Katinka Feistl, Esther Gronenborn, Imogen Kimmel (Pro Quote Regie)<br \/>\n&#8211; Silke R\u00e4biger (Internat. Frauenfilmfestival DortmundIK\u00f6ln)<br \/>\n&#8211; Dr. Frauke Gerlach (Grimme-Institut Marl)<br \/>\n&#8211; Barbara Teufel (Kunsthochschule f\u00fcr Medien K\u00f6ln)<br \/>\n&#8211; Petra Schmitz (dfi im Filmb\u00fcro NW K\u00f6ln)<br \/>\n&#8211; Dr. Ruth Seidl (MdL, Vors. Frauenkulturb\u00fcro NRW e.V.)<br \/>\n&#8211; Ursula Thei\u00dfen (Gesch\u00e4ftsf\u00fchrerin Frauenkulturb\u00fcro NRW e.V.)<br \/>\n&#8211; Karl Schultheis (MdL, Vors.des Ausschusses Kultur und Medien)<\/p>\n<p>&#8211; Louisa Wittke (Journalistin, Mitschrift)<br \/>\n&#8211; Rita Thies (Veranstaltungsmanagement)<\/p>\n<p>Die ausf\u00fchrliche Dokumentation der Veranstaltung mit Analysen, Vorschl\u00e4gen und Debattenbeitr\u00e4gen erscheint in K\u00fcrze an dieser Stelle.<\/p>\n<p>Siehe auch auf unserer Seite <a href=\"https:\/\/www.frauenkulturbuero-nrw.de\/index.php\/themen\/die-quote-regie-in-film-und-fernsehen\/\">pro Quote Kultur<\/a><\/p>\n","protected":false},"excerpt":{"rendered":"<p>in Film und Fernsehen &#8211; Analysen, Vorschl\u00e4ge und Debattenbeitr\u00e4ge<\/p>\n","protected":false},"author":4,"featured_media":5825,"parent":60,"menu_order":85,"comment_status":"closed","ping_status":"closed","template":"","meta":{"footnotes":""},"class_list":["post-6614","page","type-page","status-publish","has-post-thumbnail","hentry"],"_links":{"self":[{"href":"https:\/\/www.frauenkulturbuero-nrw.de\/index.php?rest_route=\/wp\/v2\/pages\/6614","targetHints":{"allow":["GET"]}}],"collection":[{"href":"https:\/\/www.frauenkulturbuero-nrw.de\/index.php?rest_route=\/wp\/v2\/pages"}],"about":[{"href":"https:\/\/www.frauenkulturbuero-nrw.de\/index.php?rest_route=\/wp\/v2\/types\/page"}],"author":[{"embeddable":true,"href":"https:\/\/www.frauenkulturbuero-nrw.de\/index.php?rest_route=\/wp\/v2\/users\/4"}],"replies":[{"embeddable":true,"href":"https:\/\/www.frauenkulturbuero-nrw.de\/index.php?rest_route=%2Fwp%2Fv2%2Fcomments&post=6614"}],"version-history":[{"count":2,"href":"https:\/\/www.frauenkulturbuero-nrw.de\/index.php?rest_route=\/wp\/v2\/pages\/6614\/revisions"}],"predecessor-version":[{"id":23908,"href":"https:\/\/www.frauenkulturbuero-nrw.de\/index.php?rest_route=\/wp\/v2\/pages\/6614\/revisions\/23908"}],"up":[{"embeddable":true,"href":"https:\/\/www.frauenkulturbuero-nrw.de\/index.php?rest_route=\/wp\/v2\/pages\/60"}],"wp:featuredmedia":[{"embeddable":true,"href":"https:\/\/www.frauenkulturbuero-nrw.de\/index.php?rest_route=\/wp\/v2\/media\/5825"}],"wp:attachment":[{"href":"https:\/\/www.frauenkulturbuero-nrw.de\/index.php?rest_route=%2Fwp%2Fv2%2Fmedia&parent=6614"}],"curies":[{"name":"wp","href":"https:\/\/api.w.org\/{rel}","templated":true}]}}