{"id":6618,"date":"2015-08-20T12:58:09","date_gmt":"2015-08-20T12:58:09","guid":{"rendered":"http:\/\/www.frauenkulturbuero-nrw.de\/?page_id=6618"},"modified":"2021-11-13T17:31:07","modified_gmt":"2021-11-13T17:31:07","slug":"meyerhinsberg","status":"publish","type":"page","link":"https:\/\/www.frauenkulturbuero-nrw.de\/?page_id=6618","title":{"rendered":"Meyer\/Hinsberg"},"content":{"rendered":"<h1><strong>Der K\u00fcnstlerinnenpreis NRW 2014 im Bereich Zeichnung<\/strong><\/h1>\n<h2>Nanne Meyer und Katharina Hinsberg<\/h2>\n<p>vom 21. Sept. bis 2. Nov. 2014\u00a0im Museum Goch<\/p>\n<p><a href=\"http:\/\/nannemeyer.de\/\" target=\"_blank\" rel=\"noopener noreferrer\">Nanne Meyer<\/a> und <a href=\"http:\/\/katharina.hinsberg.de\/\" target=\"_blank\" rel=\"noopener noreferrer\">Katharina Hinsberg<\/a> verbindet die gro\u00dfe Affinit\u00e4t zur Zeichnung und beide finden in diesem k\u00fcnstlerischen Medium ihr eigentliches Ausdrucksmittel. So war es ein leichtes, die beiden K\u00fcnstlerinnen in einer Doppelausstellung zusammen zu bringen.<\/p>\n<p>&nbsp;<\/p>\n<p>Nanne Meyer, 1953 in Hamburg geboren, erhielt Ihre k\u00fcnstlerische Ausbildung an der Hochschule der K\u00fcnste in Hamburg. Mehrere Stipendien und Auszeichnungen f\u00fchrten sie immer wieder ins europ\u00e4ische Ausland sowie in die USA. Seit 1994 ist sie Professorin an der Kunsthochschule Berlin-Wei\u00dfensee und lebt und arbeitet in Berlin.<\/p>\n<p>Katharina Hinsberg, 1967 in Karlsruhe geboren, studierte in M\u00fcnchen, Dresden und Bordeaux. Auch sie erhielt zahlreiche Stipendien im In- und Ausland. Nach einer Professur f\u00fcr Zeichnen an der Hochschule f\u00fcr K\u00fcnste in Bremen (2003-09) ist sie seit 2011 Professorin f\u00fcr \u201ekonzeptuelle Malerei\u201c an der Hochschule der bildenden K\u00fcnste Saar.<\/p>\n<p>Der Katalog <a href=\"https:\/\/www.frauenkulturbuero-nrw.de\/index.php\/wir-ueber-uns\/veroeffentlichungen\/\" target=\"_blank\" rel=\"noopener\">&#8222;F\u00dcNFUNDREISSIG JAHRE ZEICHNEN&#8220;<\/a> von Nanne Meyer zur Ausstellung ist beim Frauenkulturb\u00fcro NRW erh\u00e4ltlich.<\/p>\n","protected":false},"excerpt":{"rendered":"<p>Der K\u00fcnstlerinnenpreis NRW 2014 im Bereich Zeichnung Nanne&hellip;<\/p>\n","protected":false},"author":4,"featured_media":0,"parent":2684,"menu_order":77,"comment_status":"closed","ping_status":"closed","template":"","meta":{"footnotes":""},"class_list":["post-6618","page","type-page","status-publish","hentry"],"_links":{"self":[{"href":"https:\/\/www.frauenkulturbuero-nrw.de\/index.php?rest_route=\/wp\/v2\/pages\/6618","targetHints":{"allow":["GET"]}}],"collection":[{"href":"https:\/\/www.frauenkulturbuero-nrw.de\/index.php?rest_route=\/wp\/v2\/pages"}],"about":[{"href":"https:\/\/www.frauenkulturbuero-nrw.de\/index.php?rest_route=\/wp\/v2\/types\/page"}],"author":[{"embeddable":true,"href":"https:\/\/www.frauenkulturbuero-nrw.de\/index.php?rest_route=\/wp\/v2\/users\/4"}],"replies":[{"embeddable":true,"href":"https:\/\/www.frauenkulturbuero-nrw.de\/index.php?rest_route=%2Fwp%2Fv2%2Fcomments&post=6618"}],"version-history":[{"count":4,"href":"https:\/\/www.frauenkulturbuero-nrw.de\/index.php?rest_route=\/wp\/v2\/pages\/6618\/revisions"}],"predecessor-version":[{"id":20791,"href":"https:\/\/www.frauenkulturbuero-nrw.de\/index.php?rest_route=\/wp\/v2\/pages\/6618\/revisions\/20791"}],"up":[{"embeddable":true,"href":"https:\/\/www.frauenkulturbuero-nrw.de\/index.php?rest_route=\/wp\/v2\/pages\/2684"}],"wp:attachment":[{"href":"https:\/\/www.frauenkulturbuero-nrw.de\/index.php?rest_route=%2Fwp%2Fv2%2Fmedia&parent=6618"}],"curies":[{"name":"wp","href":"https:\/\/api.w.org\/{rel}","templated":true}]}}