{"id":6620,"date":"2015-08-20T12:59:26","date_gmt":"2015-08-20T12:59:26","guid":{"rendered":"http:\/\/www.frauenkulturbuero-nrw.de\/?page_id=6620"},"modified":"2020-12-13T13:03:53","modified_gmt":"2020-12-13T13:03:53","slug":"megamix-one-minute-showroom","status":"publish","type":"page","link":"https:\/\/www.frauenkulturbuero-nrw.de\/?page_id=6620","title":{"rendered":"Megamix"},"content":{"rendered":"<h1><strong>MEGAMIX One Minute Showroom\u00a0<\/strong><\/h1>\n<h2><strong>15 K\u00fcnstlerinnen &#8211; 15 Werke\u00a0<\/strong><\/h2>\n<p>vom 17. 08. &#8211; 1.09.2013 im\u00a0Atelier Pf\u00f6rtnerloge, Kulturzentrum Fabrik Heeder, Krefeld<\/p>\n<div id=\"attachment_7470\" style=\"width: 206px\" class=\"wp-caption alignnone\"><img decoding=\"async\" aria-describedby=\"caption-attachment-7470\" class=\"size-full wp-image-7470\" title=\"Annette-Reker_MEGAMIX_2013\" src=\"http:\/\/www.frauenkulturbuero-nrw.de\/wp-content\/uploads\/Annette-Reker_MEGAMIX_20131.jpg\" alt=\"Annette Reker, Kuratorin\" width=\"196\" height=\"159\" \/><p id=\"caption-attachment-7470\" class=\"wp-caption-text\">Annette Reker, Kuratorin<\/p><\/div>\n<p>Die Ausstellung MEGAMIX One Minute Showroom\u00a0entstand im Rahmen des Professionalisierungsprojekts &#8218;KUNSTST\u00dcCK &#8211; von der Kunst leben&#8216; 2007 und 2013\u00a0in kuratorischer Begleitung der Kunstwissenschaftlerin Annette Reker.<\/p>\n<p>Die K\u00fcnstlerinnen haben sich trotz ihrer unterschiedlichen Herkunft, Arbeitsweisen und\u00a0Arbeitssituationen (oder vielmehr\u00a0gerade\u00a0aus diesem Grund) f\u00fcr ein gemeinsames\u00a0Projekt entschieden. Essenz der einzelnen Beitr\u00e4ge, die in einer Videoarbeit\u00a0zusammengefasst werden, ist die individuelle Darstellung der K\u00fcnstlerinnen und ihrer\u00a0k\u00fcnstlerischen Arbeit. Eine Selbstinszenierung. Ein inszenierter Blick ins Atelier.Dank der Neuen Medien stehen den K\u00fcnstlerInnen heute mit Plattformen wie Facebook, Twitter und YouTube erweiterte M\u00f6glichkeiten zur Selbstinszenierung\u00a0zur Verf\u00fcgung. Nicht nur f\u00fcr K\u00fcnstler eine Gratwanderung. Wann kippt das aktive\u00a0Buhlen um Aufmerksamkeit im Netz in eine ungewollte \u00dcberwachung?<\/p>\n\n\t\t<style type=\"text\/css\">\n\t\t\t#gallery-1 {\n\t\t\t\tmargin: auto;\n\t\t\t}\n\t\t\t#gallery-1 .gallery-item {\n\t\t\t\tfloat: left;\n\t\t\t\tmargin-top: 10px;\n\t\t\t\ttext-align: center;\n\t\t\t\twidth: 33%;\n\t\t\t}\n\t\t\t#gallery-1 img {\n\t\t\t\tborder: 2px solid #cfcfcf;\n\t\t\t}\n\t\t\t#gallery-1 .gallery-caption {\n\t\t\t\tmargin-left: 0;\n\t\t\t}\n\t\t\t\/* see gallery_shortcode() in wp-includes\/media.php *\/\n\t\t<\/style>\n\t\t<div id='gallery-1' class='gallery galleryid-6620 gallery-columns-3 gallery-size-thumbnail'><dl class='gallery-item'>\n\t\t\t<dt class='gallery-icon landscape'>\n\t\t\t\t<a href='https:\/\/www.frauenkulturbuero-nrw.de\/?attachment_id=5639'><img decoding=\"async\" width=\"190\" height=\"190\" src=\"https:\/\/www.frauenkulturbuero-nrw.de\/wp-content\/uploads\/IMG_1560-Phoebe-190x190.jpg\" class=\"attachment-thumbnail size-thumbnail\" alt=\"Megamix\" \/><\/a>\n\t\t\t<\/dt><\/dl><dl class='gallery-item'>\n\t\t\t<dt class='gallery-icon landscape'>\n\t\t\t\t<a href='https:\/\/www.frauenkulturbuero-nrw.de\/?attachment_id=5767'><img decoding=\"async\" width=\"190\" height=\"190\" src=\"https:\/\/www.frauenkulturbuero-nrw.de\/wp-content\/uploads\/SAM_1806-190x190.jpg\" class=\"attachment-thumbnail size-thumbnail\" alt=\"\" \/><\/a>\n\t\t\t<\/dt><\/dl>\n\t\t\t<br style='clear: both' \/>\n\t\t<\/div>\n\n<p>Die K\u00fcnstlerinnen zeigen in MEGAMIX One Minute Showroom nicht nur den\u00a0geheimnisumwobenen Ort der Kunstproduktion sondern beziehen die Pf\u00f6rtnerloge als\u00a0Ort der \u00dcberwachung mit ein.Die Situation schwankt zwischen klassischen \u00dcberwachungsvideos und sorgf\u00e4ltig\u00a0inszenierten, virtuellen Selbstdarstellungen und treibt ein ambivalentes Spiel, in dem es\u00a0ebenso um das Beobachtet-Werden geht wie um das Sich-Zeigen.<br \/>Den K\u00fcnstlerinnen ist es gelungen, durch die gemeinsame Videoarbeit eine Fl\u00e4che f\u00fcr\u00a0Reflektionen \u00fcber Individualit\u00e4t und Gemeinsamkeit herzustellen, ohne dabei die\u00a0Spezifik des Ausstellungsraumes aus den Augen zu lassen.<br \/>Ihre medial und thematisch sehr unterschiedlichen Arbeiten pr\u00e4sentieren die\u00a0K\u00fcnstlerinnen zudem in einer zur Er\u00f6ffnung erscheinenden Edition.\u00a0<\/p>\n<p>Zur Er\u00f6ffnung am Freitag, den 16. August 2013 um 19 Uhr spricht Susanne Eser vom\u00a0B\u00fcro f\u00fcr kulturelle Unvernunft, Hannover.<\/p>\n<p><b>Teilnehmenden K\u00fcnstlerinnen:<\/b><\/p>\n<p>Nadine Arbeiter<br \/>Anne von Hoyningen-Huene<br \/>Berit J\u00e4ger<br \/>Daalej Jin<br \/>Ph\u00f6be Knauthe<br \/>Christina Kramer<br \/>Elke Margarete Lehrenkrauss<br \/>Rafaela Lichtenberg<br \/>Larissa Mazbouh<br \/>Lyoudmila Milanova<br \/>Veronika Peddinghaus<br \/>Lucia Polansky<br \/>Isabelle von Schilcher<br \/>Jeannette Schn\u00fcttgen<br \/>Latefa Wiersch<\/p>\n","protected":false},"excerpt":{"rendered":"<p>MEGAMIX One Minute Showroom\u00a0 15 K\u00fcnstlerinnen &#8211; 15&hellip;<\/p>\n","protected":false},"author":4,"featured_media":0,"parent":2684,"menu_order":78,"comment_status":"closed","ping_status":"closed","template":"","meta":{"footnotes":""},"class_list":["post-6620","page","type-page","status-publish","hentry"],"_links":{"self":[{"href":"https:\/\/www.frauenkulturbuero-nrw.de\/index.php?rest_route=\/wp\/v2\/pages\/6620","targetHints":{"allow":["GET"]}}],"collection":[{"href":"https:\/\/www.frauenkulturbuero-nrw.de\/index.php?rest_route=\/wp\/v2\/pages"}],"about":[{"href":"https:\/\/www.frauenkulturbuero-nrw.de\/index.php?rest_route=\/wp\/v2\/types\/page"}],"author":[{"embeddable":true,"href":"https:\/\/www.frauenkulturbuero-nrw.de\/index.php?rest_route=\/wp\/v2\/users\/4"}],"replies":[{"embeddable":true,"href":"https:\/\/www.frauenkulturbuero-nrw.de\/index.php?rest_route=%2Fwp%2Fv2%2Fcomments&post=6620"}],"version-history":[{"count":1,"href":"https:\/\/www.frauenkulturbuero-nrw.de\/index.php?rest_route=\/wp\/v2\/pages\/6620\/revisions"}],"predecessor-version":[{"id":19707,"href":"https:\/\/www.frauenkulturbuero-nrw.de\/index.php?rest_route=\/wp\/v2\/pages\/6620\/revisions\/19707"}],"up":[{"embeddable":true,"href":"https:\/\/www.frauenkulturbuero-nrw.de\/index.php?rest_route=\/wp\/v2\/pages\/2684"}],"wp:attachment":[{"href":"https:\/\/www.frauenkulturbuero-nrw.de\/index.php?rest_route=%2Fwp%2Fv2%2Fmedia&parent=6620"}],"curies":[{"name":"wp","href":"https:\/\/api.w.org\/{rel}","templated":true}]}}