{"id":6631,"date":"2015-08-20T13:15:03","date_gmt":"2015-08-20T13:15:03","guid":{"rendered":"http:\/\/www.frauenkulturbuero-nrw.de\/?page_id=6631"},"modified":"2021-11-13T19:01:25","modified_gmt":"2021-11-13T19:01:25","slug":"alles-gute","status":"publish","type":"page","link":"https:\/\/www.frauenkulturbuero-nrw.de\/?page_id=6631","title":{"rendered":"Alles Gute!"},"content":{"rendered":"<h1><strong>20 Jahre K\u00fcnstlerinnenf\u00f6rderung Nordrhein-Westfalen<\/strong><\/h1>\n<h2><strong>Jubil\u00e4umsausstellung im Museum Schloss Moyland, Bedburg-Hau <\/strong><\/h2>\n<p>vom 16. Oktober 2011 &#8211; 15. April 2012<\/p>\n<p>Eine Ausstellung der Stiftung Museum Schloss Moyland in Kooperation mit dem Frauenkulturb\u00fcro NRW e.V.<\/p>\n<p>Die von Annette Reker, Frauenkulturb\u00fcro NRW e.V. und der stellvertretenden Direktorin der Stiftung Museum Schloss Moyland, Dr. Stefanie Heckmann, kuratierte Ausstellung zeigte eine Auswahl von zehn herausragenden k\u00fcnstlerischen Positionen aus Nordrhein-Westfalen.\u00a0Museum Schloss Moyland am\u00a015.10. 2011: Er\u00f6ffnung der Ausstellung und Preisverleihung des 16. K\u00fcnstlerinnenpreises Nordrhein-Westfalen im Bereich Performance durch Kulturministerin Ute Sch\u00e4fer.<\/p>\n\n\t\t<style type=\"text\/css\">\n\t\t\t#gallery-1 {\n\t\t\t\tmargin: auto;\n\t\t\t}\n\t\t\t#gallery-1 .gallery-item {\n\t\t\t\tfloat: left;\n\t\t\t\tmargin-top: 10px;\n\t\t\t\ttext-align: center;\n\t\t\t\twidth: 25%;\n\t\t\t}\n\t\t\t#gallery-1 img {\n\t\t\t\tborder: 2px solid #cfcfcf;\n\t\t\t}\n\t\t\t#gallery-1 .gallery-caption {\n\t\t\t\tmargin-left: 0;\n\t\t\t}\n\t\t\t\/* see gallery_shortcode() in wp-includes\/media.php *\/\n\t\t<\/style>\n\t\t<div id='gallery-1' class='gallery galleryid-6631 gallery-columns-4 gallery-size-thumbnail'><dl class='gallery-item'>\n\t\t\t<dt class='gallery-icon landscape'>\n\t\t\t\t<a href='https:\/\/www.frauenkulturbuero-nrw.de\/wp-content\/uploads\/K\u00fcnsterinnenpreis-2011-FotoSDobler-44.jpg'><img decoding=\"async\" width=\"190\" height=\"190\" src=\"https:\/\/www.frauenkulturbuero-nrw.de\/wp-content\/uploads\/K\u00fcnsterinnenpreis-2011-FotoSDobler-44-190x190.jpg\" class=\"attachment-thumbnail size-thumbnail\" alt=\"Kulturministerin Ute Sch\u00e4fer u. Agne Meyer-Brandis, Preisverleihung K\u00fcnstlerinnenpreis 2011, Foto S. Dobler\" \/><\/a>\n\t\t\t<\/dt><\/dl><dl class='gallery-item'>\n\t\t\t<dt class='gallery-icon landscape'>\n\t\t\t\t<a href='https:\/\/www.frauenkulturbuero-nrw.de\/wp-content\/uploads\/K\u00fcnsterinnenpreis-2011-FotoSDobler-45.jpg'><img decoding=\"async\" width=\"190\" height=\"190\" src=\"https:\/\/www.frauenkulturbuero-nrw.de\/wp-content\/uploads\/K\u00fcnsterinnenpreis-2011-FotoSDobler-45-190x190.jpg\" class=\"attachment-thumbnail size-thumbnail\" alt=\"Preisverleihung K\u00fcnstlerinnenpreis 2011- Foto S. Dobler\" \/><\/a>\n\t\t\t<\/dt><\/dl>\n\t\t\t<br style='clear: both' \/>\n\t\t<\/div>\n\n<p>&nbsp;<\/p>\n<p>Die<strong>\u00a0Ausstellung<\/strong><strong>\u00a0Alles Gute!<\/strong>\u00a0zeigte einen Querschnitt herausragender k\u00fcnstlerischer Positionen aus Nordrhein-Westfalen. Zehn K\u00fcnstlerinnen repr\u00e4sentieren das bundesweit einmalige F\u00f6rderprojekt mit dem Titel Pr\u00e4senz vor Ort: Stipendium f\u00fcr Bildende K\u00fcnstlerinnen mit Kindern. Die Teilnehmerinnen wurden aus 35 Stipendiatinnen ausgew\u00e4hlt und zeigen aktuelle Werke aus den letzten Jahren. Einige Arbeiten wurden eigens f\u00fcr die Ausstellung im Museum Schloss Moyland konzipiert und umgesetzt. Die Ausstellung umfasste ein breites Spektrum k\u00fcnstlerischer Ausdrucksformen. Es reichte von Zeichnung und Skulptur \u00fcber Fotografie, Film und Video bis zur Installation und war\u00a0zugleich ein Spiegelbild der aktuellen Entwicklungen in der Kunst. Das Ziel der Ausstellung war\u00a0ein flexibler Parcours, der den einzelnen k\u00fcnstlerischen Positionen Geltung verschaffte und zugleich einen Dialog erm\u00f6glichte, ohne die Differenzen einzuebnen. An der Ausstellung nahmen teil: Rosa Barba, Brigitte Dams, Christine Erhard, Uschi Huber, Hyun-Gyoung Kim, Julia Kr\u00f6pelin, Alice Musiol, Daniela Risch, Judith Samen und Silke Schatz.<\/p>\n\n\t\t<style type=\"text\/css\">\n\t\t\t#gallery-2 {\n\t\t\t\tmargin: auto;\n\t\t\t}\n\t\t\t#gallery-2 .gallery-item {\n\t\t\t\tfloat: left;\n\t\t\t\tmargin-top: 10px;\n\t\t\t\ttext-align: center;\n\t\t\t\twidth: 20%;\n\t\t\t}\n\t\t\t#gallery-2 img {\n\t\t\t\tborder: 2px solid #cfcfcf;\n\t\t\t}\n\t\t\t#gallery-2 .gallery-caption {\n\t\t\t\tmargin-left: 0;\n\t\t\t}\n\t\t\t\/* see gallery_shortcode() in wp-includes\/media.php *\/\n\t\t<\/style>\n\t\t<div id='gallery-2' class='gallery galleryid-6631 gallery-columns-5 gallery-size-thumbnail'><dl class='gallery-item'>\n\t\t\t<dt class='gallery-icon landscape'>\n\t\t\t\t<a href='https:\/\/www.frauenkulturbuero-nrw.de\/wp-content\/uploads\/K\u00fcnsterinnenpreis-2011-FotoSDobler-29.jpg'><img decoding=\"async\" width=\"190\" height=\"190\" src=\"https:\/\/www.frauenkulturbuero-nrw.de\/wp-content\/uploads\/K\u00fcnsterinnenpreis-2011-FotoSDobler-29-190x190.jpg\" class=\"attachment-thumbnail size-thumbnail\" alt=\"Gruppenfoto d. K\u00fcnstlerinnen der Ausstellung &quot;Alles Gute&quot; Museum Schloss Moyland, Foto S. Dobler\" \/><\/a>\n\t\t\t<\/dt><\/dl><dl class='gallery-item'>\n\t\t\t<dt class='gallery-icon landscape'>\n\t\t\t\t<a href='https:\/\/www.frauenkulturbuero-nrw.de\/wp-content\/uploads\/K\u00fcnsterinnenpreis-2011-FotoSDobler-70.jpg'><img loading=\"lazy\" decoding=\"async\" width=\"190\" height=\"190\" src=\"https:\/\/www.frauenkulturbuero-nrw.de\/wp-content\/uploads\/K\u00fcnsterinnenpreis-2011-FotoSDobler-70-190x190.jpg\" class=\"attachment-thumbnail size-thumbnail\" alt=\"Alles Gute - 20 Jahre K\u00fcnstlerinnenf\u00f6rderung, Museum Schloss Moyland, 2011, Foto S. Dobler\" \/><\/a>\n\t\t\t<\/dt><\/dl><dl class='gallery-item'>\n\t\t\t<dt class='gallery-icon landscape'>\n\t\t\t\t<a href='https:\/\/www.frauenkulturbuero-nrw.de\/wp-content\/uploads\/K\u00fcnsterinnenpreis-2011-FotoSDobler-68.jpg'><img loading=\"lazy\" decoding=\"async\" width=\"190\" height=\"190\" src=\"https:\/\/www.frauenkulturbuero-nrw.de\/wp-content\/uploads\/K\u00fcnsterinnenpreis-2011-FotoSDobler-68-190x190.jpg\" class=\"attachment-thumbnail size-thumbnail\" alt=\"Alles Gute - 20 Jahre K\u00fcnstlerinnenf\u00f6rderung, Museum Schloss Moyland, 2011, Foto S. Dobler\" \/><\/a>\n\t\t\t<\/dt><\/dl><dl class='gallery-item'>\n\t\t\t<dt class='gallery-icon landscape'>\n\t\t\t\t<a href='https:\/\/www.frauenkulturbuero-nrw.de\/wp-content\/uploads\/K\u00fcnsterinnenpreis-2011-FotoSDobler-53.jpg'><img loading=\"lazy\" decoding=\"async\" width=\"190\" height=\"190\" src=\"https:\/\/www.frauenkulturbuero-nrw.de\/wp-content\/uploads\/K\u00fcnsterinnenpreis-2011-FotoSDobler-53-190x190.jpg\" class=\"attachment-thumbnail size-thumbnail\" alt=\"Alles Gute - 20 Jahre K\u00fcnstlerinnenf\u00f6rderung, Museum Schloss Moyland, 2011, Foto S. Dobler\" \/><\/a>\n\t\t\t<\/dt><\/dl><dl class='gallery-item'>\n\t\t\t<dt class='gallery-icon landscape'>\n\t\t\t\t<a href='https:\/\/www.frauenkulturbuero-nrw.de\/wp-content\/uploads\/K\u00fcnsterinnenpreis-2011-FotoSDobler-50.jpg'><img loading=\"lazy\" decoding=\"async\" width=\"190\" height=\"190\" src=\"https:\/\/www.frauenkulturbuero-nrw.de\/wp-content\/uploads\/K\u00fcnsterinnenpreis-2011-FotoSDobler-50-190x190.jpg\" class=\"attachment-thumbnail size-thumbnail\" alt=\"Alles Gute - 20 Jahre K\u00fcnstlerinnenf\u00f6rderung, Museum Schloss Moyland, 2011, Foto S. Dobler\" \/><\/a>\n\t\t\t<\/dt><\/dl><br style=\"clear: both\" \/><dl class='gallery-item'>\n\t\t\t<dt class='gallery-icon landscape'>\n\t\t\t\t<a href='https:\/\/www.frauenkulturbuero-nrw.de\/wp-content\/uploads\/K\u00fcnsterinnenpreis-2011-FotoSDobler-37.jpg'><img loading=\"lazy\" decoding=\"async\" width=\"190\" height=\"190\" src=\"https:\/\/www.frauenkulturbuero-nrw.de\/wp-content\/uploads\/K\u00fcnsterinnenpreis-2011-FotoSDobler-37-190x190.jpg\" class=\"attachment-thumbnail size-thumbnail\" alt=\"Alles Gute - 20 Jahre K\u00fcnstlerinnenf\u00f6rderung, Museum Schloss Moyland, 2011, Foto S. Dobler\" \/><\/a>\n\t\t\t<\/dt><\/dl><dl class='gallery-item'>\n\t\t\t<dt class='gallery-icon landscape'>\n\t\t\t\t<a href='https:\/\/www.frauenkulturbuero-nrw.de\/wp-content\/uploads\/K\u00fcnsterinnenpreis-2011-FotoSDobler-10.jpg'><img loading=\"lazy\" decoding=\"async\" width=\"190\" height=\"190\" src=\"https:\/\/www.frauenkulturbuero-nrw.de\/wp-content\/uploads\/K\u00fcnsterinnenpreis-2011-FotoSDobler-10-190x190.jpg\" class=\"attachment-thumbnail size-thumbnail\" alt=\"Dr. Stefanie Heckmann, Alles Gute - 20 Jahre K\u00fcnstlerinnenf\u00f6rderung, Museum Schloss Moyland, 2011, Foto S. Dobler\" \/><\/a>\n\t\t\t<\/dt><\/dl>\n\t\t\t<br style='clear: both' \/>\n\t\t<\/div>\n\n<p><span class=\"legende\">Fotos: Susanne Dobler<\/span><\/p>\n<p>Die Ausstellung war ein Kooperationsprojekt der Stiftung Museum Schloss Moyland mit dem Frauenkulturb\u00fcro NRW e. V., das 2011\u00a0sein 20-j\u00e4hriges Bestehen feierte. Kuratiert wurde die Ausstellung von Dr. Stefanie Heckmann,\u00a0damalige stellvertretende K\u00fcnstlerische Direktorin des Museums Schloss Moyland, und Annette Reker, Kunstwissenschaftlerin und damalige Mitarbeiterin des Frauenkulturb\u00fcros. Zur Ausstellung erschien ein Katalog mit 100 Seiten, 80 farbigen Abbildungen und Texten u. a. von der Kulturministerin Ute Sch\u00e4fer, Gerit Christiani und Stefanie Heckmann. Der Katalog zur Ausstellung ist im Frauenkulturb\u00fcro\u00a0NRW erh\u00e4ltlich.<\/p>\n<p>Download:\u00a0<a href=\"http:\/\/frauenkulturbuero-nrw.de\/download\/Moyland_Einladung.pdf\" target=\"_blank\" rel=\"noopener noreferrer\">Einladung Alles Gute<\/a><br \/>\nDownload:\u00a0<a href=\"http:\/\/frauenkulturbuero-nrw.de\/download\/Moyland_Flyer.pdf\" target=\"_blank\" rel=\"noopener noreferrer\">Flyer zur Ausstellung<br \/>\n<\/a>Download: <a href=\"http:\/\/www.frauenkulturbuero-nrw.de\/wp-content\/uploads\/2013\/01\/Alles-Gute_Katalog_Inhalt.pdf\">Katalog<\/a><\/p>\n","protected":false},"excerpt":{"rendered":"<p>20 Jahre K\u00fcnstlerinnenf\u00f6rderung Nordrhein-Westfalen Jubil\u00e4umsausstellung im Museum Schloss&hellip;<\/p>\n","protected":false},"author":4,"featured_media":0,"parent":2684,"menu_order":79,"comment_status":"closed","ping_status":"closed","template":"","meta":{"footnotes":""},"class_list":["post-6631","page","type-page","status-publish","hentry"],"_links":{"self":[{"href":"https:\/\/www.frauenkulturbuero-nrw.de\/index.php?rest_route=\/wp\/v2\/pages\/6631","targetHints":{"allow":["GET"]}}],"collection":[{"href":"https:\/\/www.frauenkulturbuero-nrw.de\/index.php?rest_route=\/wp\/v2\/pages"}],"about":[{"href":"https:\/\/www.frauenkulturbuero-nrw.de\/index.php?rest_route=\/wp\/v2\/types\/page"}],"author":[{"embeddable":true,"href":"https:\/\/www.frauenkulturbuero-nrw.de\/index.php?rest_route=\/wp\/v2\/users\/4"}],"replies":[{"embeddable":true,"href":"https:\/\/www.frauenkulturbuero-nrw.de\/index.php?rest_route=%2Fwp%2Fv2%2Fcomments&post=6631"}],"version-history":[{"count":5,"href":"https:\/\/www.frauenkulturbuero-nrw.de\/index.php?rest_route=\/wp\/v2\/pages\/6631\/revisions"}],"predecessor-version":[{"id":20795,"href":"https:\/\/www.frauenkulturbuero-nrw.de\/index.php?rest_route=\/wp\/v2\/pages\/6631\/revisions\/20795"}],"up":[{"embeddable":true,"href":"https:\/\/www.frauenkulturbuero-nrw.de\/index.php?rest_route=\/wp\/v2\/pages\/2684"}],"wp:attachment":[{"href":"https:\/\/www.frauenkulturbuero-nrw.de\/index.php?rest_route=%2Fwp%2Fv2%2Fmedia&parent=6631"}],"curies":[{"name":"wp","href":"https:\/\/api.w.org\/{rel}","templated":true}]}}