{"id":6649,"date":"2015-08-21T10:22:23","date_gmt":"2015-08-21T10:22:23","guid":{"rendered":"http:\/\/www.frauenkulturbuero-nrw.de\/?page_id=6649"},"modified":"2021-11-13T19:15:19","modified_gmt":"2021-11-13T19:15:19","slug":"statt-bad-kunst","status":"publish","type":"page","link":"https:\/\/www.frauenkulturbuero-nrw.de\/?page_id=6649","title":{"rendered":"Statt Bad Kunst"},"content":{"rendered":"<h1>STATT BAD KUNST<\/h1>\n<h2>Ausstellung im stillgelegten Stadtbad Neusser Stra\u00dfe, Krefeld<\/h2>\n<p>vom\u00a027.10. bis 8.12.1996<\/p>\n<p>mit Arbeiten von\u00a0Christine Bernhard, Barbara Francken, Elisabeth Schlanstein, Birgit Antoni, Brigitta Heidtmann, Ursula B\u00f6hmer, Gabi Mysen, Heike Pallanca, Martina Urmersbach, Lisa Kaiser, Christel Kremser, Ulrike Schr\u00f6ter, Renate Georgi, Teresina Talarico, Jutta Enders-Ogbeide, Monika Nelles, Hella Liebig, Brid Schenkl, Patricia Aha, An Seebach, Beate Hansen, Stefanie Grebe, Waltraut Schl\u00f6mer und Doris Gr\u00fcnwald-Gr\u00fcnauer<br \/>\n<strong>Kuratiert von Annette Reker<\/strong><\/p>\n\n\t\t<style type=\"text\/css\">\n\t\t\t#gallery-1 {\n\t\t\t\tmargin: auto;\n\t\t\t}\n\t\t\t#gallery-1 .gallery-item {\n\t\t\t\tfloat: left;\n\t\t\t\tmargin-top: 10px;\n\t\t\t\ttext-align: center;\n\t\t\t\twidth: 25%;\n\t\t\t}\n\t\t\t#gallery-1 img {\n\t\t\t\tborder: 2px solid #cfcfcf;\n\t\t\t}\n\t\t\t#gallery-1 .gallery-caption {\n\t\t\t\tmargin-left: 0;\n\t\t\t}\n\t\t\t\/* see gallery_shortcode() in wp-includes\/media.php *\/\n\t\t<\/style>\n\t\t<div id='gallery-1' class='gallery galleryid-6649 gallery-columns-4 gallery-size-thumbnail'><dl class='gallery-item'>\n\t\t\t<dt class='gallery-icon portrait'>\n\t\t\t\t<a href='https:\/\/www.frauenkulturbuero-nrw.de\/wp-content\/uploads\/Teresina-Talarico-AUE-Acrylglas-Neon-Foto-Lothar-Schnepf.jpg'><img decoding=\"async\" width=\"190\" height=\"190\" src=\"https:\/\/www.frauenkulturbuero-nrw.de\/wp-content\/uploads\/Teresina-Talarico-AUE-Acrylglas-Neon-Foto-Lothar-Schnepf-190x190.jpg\" class=\"attachment-thumbnail size-thumbnail\" alt=\"Teresina Talarico, AUE, Acrylglas, Neon, Foto Lothar Schnepf\" \/><\/a>\n\t\t\t<\/dt><\/dl><dl class='gallery-item'>\n\t\t\t<dt class='gallery-icon portrait'>\n\t\t\t\t<a href='https:\/\/www.frauenkulturbuero-nrw.de\/wp-content\/uploads\/Renate-Georgio.T.-gebrannter-Ton-Nylonf\u00e4den-Eisengitter.jpg'><img decoding=\"async\" width=\"190\" height=\"190\" src=\"https:\/\/www.frauenkulturbuero-nrw.de\/wp-content\/uploads\/Renate-Georgio.T.-gebrannter-Ton-Nylonf\u00e4den-Eisengitter-190x190.jpg\" class=\"attachment-thumbnail size-thumbnail\" alt=\"Renate Georgi,o.T. gebrannter Ton, Nylonf\u00e4den, Eisengitter\" \/><\/a>\n\t\t\t<\/dt><\/dl><dl class='gallery-item'>\n\t\t\t<dt class='gallery-icon portrait'>\n\t\t\t\t<a href='https:\/\/www.frauenkulturbuero-nrw.de\/wp-content\/uploads\/Monika-NellesHandt\u00fccher-4-Spiegel-Foto-Heinz-Jokisch.jpg'><img decoding=\"async\" width=\"190\" height=\"190\" src=\"https:\/\/www.frauenkulturbuero-nrw.de\/wp-content\/uploads\/Monika-NellesHandt\u00fccher-4-Spiegel-Foto-Heinz-Jokisch-190x190.jpg\" class=\"attachment-thumbnail size-thumbnail\" alt=\"Monika Nelles,Handt\u00fccher, 4 Spiegel, Foto Heinz Jokisch\" \/><\/a>\n\t\t\t<\/dt><\/dl><dl class='gallery-item'>\n\t\t\t<dt class='gallery-icon portrait'>\n\t\t\t\t<a href='https:\/\/www.frauenkulturbuero-nrw.de\/wp-content\/uploads\/Martina-Urmersbach-Vor-dem-Schwimmen-Foto-Heinz-Jokisch.jpg'><img loading=\"lazy\" decoding=\"async\" width=\"190\" height=\"190\" src=\"https:\/\/www.frauenkulturbuero-nrw.de\/wp-content\/uploads\/Martina-Urmersbach-Vor-dem-Schwimmen-Foto-Heinz-Jokisch-190x190.jpg\" class=\"attachment-thumbnail size-thumbnail\" alt=\"Martina Urmersbach, Vor dem Schwimmen, Foto Heinz Jokisch\" \/><\/a>\n\t\t\t<\/dt><\/dl><br style=\"clear: both\" \/><dl class='gallery-item'>\n\t\t\t<dt class='gallery-icon portrait'>\n\t\t\t\t<a href='https:\/\/www.frauenkulturbuero-nrw.de\/wp-content\/uploads\/Jutta-Ender-Ogbeide-Farbband-3-farbige-Lichtr\u00e4ume-farbige-Folien-Foto-heinz-Jokisch.jpg'><img loading=\"lazy\" decoding=\"async\" width=\"190\" height=\"190\" src=\"https:\/\/www.frauenkulturbuero-nrw.de\/wp-content\/uploads\/Jutta-Ender-Ogbeide-Farbband-3-farbige-Lichtr\u00e4ume-farbige-Folien-Foto-heinz-Jokisch-190x190.jpg\" class=\"attachment-thumbnail size-thumbnail\" alt=\"Jutta Ender-Ogbeide, Farbband, 3 farbige Lichtr\u00e4ume, farbige Folien, Foto Heinz Jokisch\" \/><\/a>\n\t\t\t<\/dt><\/dl><dl class='gallery-item'>\n\t\t\t<dt class='gallery-icon landscape'>\n\t\t\t\t<a href='https:\/\/www.frauenkulturbuero-nrw.de\/wp-content\/uploads\/Heike-Pallance-13.04.1992-3.20-h-Foto-Heinz-Jokisch.jpg'><img loading=\"lazy\" decoding=\"async\" width=\"190\" height=\"190\" src=\"https:\/\/www.frauenkulturbuero-nrw.de\/wp-content\/uploads\/Heike-Pallance-13.04.1992-3.20-h-Foto-Heinz-Jokisch-190x190.jpg\" class=\"attachment-thumbnail size-thumbnail\" alt=\"Statt Bad Kunst, Heike Pallanca, 1996,\" \/><\/a>\n\t\t\t<\/dt><\/dl><dl class='gallery-item'>\n\t\t\t<dt class='gallery-icon portrait'>\n\t\t\t\t<a href='https:\/\/www.frauenkulturbuero-nrw.de\/wp-content\/uploads\/Doris-Gr\u00fcnwald-Gr\u00fcnauer-o.T.-Leitern-Keilrahmen-Baufolie-Foto-heinz-Jokisch.jpg'><img loading=\"lazy\" decoding=\"async\" width=\"190\" height=\"190\" src=\"https:\/\/www.frauenkulturbuero-nrw.de\/wp-content\/uploads\/Doris-Gr\u00fcnwald-Gr\u00fcnauer-o.T.-Leitern-Keilrahmen-Baufolie-Foto-heinz-Jokisch-190x190.jpg\" class=\"attachment-thumbnail size-thumbnail\" alt=\"Doris Gr\u00fcnwald-Gr\u00fcnauer, o.T., Leitern, Keilrahmen, Baufolie, Foto Heinz Jokisch\" \/><\/a>\n\t\t\t<\/dt><\/dl><dl class='gallery-item'>\n\t\t\t<dt class='gallery-icon portrait'>\n\t\t\t\t<a href='https:\/\/www.frauenkulturbuero-nrw.de\/wp-content\/uploads\/Christel-Kremser-Statt-Kunst-Bad-Fotografien-15-x-15-cm.jpg'><img loading=\"lazy\" decoding=\"async\" width=\"190\" height=\"190\" src=\"https:\/\/www.frauenkulturbuero-nrw.de\/wp-content\/uploads\/Christel-Kremser-Statt-Kunst-Bad-Fotografien-15-x-15-cm-190x190.jpg\" class=\"attachment-thumbnail size-thumbnail\" alt=\"Christel Kremser, Statt Kunst Bad, Fotografien 15 x 15 cm\" \/><\/a>\n\t\t\t<\/dt><\/dl><br style=\"clear: both\" \/><dl class='gallery-item'>\n\t\t\t<dt class='gallery-icon landscape'>\n\t\t\t\t<a href='https:\/\/www.frauenkulturbuero-nrw.de\/wp-content\/uploads\/Brigitte-Heidtmann-Das-Auge-ist-immer-das-Auge-des-anderen-Foto-Heinz-Jokisch.jpg'><img loading=\"lazy\" decoding=\"async\" width=\"190\" height=\"190\" src=\"https:\/\/www.frauenkulturbuero-nrw.de\/wp-content\/uploads\/Brigitte-Heidtmann-Das-Auge-ist-immer-das-Auge-des-anderen-Foto-Heinz-Jokisch-190x190.jpg\" class=\"attachment-thumbnail size-thumbnail\" alt=\"Statt Bad Kunst, 1996, Brigitte Heidtmann, Foto Heinz Jokisch\" \/><\/a>\n\t\t\t<\/dt><\/dl><dl class='gallery-item'>\n\t\t\t<dt class='gallery-icon portrait'>\n\t\t\t\t<a href='https:\/\/www.frauenkulturbuero-nrw.de\/wp-content\/uploads\/Birgit-Antoni-o.T.-\u00d6l-aufLeinwand-Lothar-Schnepf-VG-Bild-Kunst.jpg'><img loading=\"lazy\" decoding=\"async\" width=\"190\" height=\"190\" src=\"https:\/\/www.frauenkulturbuero-nrw.de\/wp-content\/uploads\/Birgit-Antoni-o.T.-\u00d6l-aufLeinwand-Lothar-Schnepf-VG-Bild-Kunst-190x190.jpg\" class=\"attachment-thumbnail size-thumbnail\" alt=\"Birgit Antoni, o.T., \u00d6l aufLeinwand, Lothar Schnepf, VG Bild Kunst\" \/><\/a>\n\t\t\t<\/dt><\/dl><dl class='gallery-item'>\n\t\t\t<dt class='gallery-icon portrait'>\n\t\t\t\t<a href='https:\/\/www.frauenkulturbuero-nrw.de\/wp-content\/uploads\/Barbara-Franken-WasserfarbeGlasbecken-Foto-Stefanie-Greve.jpg'><img loading=\"lazy\" decoding=\"async\" width=\"190\" height=\"190\" src=\"https:\/\/www.frauenkulturbuero-nrw.de\/wp-content\/uploads\/Barbara-Franken-WasserfarbeGlasbecken-Foto-Stefanie-Greve-190x190.jpg\" class=\"attachment-thumbnail size-thumbnail\" alt=\"Barbara Franken, Wasserfarbe,Glasbecken, Foto Stefanie Greve\" \/><\/a>\n\t\t\t<\/dt><\/dl><dl class='gallery-item'>\n\t\t\t<dt class='gallery-icon portrait'>\n\t\t\t\t<a href='https:\/\/www.frauenkulturbuero-nrw.de\/wp-content\/uploads\/Ann-Seebach-o.T.-Memory-Foto-Heinz-Jokisch.jpg'><img loading=\"lazy\" decoding=\"async\" width=\"190\" height=\"190\" src=\"https:\/\/www.frauenkulturbuero-nrw.de\/wp-content\/uploads\/Ann-Seebach-o.T.-Memory-Foto-Heinz-Jokisch-190x190.jpg\" class=\"attachment-thumbnail size-thumbnail\" alt=\"Ann Seebach, o.T. (Memory), Foto Heinz Jokisch\" \/><\/a>\n\t\t\t<\/dt><\/dl><br style=\"clear: both\" \/>\n\t\t<\/div>\n\n<p>&nbsp;<\/p>\n<p>Sie k\u00f6nnen den Ausstellungskatalog <a href=\"http:\/\/www.frauenkulturbuero-nrw.de\/wp-content\/uploads\/2011\/11\/BAD-optimiert-5_5-MB2.pdf\" target=\"_blank\" rel=\"noopener noreferrer\">hier<\/a>\u00a0herunterladen.<br \/>\nEine Besprechung zur Ausstellung finden Sie\u00a0<a href=\"http:\/\/kultur-in-krefeld.de\/kulturhistorie\/bildende-kunst\/statt-bad-kunst\/\">hier<\/a><\/p>\n","protected":false},"excerpt":{"rendered":"<p>STATT BAD KUNST Ausstellung im stillgelegten Stadtbad Neusser&hellip;<\/p>\n","protected":false},"author":4,"featured_media":0,"parent":2684,"menu_order":81,"comment_status":"closed","ping_status":"closed","template":"","meta":{"footnotes":""},"class_list":["post-6649","page","type-page","status-publish","hentry"],"_links":{"self":[{"href":"https:\/\/www.frauenkulturbuero-nrw.de\/index.php?rest_route=\/wp\/v2\/pages\/6649","targetHints":{"allow":["GET"]}}],"collection":[{"href":"https:\/\/www.frauenkulturbuero-nrw.de\/index.php?rest_route=\/wp\/v2\/pages"}],"about":[{"href":"https:\/\/www.frauenkulturbuero-nrw.de\/index.php?rest_route=\/wp\/v2\/types\/page"}],"author":[{"embeddable":true,"href":"https:\/\/www.frauenkulturbuero-nrw.de\/index.php?rest_route=\/wp\/v2\/users\/4"}],"replies":[{"embeddable":true,"href":"https:\/\/www.frauenkulturbuero-nrw.de\/index.php?rest_route=%2Fwp%2Fv2%2Fcomments&post=6649"}],"version-history":[{"count":5,"href":"https:\/\/www.frauenkulturbuero-nrw.de\/index.php?rest_route=\/wp\/v2\/pages\/6649\/revisions"}],"predecessor-version":[{"id":20800,"href":"https:\/\/www.frauenkulturbuero-nrw.de\/index.php?rest_route=\/wp\/v2\/pages\/6649\/revisions\/20800"}],"up":[{"embeddable":true,"href":"https:\/\/www.frauenkulturbuero-nrw.de\/index.php?rest_route=\/wp\/v2\/pages\/2684"}],"wp:attachment":[{"href":"https:\/\/www.frauenkulturbuero-nrw.de\/index.php?rest_route=%2Fwp%2Fv2%2Fmedia&parent=6649"}],"curies":[{"name":"wp","href":"https:\/\/api.w.org\/{rel}","templated":true}]}}