{"id":75,"date":"2011-11-07T16:29:27","date_gmt":"2011-11-07T16:29:27","guid":{"rendered":"http:\/\/localhost\/wordpress\/?page_id=75"},"modified":"2026-02-19T13:29:54","modified_gmt":"2026-02-19T13:29:54","slug":"impressum","status":"publish","type":"page","link":"https:\/\/www.frauenkulturbuero-nrw.de\/?page_id=75","title":{"rendered":"Impressum"},"content":{"rendered":"<p><strong>Verantwortlich im Sinne von \u00a7 55 Abs. 2 RStV<\/strong><\/p>\n<p>Frauenkulturb\u00fcro NRW e.V.<br \/>\nc\/o Theatermusuem Hofgartenhaus D\u00fcsseldorf<br \/>\nJ\u00e4gerhofstr. 1<br \/>\n40479 D\u00fcsseldorf<br \/>\nE-mail: <a href=\"mailto:info@frauenkulturbuero-nrw.de\">info@frauenkulturbuero-nrw.de<\/a><\/p>\n<p>&nbsp;<\/p>\n<p><strong>Amtsgericht Krefeld VR 2464<\/strong><\/p>\n<p><strong>Steuernummer 117\/5862\/0657<\/strong><\/p>\n<p><strong>Umgestaltung 2026<\/strong><br \/>\nKim Schwerm<br \/>\n<a href=\"http:\/\/www.utakopp.de\" target=\"_blank\" rel=\"noopener noreferrer\">www.kimschwerm.de<\/a><\/p>\n<p><strong>Konzeption und Gestaltung<\/strong><br \/>\nUTA KOPP \u2013 Visuelle Kommunikation<br \/>\n<a href=\"http:\/\/www.utakopp.de\" target=\"_blank\" rel=\"noopener noreferrer\">www.utakopp.de<\/a><\/p>\n<p><strong>Webentwicklung<br \/>\n<\/strong>Uwe Ahlgrimm<br \/>\n<a href=\"http:\/\/www.uwe-ahlgrimm.de\" target=\"_blank\" rel=\"noopener noreferrer\">www.uwe-ahlgrimm.de<\/a><\/p>\n<p><strong>Fotos<br \/>\n<\/strong>Katja Illner fotodok im Rahmen des Projekts <em>Art eats Gender<\/em>, D\u00fcsseldorf 2014, <em>25 Jahre FKB 2016<\/em>, und <em>Ohne Worte &#8211; Mit anderen Worten<\/em>\u00a0K\u00f6ln, 2016<br \/>\n<a href=\"http:\/\/susannedobler.de\/kontakt\/\" target=\"_blank\" rel=\"noopener noreferrer\">Susanne Dobler<\/a> im Rahmen der Ausstellungser\u00f6ffnung <em>Alles Gute \u2013 20 Jahre K\u00fcnstlerinnenf\u00f6rderung NRW<\/em> auf Schloss Moyland, Oktober 2011<br \/>\n<a href=\"http:\/\/www.danielewicz.de\/\" target=\"_blank\" rel=\"noopener noreferrer\">Emanuela Danielewicz<\/a> im Rahmen des Projekts <em>Professionalisierung 2010\/2011<br \/>\n<\/em><\/p>\n<hr \/>\n<p><strong>Das Frauenkulturb\u00fcro NRW e.V. wird institutionell gef\u00f6rdert vom Land Nordrhein-Westfalen.<\/strong><br \/>\n<a href=\"https:\/\/www.mkw.nrw\/kultur\/arbeitsfelder\/kunst-und-kultur-von-frauen\">Kunst und Kultur von Frauen | Kultur und Wissenschaft in Nordrhein-Westfalen (mkw.nrw)<\/a><\/p>\n<hr \/>\n<p><strong>Inhalte dritter Anbieter (Externe Links):<\/strong><br \/>\nMit Urteil vom 12. Mai 1998 hat das LG Hamburg entschieden, dass man durch die Ausbringung eines Links die Inhalte der gelinkten Seite ggf. mit zu verantworten hat. Dies kann, so das LG, nur dadurch verhindert werden, dass man sich ausdr\u00fccklich von diesen Inhalten distanziert. Im Webangebot des Frauenkulturb\u00fcros NRW wird an verschiedenen Stellen auf Internetseiten bzw. Inhalte oder Banner von Drittanbietern verwiesen (externe Links).<br \/>\nF\u00fcr alle diese Verweise gilt: Das Frauenkulturb\u00fcro NRW e.V. erkl\u00e4rt ausdr\u00fccklich, dass es keinerlei Einfluss auf Gestaltung oder Inhalte der Seiten von Dritten hat, auf die in diesem Webangebot verwiesen wird. Es distanziert sich daher ausdr\u00fccklich von allen Inhalten dieser externen Seiten, auf die in diesem Webangebot verwiesen wird, und macht sich diese Inhalte auch nicht zu Eigen. Haftungsausschluss (<a href=\"http:\/\/www.disclaimer.de\/disclaimer.htm\" target=\"_blank\" rel=\"noopener noreferrer\">Disclaimer<\/a>)<br \/>\nDar\u00fcberhinaus \u00fcbernimmt das Frauenkulturb\u00fcro NRW e.V. f\u00fcr alle Hinweise und recherchierten Inhalte \u00fcber Ausschreibungen, Preise, Festivals etc. keine Gew\u00e4hr.<\/p>\n","protected":false},"excerpt":{"rendered":"<p>Verantwortlich im Sinne von \u00a7 55 Abs. 2&hellip;<\/p>\n","protected":false},"author":4,"featured_media":0,"parent":0,"menu_order":90,"comment_status":"closed","ping_status":"closed","template":"","meta":{"footnotes":""},"class_list":["post-75","page","type-page","status-publish","hentry"],"_links":{"self":[{"href":"https:\/\/www.frauenkulturbuero-nrw.de\/index.php?rest_route=\/wp\/v2\/pages\/75","targetHints":{"allow":["GET"]}}],"collection":[{"href":"https:\/\/www.frauenkulturbuero-nrw.de\/index.php?rest_route=\/wp\/v2\/pages"}],"about":[{"href":"https:\/\/www.frauenkulturbuero-nrw.de\/index.php?rest_route=\/wp\/v2\/types\/page"}],"author":[{"embeddable":true,"href":"https:\/\/www.frauenkulturbuero-nrw.de\/index.php?rest_route=\/wp\/v2\/users\/4"}],"replies":[{"embeddable":true,"href":"https:\/\/www.frauenkulturbuero-nrw.de\/index.php?rest_route=%2Fwp%2Fv2%2Fcomments&post=75"}],"version-history":[{"count":6,"href":"https:\/\/www.frauenkulturbuero-nrw.de\/index.php?rest_route=\/wp\/v2\/pages\/75\/revisions"}],"predecessor-version":[{"id":23763,"href":"https:\/\/www.frauenkulturbuero-nrw.de\/index.php?rest_route=\/wp\/v2\/pages\/75\/revisions\/23763"}],"wp:attachment":[{"href":"https:\/\/www.frauenkulturbuero-nrw.de\/index.php?rest_route=%2Fwp%2Fv2%2Fmedia&parent=75"}],"curies":[{"name":"wp","href":"https:\/\/api.w.org\/{rel}","templated":true}]}}