{"id":7997,"date":"2016-07-11T10:17:13","date_gmt":"2016-07-11T10:17:13","guid":{"rendered":"http:\/\/www.frauenkulturbuero-nrw.de\/?page_id=7997"},"modified":"2021-11-13T17:29:33","modified_gmt":"2021-11-13T17:29:33","slug":"desperate-housewives","status":"publish","type":"page","link":"https:\/\/www.frauenkulturbuero-nrw.de\/?page_id=7997","title":{"rendered":"Kunstmuseum M\u00fclheim"},"content":{"rendered":"<h3><strong class=\"last-child\">Donnerstag, 18. August 2016<\/strong><\/h3>\n<p>Im Rahmenprogramm zur Ausstellung \u201eDesperate Housewives \u2013 K\u00fcnstlerinnen r\u00e4umen auf\u201c im Kunstmuseum M\u00fclheim veranstaltet das Frauenkulturb\u00fcro NRW eine Urauff\u00fchrung mit den Musikstipendiatinnen 2016\u00a0<strong>Elisabeth F\u00fcgemann, Catherine Klipfel und Daniela Petry<\/strong>.<\/p>\n<p>Zu h\u00f6ren gibt es solistische Darbietungen von Pianistin Catherine Klipfel, Cellistin Elisabeth F\u00fcgemann und Kontrabassistin Daniela Petry in Form von Improvisationen, Eigenkompositionen oder Neuinterpretationen. Abgerundet wird das Konzert mit einer einmaligen Ensembledarbietung der drei Stipendiatinnen aus NRW.<\/p>\n<p>Im Anschluss diskutieren wir das Thema \u201aKinder, K\u00fcche, K\u00fcnstlerinnen\u2018 u.a. mit der Filmemacherin\u00a0<strong>Katinka Feistl<\/strong>, der K\u00fcnstlerin<strong> Katharina Meyer <\/strong>und der Museumsp\u00e4dagogin<strong> Barbara Th\u00f6nnes.<br \/>\nModeration: Dr. Ruth Seidl (MdL)<\/strong><\/p>\n<p><strong>Programmablauf<br \/>\n<\/strong>17 Uhr F\u00fchrung durch die Ausstellung &#8222;Desperate Housewives? K\u00fcnstlerinnen r\u00e4umen auf&#8220;<br \/>\n18 Uhr Beginn Konzert mit Catherine Klipfel, Daniela Petry und\u00a0Elisabeth F\u00fcgemann<br \/>\n19 Uhr Beginn der Talkrunde\u00a0Thema &#8222;Kinder, K\u00fcche, K\u00fcnstlerinnen&#8220;<\/p>\n<p><a href=\"http:\/\/www.frauenkulturbuero-nrw.de\/wp-content\/uploads\/PM-Frauenkulturb\u00fcro-NRW_18-8-2016.pdf\">Pressemitteilung_18 8 2016<\/a><\/p>\n<hr \/>\n<h2>&#8222;Desperate Housewives? K\u00fcnstlerinnen r\u00e4umen auf&#8220; bis 21.8.2016 im Kunstmuseum M\u00fclheim<\/h2>\n<p>In den 1970er- und 1980er-Jahren attackierten\u00a0K\u00fcnstlerinnen aus feministischer Perspektive\u00a0gesellschaftliche Strukturen und Rollenbilder,\u00a0Geschlechterhierarchien und Machtverh\u00e4ltnisse.\u00a0Vieles hat sich seitdem ver\u00e4ndert. Auf\u00a0dem Papier ist die Gleichstellung von Mann\u00a0und Frau erreicht. Aber wie sieht die Realit\u00e4t\u00a0heute aus? Gibt es tats\u00e4chlich eine gerechte\u00a0Lastenverteilung? Und welche Bedeutung hat\u00a0die Arbeit in Haushalt und Familie heute \u2013 f\u00fcr\u00a0die Gesellschaft und f\u00fcr Jeden und Jede?<\/p>\n<p><img decoding=\"async\" src=\"http:\/\/www.frauenkulturbuero-nrw.de\/wp-content\/uploads\/Desperate-Housewives_Dorothee-GolzUnteilbare-Zweisamkeit-2004Galerie-Charim-2016-VGBild-253x190.jpg\" alt=\"\" \/><br \/>\n<span class=\"legende\"><strong>Dorothee Golz<\/strong>, Unteilbare Zweisamkeit, 2004 Installation, Courtesy: Galerie Charim | \u00a9 2016 VG Bild-Kunst, Bonn<\/span><\/p>\n<p>In der Ausstellung &#8222;Desperate Housewives?\u00a0K\u00fcnstlerinnen r\u00e4umen auf&#8220; nehmen 28 K\u00fcnstlerinnen,\u00a0geboren zwischen 1936 und 1986,\u00a0das Haus als Lebens- und Arbeitsplatz erneut<br \/>\nins Visier. Sie entlarven es als einen Ort voller\u00a0Widerspr\u00fcche, das sich zum Gef\u00e4ngnis oder\u00a0zum anarchischen Freiraum verwandeln kann.\u00a0Dabei ger\u00e4t die Welt der privaten Dinge ebenso\u00a0in den Blick, wie die manchmal schreiend\u00a0komischen oder auch sentimentalen Geschichten,\u00a0die sich mit ihnen verbinden. Zwischen\u00a0Pedanterie und Chaos inszenieren die K\u00fcnstlerinnen\u00a0Aufbr\u00fcche aus\u00a0beengten Verh\u00e4ltnissen\u00a0oder reflektieren die Umbr\u00fcche\u00a0im digitalen Zeitalter. Wo und wie k\u00f6nnen\u00a0wir uns weiterhin zu Hause\u00a0f\u00fchlen, wenn nichts mehr\u00a0wirklich privat bleibt? Und welche Tr\u00e4ume,\u00a0W\u00fcnsche und alternative Lebensentw\u00fcrfe\u00a0werden sich als zukunftsf\u00e4hig erweisen?\u00a0Videos, Installationen, Fotografien, Objekte,\u00a0Gem\u00e4lde und Zeichnungen der beteiligten\u00a0K\u00fcnstlerinnen geben \u00fcberraschende, nachdenkliche,\u00a0ironische, provokante, witzige\u00a0oder vers\u00f6hnliche Antworten.<\/p>\n<p><img decoding=\"async\" class=\"alignnone size-thumbnail wp-image-7994\" title=\"Desperate Housewives_Maria Ezcurra\" src=\"http:\/\/www.frauenkulturbuero-nrw.de\/wp-content\/uploads\/Desperate-Housewives_Maria-Ezcurra-238x190.jpg\" alt=\"Desperate Housewives_Maria Ezcurra\" width=\"238\" height=\"190\" \/><br \/>\n<span class=\"legende\"><strong>Maria Ezcurra<\/strong>, aus der Serie \u201eThe Perfect Housewife\u2018s Wardrobe\u201c: Burral, 2008, Fotografie | \u00a9 2016 Maria Ezcurra<\/span><\/p>\n<hr \/>\n<p><strong>K\u00fcnstlerinnen der Ausstellung:<br \/>\n<\/strong>Anna\u00a0Anders, Astrid Bartels, Monika Bartholom\u00e9,\u00a0Jutta Burkhardt, Barbara Deblitz, Alba\u00a0D\u2018Urbano, Anke Eilergerhard, Maria Ezcurra,\u00a0Kerstin Flake, Dorothee Golz, Mona Hatoum,<br \/>\nAndrea Isa, Suscha Korte, Alexandra K\u00fcrtz,\u00a0Susanne Kutter, Ori Levin, Rosa Loy, Inge\u00a0Mahn, Katharina Mayer, Alice Musiol, Gabriela\u00a0Oberkofler, Pipilotti Rist, Ulrike Rosenbach,<br \/>\nCaroline Streck, Rosemarie Trockel, Diane\u00a0Welke, Barbara Wrede, Andrea Zittel<\/p>\n<p><span class=\"legende\"><strong><img fetchpriority=\"high\" decoding=\"async\" class=\"alignnone size-thumbnail wp-image-7993\" title=\"Desperate Housewives_Jutta Burkhardt\" src=\"http:\/\/www.frauenkulturbuero-nrw.de\/wp-content\/uploads\/Desperate-Housewives_Jutta-Burkhardt-286x190.jpg\" alt=\"Desperate Housewives_Jutta Burkhardt\" width=\"286\" height=\"190\" \/>Jutta Burkhardt<\/strong>, J. B. 2001, 2002 Videostill | \u00a9 2016 Jutta Burkhardt<\/span><\/p>\n<hr \/>\n<p>Das Kunstmuseum M\u00fclheim an der Ruhr ist\u00a0die einzige Station der Ausstellungstournee\u00a0in Nordrhein-Westfalen.<br \/>\nDer Katalog zur Ausstellung ist zum Preis\u00a0von 16,80 \u20ac im Museumsshop erh\u00e4ltlich.<br \/>\nWeitere Informationen zu Ausstellung und Begleitprogramm: <a href=\"https:\/\/www.muelheim-ruhr.de\/cms\/ausstellungen_vorschau.html\" target=\"_blank\" rel=\"noopener noreferrer\">Kunstmuseum M\u00fclheim<\/a><\/p>\n<hr \/>\n<p><img decoding=\"async\" class=\"alignnone size-thumbnail wp-image-7995\" title=\"Pipilotti Rist\" src=\"http:\/\/www.frauenkulturbuero-nrw.de\/wp-content\/uploads\/Desperate-Housewives_Pipilotti-Rist-143x190.jpg\" alt=\"Pipilotti Rist\" width=\"143\" height=\"190\" \/><br \/>\n<span class=\"legende\"><strong>Pipilotti Rist<\/strong>, L\u2019Honneur de Pipi Rougit, 2000 Multiple, Courtesy: die K\u00fcnstlerin, Hauser &amp; Wirth und Luhring Augustine | \u00a9 2016 Pipilotti Rist<br \/>\n<\/span><\/p>\n","protected":false},"excerpt":{"rendered":"<p>Konzert und Talk am 18.8.2016 im Rahmen von  &#8222;Desperate Housewives? K\u00fcnstlerinnen r\u00e4umen auf&#8220; <\/p>\n","protected":false},"author":4,"featured_media":0,"parent":2684,"menu_order":76,"comment_status":"closed","ping_status":"closed","template":"","meta":{"footnotes":""},"class_list":["post-7997","page","type-page","status-publish","hentry"],"_links":{"self":[{"href":"https:\/\/www.frauenkulturbuero-nrw.de\/index.php?rest_route=\/wp\/v2\/pages\/7997","targetHints":{"allow":["GET"]}}],"collection":[{"href":"https:\/\/www.frauenkulturbuero-nrw.de\/index.php?rest_route=\/wp\/v2\/pages"}],"about":[{"href":"https:\/\/www.frauenkulturbuero-nrw.de\/index.php?rest_route=\/wp\/v2\/types\/page"}],"author":[{"embeddable":true,"href":"https:\/\/www.frauenkulturbuero-nrw.de\/index.php?rest_route=\/wp\/v2\/users\/4"}],"replies":[{"embeddable":true,"href":"https:\/\/www.frauenkulturbuero-nrw.de\/index.php?rest_route=%2Fwp%2Fv2%2Fcomments&post=7997"}],"version-history":[{"count":2,"href":"https:\/\/www.frauenkulturbuero-nrw.de\/index.php?rest_route=\/wp\/v2\/pages\/7997\/revisions"}],"predecessor-version":[{"id":20790,"href":"https:\/\/www.frauenkulturbuero-nrw.de\/index.php?rest_route=\/wp\/v2\/pages\/7997\/revisions\/20790"}],"up":[{"embeddable":true,"href":"https:\/\/www.frauenkulturbuero-nrw.de\/index.php?rest_route=\/wp\/v2\/pages\/2684"}],"wp:attachment":[{"href":"https:\/\/www.frauenkulturbuero-nrw.de\/index.php?rest_route=%2Fwp%2Fv2%2Fmedia&parent=7997"}],"curies":[{"name":"wp","href":"https:\/\/api.w.org\/{rel}","templated":true}]}}