{"id":8805,"date":"2017-11-18T12:21:45","date_gmt":"2017-11-18T12:21:45","guid":{"rendered":"http:\/\/www.frauenkulturbuero-nrw.de\/?page_id=8805"},"modified":"2026-03-31T17:55:45","modified_gmt":"2026-03-31T17:55:45","slug":"ohne-worte-zur-situation-gefluechteter-autorinnen","status":"publish","type":"page","link":"https:\/\/www.frauenkulturbuero-nrw.de\/?page_id=8805","title":{"rendered":"REFUGEES LYRICS"},"content":{"rendered":"<h1>\u201eOhne Worte? &#8211; Mit anderen Worten&#8220; &#8211; Lesungen mit gefl\u00fcchteten Autorinnen<\/h1>\n<hr \/>\n<p><img fetchpriority=\"high\" decoding=\"async\" class=\"size-medium wp-image-10325 alignleft\" title=\"Ohne Worte_Titelseitze_3D-breit\" src=\"https:\/\/www.frauenkulturbuero-nrw.de\/wp-content\/uploads\/Ohne-Worte_Titelseitze_3D-breit-400x267.jpg\" alt=\"\" width=\"400\" height=\"267\" srcset=\"https:\/\/www.frauenkulturbuero-nrw.de\/wp-content\/uploads\/Ohne-Worte_Titelseitze_3D-breit-400x267.jpg 400w, https:\/\/www.frauenkulturbuero-nrw.de\/wp-content\/uploads\/Ohne-Worte_Titelseitze_3D-breit-768x512.jpg 768w, https:\/\/www.frauenkulturbuero-nrw.de\/wp-content\/uploads\/Ohne-Worte_Titelseitze_3D-breit-700x466.jpg 700w, https:\/\/www.frauenkulturbuero-nrw.de\/wp-content\/uploads\/Ohne-Worte_Titelseitze_3D-breit-250x167.jpg 250w, https:\/\/www.frauenkulturbuero-nrw.de\/wp-content\/uploads\/Ohne-Worte_Titelseitze_3D-breit-390x260.jpg 390w, https:\/\/www.frauenkulturbuero-nrw.de\/wp-content\/uploads\/Ohne-Worte_Titelseitze_3D-breit.jpg 854w\" sizes=\"(max-width: 400px) 100vw, 400px\" \/>Auf Einladung des Frauenkulturb\u00fcros NRW und des Literaturhauses K\u00f6ln trafen sich Expert*innen und gefl\u00fcchtete Autorinnen aus dem arabischen Sprachraum im November 2016 zu einem fachlichen Austausch, u.a. um herauszufinden, was mit Autorinnen geschieht, die gezwungen waren, ihr Heimatland zu verlassen.\u00a0Das Ergebnis dieses Symposiums ist in der Publikation festgehalten.<\/p>\n<p style=\"text-align: left;\">Die kleine Prosa- und Lyriksammlung der beteiligten Autorinnen\u00a0Najet Adouani, Rasha Habbal,\u00a0Widad Nabi,\u00a0Lina Atfah,\u00a0Widad Salloum\u00a0und\u00a0Khawla Dunia inclusive einer Dokumentation des Symposiums liegt seit Oktober 2017 vor.\u00a0Die Organisatorin\u00a0Rita Thies\u00a0und die Journalistin und \u00dcbersetzerin\u00a0Larissa Bender\u00a0stellen die Autorinnen vor.<\/p>\n<p>Das Buch ist zum Preis von 5 \u20ac beim Frauenkulturb\u00fcro NRW zu beziehen.<\/p>\n<p><strong>Weitere Lesungen k\u00f6nnen \u00fcber das Frauenkulturb\u00fcro kommuniziert werden, die Kosten m\u00fcssen von den Veranstalter*innen \u00fcbernommen werden.<br \/>\nIhre Ansprechpartnerin ist Ursula Thei\u00dfen info @ frauenkulturbuero-nrw.de<\/strong><\/p>\n<hr \/>\n<h2>Najet Adouani, Rasha Habbal,\u00a0Widad Nabi,\u00a0Lina Atfah,\u00a0Widad Salloum\u00a0und\u00a0Khawla Dunia im Literaturhaus K\u00f6ln und im Niederrheinischen Literaturhaus Krefeld<\/h2>\n\n\t\t<style type=\"text\/css\">\n\t\t\t#gallery-1 {\n\t\t\t\tmargin: auto;\n\t\t\t}\n\t\t\t#gallery-1 .gallery-item {\n\t\t\t\tfloat: left;\n\t\t\t\tmargin-top: 10px;\n\t\t\t\ttext-align: center;\n\t\t\t\twidth: 20%;\n\t\t\t}\n\t\t\t#gallery-1 img {\n\t\t\t\tborder: 2px solid #cfcfcf;\n\t\t\t}\n\t\t\t#gallery-1 .gallery-caption {\n\t\t\t\tmargin-left: 0;\n\t\t\t}\n\t\t\t\/* see gallery_shortcode() in wp-includes\/media.php *\/\n\t\t<\/style>\n\t\t<div id='gallery-1' class='gallery galleryid-8805 gallery-columns-5 gallery-size-thumbnail'><dl class='gallery-item'>\n\t\t\t<dt class='gallery-icon landscape'>\n\t\t\t\t<a href='https:\/\/www.frauenkulturbuero-nrw.de\/wp-content\/uploads\/DSC_3250-scaled.jpg'><img decoding=\"async\" width=\"190\" height=\"190\" src=\"https:\/\/www.frauenkulturbuero-nrw.de\/wp-content\/uploads\/DSC_3250-190x190.jpg\" class=\"attachment-thumbnail size-thumbnail\" alt=\"\" \/><\/a>\n\t\t\t<\/dt><\/dl><dl class='gallery-item'>\n\t\t\t<dt class='gallery-icon landscape'>\n\t\t\t\t<a href='https:\/\/www.frauenkulturbuero-nrw.de\/wp-content\/uploads\/DSC_3268-scaled.jpg'><img decoding=\"async\" width=\"190\" height=\"190\" src=\"https:\/\/www.frauenkulturbuero-nrw.de\/wp-content\/uploads\/DSC_3268-190x190.jpg\" class=\"attachment-thumbnail size-thumbnail\" alt=\"\" \/><\/a>\n\t\t\t<\/dt><\/dl><dl class='gallery-item'>\n\t\t\t<dt class='gallery-icon landscape'>\n\t\t\t\t<a href='https:\/\/www.frauenkulturbuero-nrw.de\/wp-content\/uploads\/DSC_3284-scaled.jpg'><img loading=\"lazy\" decoding=\"async\" width=\"190\" height=\"190\" src=\"https:\/\/www.frauenkulturbuero-nrw.de\/wp-content\/uploads\/DSC_3284-190x190.jpg\" class=\"attachment-thumbnail size-thumbnail\" alt=\"\" \/><\/a>\n\t\t\t<\/dt><\/dl><dl class='gallery-item'>\n\t\t\t<dt class='gallery-icon landscape'>\n\t\t\t\t<a href='https:\/\/www.frauenkulturbuero-nrw.de\/wp-content\/uploads\/DSC_3261-scaled.jpg'><img loading=\"lazy\" decoding=\"async\" width=\"190\" height=\"190\" src=\"https:\/\/www.frauenkulturbuero-nrw.de\/wp-content\/uploads\/DSC_3261-190x190.jpg\" class=\"attachment-thumbnail size-thumbnail\" alt=\"\" \/><\/a>\n\t\t\t<\/dt><\/dl><dl class='gallery-item'>\n\t\t\t<dt class='gallery-icon landscape'>\n\t\t\t\t<a href='https:\/\/www.frauenkulturbuero-nrw.de\/wp-content\/uploads\/DSC_3264-scaled.jpg'><img loading=\"lazy\" decoding=\"async\" width=\"190\" height=\"190\" src=\"https:\/\/www.frauenkulturbuero-nrw.de\/wp-content\/uploads\/DSC_3264-190x190.jpg\" class=\"attachment-thumbnail size-thumbnail\" alt=\"\" \/><\/a>\n\t\t\t<\/dt><\/dl><br style=\"clear: both\" \/><dl class='gallery-item'>\n\t\t\t<dt class='gallery-icon landscape'>\n\t\t\t\t<a href='https:\/\/www.frauenkulturbuero-nrw.de\/wp-content\/uploads\/DSC_3267-scaled.jpg'><img loading=\"lazy\" decoding=\"async\" width=\"190\" height=\"190\" src=\"https:\/\/www.frauenkulturbuero-nrw.de\/wp-content\/uploads\/DSC_3267-190x190.jpg\" class=\"attachment-thumbnail size-thumbnail\" alt=\"\" \/><\/a>\n\t\t\t<\/dt><\/dl><dl class='gallery-item'>\n\t\t\t<dt class='gallery-icon landscape'>\n\t\t\t\t<a href='https:\/\/www.frauenkulturbuero-nrw.de\/wp-content\/uploads\/DSC_3272-scaled.jpg'><img loading=\"lazy\" decoding=\"async\" width=\"190\" height=\"190\" src=\"https:\/\/www.frauenkulturbuero-nrw.de\/wp-content\/uploads\/DSC_3272-190x190.jpg\" class=\"attachment-thumbnail size-thumbnail\" alt=\"\" \/><\/a>\n\t\t\t<\/dt><\/dl><dl class='gallery-item'>\n\t\t\t<dt class='gallery-icon landscape'>\n\t\t\t\t<a href='https:\/\/www.frauenkulturbuero-nrw.de\/wp-content\/uploads\/DSC_3281-scaled.jpg'><img loading=\"lazy\" decoding=\"async\" width=\"190\" height=\"190\" src=\"https:\/\/www.frauenkulturbuero-nrw.de\/wp-content\/uploads\/DSC_3281-190x190.jpg\" class=\"attachment-thumbnail size-thumbnail\" alt=\"\" \/><\/a>\n\t\t\t<\/dt><\/dl>\n\t\t\t<br style='clear: both' \/>\n\t\t<\/div>\n\n<p>&nbsp;<\/p>\n","protected":false},"excerpt":{"rendered":"<p>\u201eOhne Worte? &#8211; Mit anderen Worten&#8220; &#8211; Lesungen&hellip;<\/p>\n","protected":false},"author":4,"featured_media":10325,"parent":60,"menu_order":88,"comment_status":"closed","ping_status":"closed","template":"","meta":{"footnotes":""},"class_list":["post-8805","page","type-page","status-publish","has-post-thumbnail","hentry"],"_links":{"self":[{"href":"https:\/\/www.frauenkulturbuero-nrw.de\/index.php?rest_route=\/wp\/v2\/pages\/8805","targetHints":{"allow":["GET"]}}],"collection":[{"href":"https:\/\/www.frauenkulturbuero-nrw.de\/index.php?rest_route=\/wp\/v2\/pages"}],"about":[{"href":"https:\/\/www.frauenkulturbuero-nrw.de\/index.php?rest_route=\/wp\/v2\/types\/page"}],"author":[{"embeddable":true,"href":"https:\/\/www.frauenkulturbuero-nrw.de\/index.php?rest_route=\/wp\/v2\/users\/4"}],"replies":[{"embeddable":true,"href":"https:\/\/www.frauenkulturbuero-nrw.de\/index.php?rest_route=%2Fwp%2Fv2%2Fcomments&post=8805"}],"version-history":[{"count":5,"href":"https:\/\/www.frauenkulturbuero-nrw.de\/index.php?rest_route=\/wp\/v2\/pages\/8805\/revisions"}],"predecessor-version":[{"id":21222,"href":"https:\/\/www.frauenkulturbuero-nrw.de\/index.php?rest_route=\/wp\/v2\/pages\/8805\/revisions\/21222"}],"up":[{"embeddable":true,"href":"https:\/\/www.frauenkulturbuero-nrw.de\/index.php?rest_route=\/wp\/v2\/pages\/60"}],"wp:featuredmedia":[{"embeddable":true,"href":"https:\/\/www.frauenkulturbuero-nrw.de\/index.php?rest_route=\/wp\/v2\/media\/10325"}],"wp:attachment":[{"href":"https:\/\/www.frauenkulturbuero-nrw.de\/index.php?rest_route=%2Fwp%2Fv2%2Fmedia&parent=8805"}],"curies":[{"name":"wp","href":"https:\/\/api.w.org\/{rel}","templated":true}]}}